{"id":1023,"date":"2023-02-25T09:59:33","date_gmt":"2023-02-25T06:59:33","guid":{"rendered":"https:\/\/www.fizmer.com\/?page_id=1023"},"modified":"2025-02-20T16:38:19","modified_gmt":"2025-02-20T13:38:19","slug":"mezoterapi","status":"publish","type":"page","link":"https:\/\/fizmerlazer.com\/en\/hizmetler\/cilt-genclestirme-tedavileri\/mezoterapi\/","title":{"rendered":"MESOTHERAPY"},"content":{"rendered":"<p>[vc_row][vc_column width=&#8221;1\/2&#8243;][vc_column_text]<strong>What is Mesotherapy?<\/strong><\/p>\n<p>Mesotherapy is a technique in which vitamins, minerals, amino acids, and enzymes are injected into the middle layer of the skin, usually in combination, through microinjections. The substances to be injected are selected based on the individual and their needs.<\/p>\n<p><strong>In Which Cases is Mesotherapy Applied?<\/strong><\/p>\n<p>Mesotherapy can be applied in a wide variety of situations. The most common cases include:<\/p>\n<ul>\n<li>Skin aging and sagging<\/li>\n<li>Treatment of spots, sunspots<\/li>\n<li>Skin stretch marks<\/li>\n<li>Cellulite<\/li>\n<li>Weight loss<\/li>\n<li>Hair loss, hair treatment, baldness<\/li>\n<li>Under-eye bags and dark circles<\/li>\n<li>Allergies<\/li>\n<li>Sports injuries<\/li>\n<li>Vitiligo (lack of pigment in the skin)<\/li>\n<li>Acute and chronic pain<\/li>\n<li>Fibromyalgia (a soft tissue condition that causes fatigue, muscle pain, and sleep disturbances)<\/li>\n<\/ul>\n<p><strong>When Should Mesotherapy Not Be Applied or Be Avoided?<\/strong><\/p>\n<p>It is recommended to avoid mesotherapy in the following cases:<\/p>\n<ul>\n<li>Pregnant women<\/li>\n<li>Breastfeeding mothers<\/li>\n<li>Those with a history of stroke<\/li>\n<li>Patients with insulin-dependent diabetes mellitus<\/li>\n<li>Cancer patients<\/li>\n<li>People with blood clotting issues<\/li>\n<li>Individuals at risk of allergic reactions to the substances used<\/li>\n<li>Urticaria (hives) patients<\/li>\n<li>Those with heart conditions requiring multiple medications<\/li>\n<\/ul>\n<p><strong>What Are the Features of Mesotherapy?<\/strong><\/p>\n<p>In mesotherapy, small amounts of medication are directly injected into the problem area via microinjections. This addresses the issue locally without creating a systemic effect, thus maximizing the benefit of the treatment.<\/p>\n<p><strong>What Are the Side Effects of Mesotherapy?<\/strong><\/p>\n<p>Temporary redness and bruising may occur at the injection site. These are not problematic as the substances used do not enter systemic circulation, and the side effects typically resolve within 1-2 days.<\/p>\n<p><strong>When Does Mesotherapy Start Showing Results?<\/strong><\/p>\n<p>The response to treatment depends on the severity of the problem, the individual&#8217;s age, and their skin type. Results generally begin to appear after the 2nd or 3rd session.<\/p>\n<p><strong>What Should Be Considered After Mesotherapy?<\/strong><\/p>\n<p>Before and after mesotherapy sessions, blood-thinning medications such as aspirin should not be used. The treated area should not be exposed to water for about 10-15 hours after the session. Tight clothing like jeans or fitted pants should be avoided. Additionally, intense physical activity, bathing, and makeup should be avoided for 48 hours after the session.[\/vc_column_text][\/vc_column][vc_column width=&#8221;1\/2&#8243;][vc_column_text]<img decoding=\"async\" class=\"alignnone wp-image-1024 size-full\" src=\"https:\/\/www.fizmer.com\/wp-content\/uploads\/2023\/02\/b97610ac-80a2-44f2-a852-bc632566a6e9_large.jpg\" alt=\"\" width=\"263\" height=\"192\" \/>[\/vc_column_text][vc_button title=&#8221;Contact us for detailed information&#8221; color=&#8221;primary&#8221; size=&#8221;large&#8221; position=&#8221;center&#8221; link=&#8221;url:http%3A%2F%2Fwww.fizmer.com%2Filetisim%2F|||&#8221; el_class=&#8221;bilgi&#8221;][\/vc_column][\/vc_row]<\/p>","protected":false},"excerpt":{"rendered":"<p>[vc_row][vc_column width=&#8221;1\/2&#8243;][vc_column_text]What is Mesotherapy? Mesotherapy is a technique in which vitamins, minerals, amino acids, and enzymes are injected into the middle &#8230;<\/p>\n","protected":false},"author":1,"featured_media":1025,"parent":928,"menu_order":0,"comment_status":"closed","ping_status":"closed","template":"","meta":{"footnotes":""},"class_list":["post-1023","page","type-page","status-publish","has-post-thumbnail","hentry"],"yoast_head":"<!-- This site is optimized with the Yoast SEO plugin v24.5 - https:\/\/yoast.com\/wordpress\/plugins\/seo\/ -->\n<title>MESOTHERAPY - Bursa lazer epilasyon merkezi, bursa botoks, bursa alt\u0131n i\u011fne, bursa gen\u00e7lik a\u015f\u0131s\u0131<\/title>\n<meta name=\"description\" content=\"CO2 Fraksiyonel Lazer\" \/>\n<meta name=\"robots\" content=\"index, follow, max-snippet:-1, max-image-preview:large, max-video-preview:-1\" \/>\n<link rel=\"canonical\" href=\"https:\/\/fizmerlazer.com\/hizmetler\/cilt-genclestirme-tedavileri\/mezoterapi\/\" \/>\n<meta property=\"og:locale\" content=\"en_US\" \/>\n<meta property=\"og:type\" content=\"article\" \/>\n<meta property=\"og:title\" content=\"[:tr]MEZOTERAP\u0130[:en]MESOTHERAPY[:] - Bursa lazer epilasyon merkezi, bursa botoks, bursa alt\u0131n i\u011fne, bursa gen\u00e7lik a\u015f\u0131s\u0131\" \/>\n<meta property=\"og:description\" content=\"CO2 Fraksiyonel Lazer\" \/>\n<meta property=\"og:url\" content=\"https:\/\/fizmerlazer.com\/hizmetler\/cilt-genclestirme-tedavileri\/mezoterapi\/\" \/>\n<meta property=\"og:site_name\" content=\"Bursa lazer epilasyon merkezi, bursa botoks, bursa alt\u0131n i\u011fne, bursa gen\u00e7lik a\u015f\u0131s\u0131\" \/>\n<meta property=\"article:modified_time\" content=\"2025-02-20T13:38:19+00:00\" \/>\n<meta property=\"og:image\" content=\"https:\/\/fizmerlazer.com\/wp-content\/uploads\/2023\/02\/bursa-mezo-terapi.jpg\" \/>\n\t<meta property=\"og:image:width\" content=\"512\" \/>\n\t<meta property=\"og:image:height\" content=\"477\" \/>\n\t<meta property=\"og:image:type\" content=\"image\/jpeg\" \/>\n<meta name=\"twitter:card\" content=\"summary_large_image\" \/>\n<meta name=\"twitter:label1\" content=\"Est. reading time\" \/>\n\t<meta name=\"twitter:data1\" content=\"3 minutes\" \/>\n<script type=\"application\/ld+json\" class=\"yoast-schema-graph\">{\"@context\":\"https:\/\/schema.org\",\"@graph\":[{\"@type\":\"WebPage\",\"@id\":\"https:\/\/fizmerlazer.com\/hizmetler\/cilt-genclestirme-tedavileri\/mezoterapi\/\",\"url\":\"https:\/\/fizmerlazer.com\/hizmetler\/cilt-genclestirme-tedavileri\/mezoterapi\/\",\"name\":\"[:tr]MEZOTERAP\u0130[:en]MESOTHERAPY[:] - Bursa lazer epilasyon merkezi, bursa botoks, bursa alt\u0131n i\u011fne, bursa gen\u00e7lik a\u015f\u0131s\u0131\",\"isPartOf\":{\"@id\":\"https:\/\/fizmerlazer.com\/#website\"},\"primaryImageOfPage\":{\"@id\":\"https:\/\/fizmerlazer.com\/hizmetler\/cilt-genclestirme-tedavileri\/mezoterapi\/#primaryimage\"},\"image\":{\"@id\":\"https:\/\/fizmerlazer.com\/hizmetler\/cilt-genclestirme-tedavileri\/mezoterapi\/#primaryimage\"},\"thumbnailUrl\":\"https:\/\/fizmerlazer.com\/wp-content\/uploads\/2023\/02\/bursa-mezo-terapi.jpg\",\"datePublished\":\"2023-02-25T06:59:33+00:00\",\"dateModified\":\"2025-02-20T13:38:19+00:00\",\"description\":\"CO2 Fraksiyonel Lazer\",\"breadcrumb\":{\"@id\":\"https:\/\/fizmerlazer.com\/hizmetler\/cilt-genclestirme-tedavileri\/mezoterapi\/#breadcrumb\"},\"inLanguage\":\"en-US\",\"potentialAction\":[{\"@type\":\"ReadAction\",\"target\":[\"https:\/\/fizmerlazer.com\/hizmetler\/cilt-genclestirme-tedavileri\/mezoterapi\/\"]}]},{\"@type\":\"ImageObject\",\"inLanguage\":\"en-US\",\"@id\":\"https:\/\/fizmerlazer.com\/hizmetler\/cilt-genclestirme-tedavileri\/mezoterapi\/#primaryimage\",\"url\":\"https:\/\/fizmerlazer.com\/wp-content\/uploads\/2023\/02\/bursa-mezo-terapi.jpg\",\"contentUrl\":\"https:\/\/fizmerlazer.com\/wp-content\/uploads\/2023\/02\/bursa-mezo-terapi.jpg\",\"width\":512,\"height\":477},{\"@type\":\"BreadcrumbList\",\"@id\":\"https:\/\/fizmerlazer.com\/hizmetler\/cilt-genclestirme-tedavileri\/mezoterapi\/#breadcrumb\",\"itemListElement\":[{\"@type\":\"ListItem\",\"position\":1,\"name\":\"Anasayfa\",\"item\":\"https:\/\/fizmerlazer.com\/\"},{\"@type\":\"ListItem\",\"position\":2,\"name\":\"Hizmetlerimiz\",\"item\":\"https:\/\/fizmerlazer.com\/hizmetler\/\"},{\"@type\":\"ListItem\",\"position\":3,\"name\":\"Cilt Gen\u00e7le\u015ftirme Tedavileri\",\"item\":\"https:\/\/fizmerlazer.com\/hizmetler\/cilt-genclestirme-tedavileri\/\"},{\"@type\":\"ListItem\",\"position\":4,\"name\":\"MEZOTERAP\u0130\"}]},{\"@type\":\"WebSite\",\"@id\":\"https:\/\/fizmerlazer.com\/#website\",\"url\":\"https:\/\/fizmerlazer.com\/\",\"name\":\"Bursa lazer epilasyon merkezi, bursa botoks, bursa alt\u0131n i\u011fne, bursa gen\u00e7lik a\u015f\u0131s\u0131\",\"description\":\"Bursa Lazer Epilasyon Merkezi\",\"potentialAction\":[{\"@type\":\"SearchAction\",\"target\":{\"@type\":\"EntryPoint\",\"urlTemplate\":\"https:\/\/fizmerlazer.com\/?s={search_term_string}\"},\"query-input\":{\"@type\":\"PropertyValueSpecification\",\"valueRequired\":true,\"valueName\":\"search_term_string\"}}],\"inLanguage\":\"en-US\"}]}<\/script>\n<!-- \/ Yoast SEO plugin. -->","yoast_head_json":{"title":"[:tr]MEZOTERAP\u0130[:en]MESOTHERAPY[:] - Bursa lazer epilasyon merkezi, bursa botoks, bursa alt\u0131n i\u011fne, bursa gen\u00e7lik a\u015f\u0131s\u0131","description":"CO2 Fraksiyonel Lazer","robots":{"index":"index","follow":"follow","max-snippet":"max-snippet:-1","max-image-preview":"max-image-preview:large","max-video-preview":"max-video-preview:-1"},"canonical":"https:\/\/fizmerlazer.com\/hizmetler\/cilt-genclestirme-tedavileri\/mezoterapi\/","og_locale":"en_US","og_type":"article","og_title":"[:tr]MEZOTERAP\u0130[:en]MESOTHERAPY[:] - Bursa lazer epilasyon merkezi, bursa botoks, bursa alt\u0131n i\u011fne, bursa gen\u00e7lik a\u015f\u0131s\u0131","og_description":"CO2 Fraksiyonel Lazer","og_url":"https:\/\/fizmerlazer.com\/hizmetler\/cilt-genclestirme-tedavileri\/mezoterapi\/","og_site_name":"Bursa lazer epilasyon merkezi, bursa botoks, bursa alt\u0131n i\u011fne, bursa gen\u00e7lik a\u015f\u0131s\u0131","article_modified_time":"2025-02-20T13:38:19+00:00","og_image":[{"width":512,"height":477,"url":"https:\/\/fizmerlazer.com\/wp-content\/uploads\/2023\/02\/bursa-mezo-terapi.jpg","type":"image\/jpeg"}],"twitter_card":"summary_large_image","twitter_misc":{"Est. reading time":"3 minutes"},"schema":{"@context":"https:\/\/schema.org","@graph":[{"@type":"WebPage","@id":"https:\/\/fizmerlazer.com\/hizmetler\/cilt-genclestirme-tedavileri\/mezoterapi\/","url":"https:\/\/fizmerlazer.com\/hizmetler\/cilt-genclestirme-tedavileri\/mezoterapi\/","name":"[:tr]MEZOTERAP\u0130[:en]MESOTHERAPY[:] - Bursa lazer epilasyon merkezi, bursa botoks, bursa alt\u0131n i\u011fne, bursa gen\u00e7lik a\u015f\u0131s\u0131","isPartOf":{"@id":"https:\/\/fizmerlazer.com\/#website"},"primaryImageOfPage":{"@id":"https:\/\/fizmerlazer.com\/hizmetler\/cilt-genclestirme-tedavileri\/mezoterapi\/#primaryimage"},"image":{"@id":"https:\/\/fizmerlazer.com\/hizmetler\/cilt-genclestirme-tedavileri\/mezoterapi\/#primaryimage"},"thumbnailUrl":"https:\/\/fizmerlazer.com\/wp-content\/uploads\/2023\/02\/bursa-mezo-terapi.jpg","datePublished":"2023-02-25T06:59:33+00:00","dateModified":"2025-02-20T13:38:19+00:00","description":"CO2 Fraksiyonel Lazer","breadcrumb":{"@id":"https:\/\/fizmerlazer.com\/hizmetler\/cilt-genclestirme-tedavileri\/mezoterapi\/#breadcrumb"},"inLanguage":"en-US","potentialAction":[{"@type":"ReadAction","target":["https:\/\/fizmerlazer.com\/hizmetler\/cilt-genclestirme-tedavileri\/mezoterapi\/"]}]},{"@type":"ImageObject","inLanguage":"en-US","@id":"https:\/\/fizmerlazer.com\/hizmetler\/cilt-genclestirme-tedavileri\/mezoterapi\/#primaryimage","url":"https:\/\/fizmerlazer.com\/wp-content\/uploads\/2023\/02\/bursa-mezo-terapi.jpg","contentUrl":"https:\/\/fizmerlazer.com\/wp-content\/uploads\/2023\/02\/bursa-mezo-terapi.jpg","width":512,"height":477},{"@type":"BreadcrumbList","@id":"https:\/\/fizmerlazer.com\/hizmetler\/cilt-genclestirme-tedavileri\/mezoterapi\/#breadcrumb","itemListElement":[{"@type":"ListItem","position":1,"name":"Anasayfa","item":"https:\/\/fizmerlazer.com\/"},{"@type":"ListItem","position":2,"name":"Hizmetlerimiz","item":"https:\/\/fizmerlazer.com\/hizmetler\/"},{"@type":"ListItem","position":3,"name":"Cilt Gen\u00e7le\u015ftirme Tedavileri","item":"https:\/\/fizmerlazer.com\/hizmetler\/cilt-genclestirme-tedavileri\/"},{"@type":"ListItem","position":4,"name":"MEZOTERAP\u0130"}]},{"@type":"WebSite","@id":"https:\/\/fizmerlazer.com\/#website","url":"https:\/\/fizmerlazer.com\/","name":"Bursa lazer epilasyon merkezi, bursa botoks, bursa alt\u0131n i\u011fne, bursa gen\u00e7lik a\u015f\u0131s\u0131","description":"Bursa Lazer Epilasyon Merkezi","potentialAction":[{"@type":"SearchAction","target":{"@type":"EntryPoint","urlTemplate":"https:\/\/fizmerlazer.com\/?s={search_term_string}"},"query-input":{"@type":"PropertyValueSpecification","valueRequired":true,"valueName":"search_term_string"}}],"inLanguage":"en-US"}]}},"_links":{"self":[{"href":"https:\/\/fizmerlazer.com\/en\/wp-json\/wp\/v2\/pages\/1023","targetHints":{"allow":["GET"]}}],"collection":[{"href":"https:\/\/fizmerlazer.com\/en\/wp-json\/wp\/v2\/pages"}],"about":[{"href":"https:\/\/fizmerlazer.com\/en\/wp-json\/wp\/v2\/types\/page"}],"author":[{"embeddable":true,"href":"https:\/\/fizmerlazer.com\/en\/wp-json\/wp\/v2\/users\/1"}],"replies":[{"embeddable":true,"href":"https:\/\/fizmerlazer.com\/en\/wp-json\/wp\/v2\/comments?post=1023"}],"version-history":[{"count":0,"href":"https:\/\/fizmerlazer.com\/en\/wp-json\/wp\/v2\/pages\/1023\/revisions"}],"up":[{"embeddable":true,"href":"https:\/\/fizmerlazer.com\/en\/wp-json\/wp\/v2\/pages\/928"}],"wp:featuredmedia":[{"embeddable":true,"href":"https:\/\/fizmerlazer.com\/en\/wp-json\/wp\/v2\/media\/1025"}],"wp:attachment":[{"href":"https:\/\/fizmerlazer.com\/en\/wp-json\/wp\/v2\/media?parent=1023"}],"curies":[{"name":"wp","href":"https:\/\/api.w.org\/{rel}","templated":true}]}}