{"id":1028,"date":"2023-02-25T13:48:02","date_gmt":"2023-02-25T10:48:02","guid":{"rendered":"https:\/\/www.fizmer.com\/?page_id=1028"},"modified":"2024-10-15T22:45:22","modified_gmt":"2024-10-15T19:45:22","slug":"gozalti-morluklari-torbalanma","status":"publish","type":"page","link":"https:\/\/fizmerlazer.com\/en\/hizmetler\/cilt-genclestirme-tedavileri\/gozalti-morluklari-torbalanma\/","title":{"rendered":"DARK CIRCLES UNDER THE EYES \/ BAGGING"},"content":{"rendered":"<p>[vc_row][vc_column width=&#8221;1\/2&#8243;][vc_column_text]How Does Emerge Laser Work?<\/p>\n<p>Unlike other laser systems, Emerge does not cause tissue loss on the surface of the skin as a non-ablative technology is used. With its special wavelength and safe technology, Emerge laser is the only skin resurfacing device in the world with FDA approval in eye contour applications.<\/p>\n<p>Recovery Time and Application Session<\/p>\n<p>After the Emerge laser application, the recovery time of the skin heals between 1 and 3 days. 24 hours later, the person can return to normal life. Laser application can be performed between 3 &#8211; 6 sessions. It is foreseen to be applied 1 per week.<\/p>\n<p>Am I Suitable for Laser Skin Regeneration. How Can I Find Out?<\/p>\n<p>Skin renewal with Emerge can be applied to many different skin types, even very light or very dark skin. Different resurfacing options reduce wrinkles and correct many other skin imperfections. Consult your doctor for treatment options.[\/vc_column_text][\/vc_column][vc_column width=&#8221;1\/2&#8243;][vc_column_text]<img decoding=\"async\" class=\"alignnone wp-image-1035 size-full\" src=\"https:\/\/www.fizmer.com\/wp-content\/uploads\/2023\/02\/9051b608-0767-4d82-beb5-2dabd87925dc_large.jpg\" alt=\"\" width=\"208\" height=\"242\" \/>[\/vc_column_text][vc_button title=&#8221;Contact us for detailed information&#8221; color=&#8221;primary&#8221; size=&#8221;large&#8221; position=&#8221;center&#8221; link=&#8221;url:http%3A%2F%2Fwww.fizmer.com%2Filetisim%2F|||&#8221; el_class=&#8221;bilgi&#8221;][\/vc_column][\/vc_row]<\/p>","protected":false},"excerpt":{"rendered":"<p>[vc_row][vc_column width=&#8221;1\/2&#8243;][vc_column_text]How Does Emerge Laser Work? Unlike other laser systems, Emerge does not cause tissue loss on the surface of the &#8230;<\/p>\n","protected":false},"author":1,"featured_media":1036,"parent":928,"menu_order":0,"comment_status":"closed","ping_status":"closed","template":"","meta":{"footnotes":""},"class_list":["post-1028","page","type-page","status-publish","has-post-thumbnail","hentry"],"yoast_head":"<!-- This site is optimized with the Yoast SEO plugin v24.5 - https:\/\/yoast.com\/wordpress\/plugins\/seo\/ -->\n<title>DARK CIRCLES UNDER THE EYES \/ BAGGING - Bursa lazer epilasyon merkezi, bursa botoks, bursa alt\u0131n i\u011fne, bursa gen\u00e7lik a\u015f\u0131s\u0131<\/title>\n<meta name=\"description\" content=\"CO2 Fraksiyonel Lazer\" \/>\n<meta name=\"robots\" content=\"index, follow, max-snippet:-1, max-image-preview:large, max-video-preview:-1\" \/>\n<link rel=\"canonical\" href=\"https:\/\/fizmerlazer.com\/hizmetler\/cilt-genclestirme-tedavileri\/gozalti-morluklari-torbalanma\/\" \/>\n<meta property=\"og:locale\" content=\"en_US\" \/>\n<meta property=\"og:type\" content=\"article\" \/>\n<meta property=\"og:title\" content=\"[:tr]G\u00d6ZALTI MORLUKLARI \/ TORBALANMA[:en]DARK CIRCLES UNDER THE EYES \/ BAGGING[:] - Bursa lazer epilasyon merkezi, bursa botoks, bursa alt\u0131n i\u011fne, bursa gen\u00e7lik a\u015f\u0131s\u0131\" \/>\n<meta property=\"og:description\" content=\"CO2 Fraksiyonel Lazer\" \/>\n<meta property=\"og:url\" content=\"https:\/\/fizmerlazer.com\/hizmetler\/cilt-genclestirme-tedavileri\/gozalti-morluklari-torbalanma\/\" \/>\n<meta property=\"og:site_name\" content=\"Bursa lazer epilasyon merkezi, bursa botoks, bursa alt\u0131n i\u011fne, bursa gen\u00e7lik a\u015f\u0131s\u0131\" \/>\n<meta property=\"article:modified_time\" content=\"2024-10-15T19:45:22+00:00\" \/>\n<meta property=\"og:image\" content=\"https:\/\/fizmerlazer.com\/wp-content\/uploads\/2023\/02\/bursa_goz_kapagi_sarkma.jpg\" \/>\n\t<meta property=\"og:image:width\" content=\"512\" \/>\n\t<meta property=\"og:image:height\" content=\"477\" \/>\n\t<meta property=\"og:image:type\" content=\"image\/jpeg\" \/>\n<meta name=\"twitter:card\" content=\"summary_large_image\" \/>\n<meta name=\"twitter:label1\" content=\"Est. reading time\" \/>\n\t<meta name=\"twitter:data1\" content=\"2 minutes\" \/>\n<script type=\"application\/ld+json\" class=\"yoast-schema-graph\">{\"@context\":\"https:\/\/schema.org\",\"@graph\":[{\"@type\":\"WebPage\",\"@id\":\"https:\/\/fizmerlazer.com\/hizmetler\/cilt-genclestirme-tedavileri\/gozalti-morluklari-torbalanma\/\",\"url\":\"https:\/\/fizmerlazer.com\/hizmetler\/cilt-genclestirme-tedavileri\/gozalti-morluklari-torbalanma\/\",\"name\":\"[:tr]G\u00d6ZALTI MORLUKLARI \/ TORBALANMA[:en]DARK CIRCLES UNDER THE EYES \/ BAGGING[:] - Bursa lazer epilasyon merkezi, bursa botoks, bursa alt\u0131n i\u011fne, bursa gen\u00e7lik a\u015f\u0131s\u0131\",\"isPartOf\":{\"@id\":\"https:\/\/fizmerlazer.com\/#website\"},\"primaryImageOfPage\":{\"@id\":\"https:\/\/fizmerlazer.com\/hizmetler\/cilt-genclestirme-tedavileri\/gozalti-morluklari-torbalanma\/#primaryimage\"},\"image\":{\"@id\":\"https:\/\/fizmerlazer.com\/hizmetler\/cilt-genclestirme-tedavileri\/gozalti-morluklari-torbalanma\/#primaryimage\"},\"thumbnailUrl\":\"https:\/\/fizmerlazer.com\/wp-content\/uploads\/2023\/02\/bursa_goz_kapagi_sarkma.jpg\",\"datePublished\":\"2023-02-25T10:48:02+00:00\",\"dateModified\":\"2024-10-15T19:45:22+00:00\",\"description\":\"CO2 Fraksiyonel Lazer\",\"breadcrumb\":{\"@id\":\"https:\/\/fizmerlazer.com\/hizmetler\/cilt-genclestirme-tedavileri\/gozalti-morluklari-torbalanma\/#breadcrumb\"},\"inLanguage\":\"en-US\",\"potentialAction\":[{\"@type\":\"ReadAction\",\"target\":[\"https:\/\/fizmerlazer.com\/hizmetler\/cilt-genclestirme-tedavileri\/gozalti-morluklari-torbalanma\/\"]}]},{\"@type\":\"ImageObject\",\"inLanguage\":\"en-US\",\"@id\":\"https:\/\/fizmerlazer.com\/hizmetler\/cilt-genclestirme-tedavileri\/gozalti-morluklari-torbalanma\/#primaryimage\",\"url\":\"https:\/\/fizmerlazer.com\/wp-content\/uploads\/2023\/02\/bursa_goz_kapagi_sarkma.jpg\",\"contentUrl\":\"https:\/\/fizmerlazer.com\/wp-content\/uploads\/2023\/02\/bursa_goz_kapagi_sarkma.jpg\",\"width\":512,\"height\":477},{\"@type\":\"BreadcrumbList\",\"@id\":\"https:\/\/fizmerlazer.com\/hizmetler\/cilt-genclestirme-tedavileri\/gozalti-morluklari-torbalanma\/#breadcrumb\",\"itemListElement\":[{\"@type\":\"ListItem\",\"position\":1,\"name\":\"Anasayfa\",\"item\":\"https:\/\/fizmerlazer.com\/\"},{\"@type\":\"ListItem\",\"position\":2,\"name\":\"Hizmetlerimiz\",\"item\":\"https:\/\/fizmerlazer.com\/hizmetler\/\"},{\"@type\":\"ListItem\",\"position\":3,\"name\":\"Cilt Gen\u00e7le\u015ftirme Tedavileri\",\"item\":\"https:\/\/fizmerlazer.com\/hizmetler\/cilt-genclestirme-tedavileri\/\"},{\"@type\":\"ListItem\",\"position\":4,\"name\":\"G\u00d6ZALTI MORLUKLARI \/ TORBALANMA\"}]},{\"@type\":\"WebSite\",\"@id\":\"https:\/\/fizmerlazer.com\/#website\",\"url\":\"https:\/\/fizmerlazer.com\/\",\"name\":\"Bursa lazer epilasyon merkezi, bursa botoks, bursa alt\u0131n i\u011fne, bursa gen\u00e7lik a\u015f\u0131s\u0131\",\"description\":\"Bursa Lazer Epilasyon Merkezi\",\"potentialAction\":[{\"@type\":\"SearchAction\",\"target\":{\"@type\":\"EntryPoint\",\"urlTemplate\":\"https:\/\/fizmerlazer.com\/?s={search_term_string}\"},\"query-input\":{\"@type\":\"PropertyValueSpecification\",\"valueRequired\":true,\"valueName\":\"search_term_string\"}}],\"inLanguage\":\"en-US\"}]}<\/script>\n<!-- \/ Yoast SEO plugin. -->","yoast_head_json":{"title":"[:tr]G\u00d6ZALTI MORLUKLARI \/ TORBALANMA[:en]DARK CIRCLES UNDER THE EYES \/ BAGGING[:] - Bursa lazer epilasyon merkezi, bursa botoks, bursa alt\u0131n i\u011fne, bursa gen\u00e7lik a\u015f\u0131s\u0131","description":"CO2 Fraksiyonel Lazer","robots":{"index":"index","follow":"follow","max-snippet":"max-snippet:-1","max-image-preview":"max-image-preview:large","max-video-preview":"max-video-preview:-1"},"canonical":"https:\/\/fizmerlazer.com\/hizmetler\/cilt-genclestirme-tedavileri\/gozalti-morluklari-torbalanma\/","og_locale":"en_US","og_type":"article","og_title":"[:tr]G\u00d6ZALTI MORLUKLARI \/ TORBALANMA[:en]DARK CIRCLES UNDER THE EYES \/ BAGGING[:] - Bursa lazer epilasyon merkezi, bursa botoks, bursa alt\u0131n i\u011fne, bursa gen\u00e7lik a\u015f\u0131s\u0131","og_description":"CO2 Fraksiyonel Lazer","og_url":"https:\/\/fizmerlazer.com\/hizmetler\/cilt-genclestirme-tedavileri\/gozalti-morluklari-torbalanma\/","og_site_name":"Bursa lazer epilasyon merkezi, bursa botoks, bursa alt\u0131n i\u011fne, bursa gen\u00e7lik a\u015f\u0131s\u0131","article_modified_time":"2024-10-15T19:45:22+00:00","og_image":[{"width":512,"height":477,"url":"https:\/\/fizmerlazer.com\/wp-content\/uploads\/2023\/02\/bursa_goz_kapagi_sarkma.jpg","type":"image\/jpeg"}],"twitter_card":"summary_large_image","twitter_misc":{"Est. reading time":"2 minutes"},"schema":{"@context":"https:\/\/schema.org","@graph":[{"@type":"WebPage","@id":"https:\/\/fizmerlazer.com\/hizmetler\/cilt-genclestirme-tedavileri\/gozalti-morluklari-torbalanma\/","url":"https:\/\/fizmerlazer.com\/hizmetler\/cilt-genclestirme-tedavileri\/gozalti-morluklari-torbalanma\/","name":"[:tr]G\u00d6ZALTI MORLUKLARI \/ TORBALANMA[:en]DARK CIRCLES UNDER THE EYES \/ BAGGING[:] - Bursa lazer epilasyon merkezi, bursa botoks, bursa alt\u0131n i\u011fne, bursa gen\u00e7lik a\u015f\u0131s\u0131","isPartOf":{"@id":"https:\/\/fizmerlazer.com\/#website"},"primaryImageOfPage":{"@id":"https:\/\/fizmerlazer.com\/hizmetler\/cilt-genclestirme-tedavileri\/gozalti-morluklari-torbalanma\/#primaryimage"},"image":{"@id":"https:\/\/fizmerlazer.com\/hizmetler\/cilt-genclestirme-tedavileri\/gozalti-morluklari-torbalanma\/#primaryimage"},"thumbnailUrl":"https:\/\/fizmerlazer.com\/wp-content\/uploads\/2023\/02\/bursa_goz_kapagi_sarkma.jpg","datePublished":"2023-02-25T10:48:02+00:00","dateModified":"2024-10-15T19:45:22+00:00","description":"CO2 Fraksiyonel Lazer","breadcrumb":{"@id":"https:\/\/fizmerlazer.com\/hizmetler\/cilt-genclestirme-tedavileri\/gozalti-morluklari-torbalanma\/#breadcrumb"},"inLanguage":"en-US","potentialAction":[{"@type":"ReadAction","target":["https:\/\/fizmerlazer.com\/hizmetler\/cilt-genclestirme-tedavileri\/gozalti-morluklari-torbalanma\/"]}]},{"@type":"ImageObject","inLanguage":"en-US","@id":"https:\/\/fizmerlazer.com\/hizmetler\/cilt-genclestirme-tedavileri\/gozalti-morluklari-torbalanma\/#primaryimage","url":"https:\/\/fizmerlazer.com\/wp-content\/uploads\/2023\/02\/bursa_goz_kapagi_sarkma.jpg","contentUrl":"https:\/\/fizmerlazer.com\/wp-content\/uploads\/2023\/02\/bursa_goz_kapagi_sarkma.jpg","width":512,"height":477},{"@type":"BreadcrumbList","@id":"https:\/\/fizmerlazer.com\/hizmetler\/cilt-genclestirme-tedavileri\/gozalti-morluklari-torbalanma\/#breadcrumb","itemListElement":[{"@type":"ListItem","position":1,"name":"Anasayfa","item":"https:\/\/fizmerlazer.com\/"},{"@type":"ListItem","position":2,"name":"Hizmetlerimiz","item":"https:\/\/fizmerlazer.com\/hizmetler\/"},{"@type":"ListItem","position":3,"name":"Cilt Gen\u00e7le\u015ftirme Tedavileri","item":"https:\/\/fizmerlazer.com\/hizmetler\/cilt-genclestirme-tedavileri\/"},{"@type":"ListItem","position":4,"name":"G\u00d6ZALTI MORLUKLARI \/ TORBALANMA"}]},{"@type":"WebSite","@id":"https:\/\/fizmerlazer.com\/#website","url":"https:\/\/fizmerlazer.com\/","name":"Bursa lazer epilasyon merkezi, bursa botoks, bursa alt\u0131n i\u011fne, bursa gen\u00e7lik a\u015f\u0131s\u0131","description":"Bursa Lazer Epilasyon Merkezi","potentialAction":[{"@type":"SearchAction","target":{"@type":"EntryPoint","urlTemplate":"https:\/\/fizmerlazer.com\/?s={search_term_string}"},"query-input":{"@type":"PropertyValueSpecification","valueRequired":true,"valueName":"search_term_string"}}],"inLanguage":"en-US"}]}},"_links":{"self":[{"href":"https:\/\/fizmerlazer.com\/en\/wp-json\/wp\/v2\/pages\/1028","targetHints":{"allow":["GET"]}}],"collection":[{"href":"https:\/\/fizmerlazer.com\/en\/wp-json\/wp\/v2\/pages"}],"about":[{"href":"https:\/\/fizmerlazer.com\/en\/wp-json\/wp\/v2\/types\/page"}],"author":[{"embeddable":true,"href":"https:\/\/fizmerlazer.com\/en\/wp-json\/wp\/v2\/users\/1"}],"replies":[{"embeddable":true,"href":"https:\/\/fizmerlazer.com\/en\/wp-json\/wp\/v2\/comments?post=1028"}],"version-history":[{"count":0,"href":"https:\/\/fizmerlazer.com\/en\/wp-json\/wp\/v2\/pages\/1028\/revisions"}],"up":[{"embeddable":true,"href":"https:\/\/fizmerlazer.com\/en\/wp-json\/wp\/v2\/pages\/928"}],"wp:featuredmedia":[{"embeddable":true,"href":"https:\/\/fizmerlazer.com\/en\/wp-json\/wp\/v2\/media\/1036"}],"wp:attachment":[{"href":"https:\/\/fizmerlazer.com\/en\/wp-json\/wp\/v2\/media?parent=1028"}],"curies":[{"name":"wp","href":"https:\/\/api.w.org\/{rel}","templated":true}]}}