{"id":1091,"date":"2023-02-25T22:52:20","date_gmt":"2023-02-25T19:52:20","guid":{"rendered":"https:\/\/www.fizmer.com\/?page_id=1091"},"modified":"2024-10-15T23:32:38","modified_gmt":"2024-10-15T20:32:38","slug":"yanak-elmacik-dolgusu","status":"publish","type":"page","link":"https:\/\/fizmerlazer.com\/en\/hizmetler\/medikal-estetik-uygulamalari\/yanak-elmacik-dolgusu\/","title":{"rendered":"CHEEK FILLER"},"content":{"rendered":"<p>[vc_row][vc_column width=&#8221;1\/2&#8243;][vc_column_text]<\/p>\n<h3><strong>Cheek Filler<\/strong><\/h3>\n<p>Cheek filler is a practical application performed to enhance the fullness and shape of the cheekbone area. This treatment is also used to correct symmetry issues in the face.<\/p>\n<h3><strong>How Is Cheek Filler Applied?<\/strong><\/h3>\n<p>Before the procedure, an anesthetic cream is applied to reduce pain and discomfort. Following this, injections are made at predetermined ratios and measurements to provide contour to the cheeks. The filler material injected into the area creates fullness, providing the desired aesthetic changes to the overall appearance of the face.<\/p>\n<h3><strong>Who Can Get Cheek Filler?<\/strong><\/h3>\n<p>Cheek filler can be applied to anyone, regardless of gender, particularly to those who have hollowness, sagging, or wrinkles in the cheek area.<\/p>\n<h3><strong>How Long Does Cheek Filler Last?<\/strong><\/h3>\n<p>Cheek filler is a temporary medical aesthetic treatment. The longevity of results from hyaluronic acid applications can vary from 6 to 12 months. However, depending on the individual&#8217;s skin type, tissue condition, age, and gender, the effects can last longer.<\/p>\n<h3><strong>Are There Any Side Effects of Cheek Filler?<\/strong><\/h3>\n<p>After the application, there may be slight redness and swelling in the treated area, but these effects are usually temporary and will resolve on their own.[\/vc_column_text][\/vc_column][vc_column width=&#8221;1\/2&#8243;][vc_column_text]<img decoding=\"async\" class=\"alignnone wp-image-1092 size-full\" src=\"https:\/\/www.fizmer.com\/wp-content\/uploads\/2023\/02\/yanak_dolgusu.jpg\" alt=\"\" width=\"585\" height=\"551\" srcset=\"https:\/\/fizmerlazer.com\/wp-content\/uploads\/2023\/02\/yanak_dolgusu.jpg 585w, https:\/\/fizmerlazer.com\/wp-content\/uploads\/2023\/02\/yanak_dolgusu-300x283.jpg 300w\" sizes=\"(max-width: 585px) 100vw, 585px\" \/>[\/vc_column_text][vc_button title=&#8221;Contact us for detailed information&#8221; color=&#8221;primary&#8221; size=&#8221;large&#8221; position=&#8221;center&#8221; link=&#8221;url:http%3A%2F%2Fwww.fizmer.com%2Filetisim%2F|||&#8221; el_class=&#8221;bilgi&#8221;][\/vc_column][\/vc_row]<\/p>","protected":false},"excerpt":{"rendered":"<p>[vc_row][vc_column width=&#8221;1\/2&#8243;][vc_column_text] Cheek Filler Cheek filler is a practical application performed to enhance the fullness and shape of the cheekbone area. &#8230;<\/p>\n","protected":false},"author":1,"featured_media":1094,"parent":1070,"menu_order":0,"comment_status":"closed","ping_status":"closed","template":"","meta":{"footnotes":""},"class_list":["post-1091","page","type-page","status-publish","has-post-thumbnail","hentry"],"yoast_head":"<!-- This site is optimized with the Yoast SEO plugin v24.5 - https:\/\/yoast.com\/wordpress\/plugins\/seo\/ -->\n<title>CHEEK FILLER - Bursa lazer epilasyon merkezi, bursa botoks, bursa alt\u0131n i\u011fne, bursa gen\u00e7lik a\u015f\u0131s\u0131<\/title>\n<meta name=\"description\" content=\"CO2 Fraksiyonel Lazer\" \/>\n<meta name=\"robots\" content=\"index, follow, max-snippet:-1, max-image-preview:large, max-video-preview:-1\" \/>\n<link rel=\"canonical\" href=\"https:\/\/fizmerlazer.com\/hizmetler\/medikal-estetik-uygulamalari\/yanak-elmacik-dolgusu\/\" \/>\n<meta property=\"og:locale\" content=\"en_US\" \/>\n<meta property=\"og:type\" content=\"article\" \/>\n<meta property=\"og:title\" content=\"[:tr]YANAK (ELMACIK) DOLGUSU[:en]CHEEK FILLER[:] - Bursa lazer epilasyon merkezi, bursa botoks, bursa alt\u0131n i\u011fne, bursa gen\u00e7lik a\u015f\u0131s\u0131\" \/>\n<meta property=\"og:description\" content=\"CO2 Fraksiyonel Lazer\" \/>\n<meta property=\"og:url\" content=\"https:\/\/fizmerlazer.com\/hizmetler\/medikal-estetik-uygulamalari\/yanak-elmacik-dolgusu\/\" \/>\n<meta property=\"og:site_name\" content=\"Bursa lazer epilasyon merkezi, bursa botoks, bursa alt\u0131n i\u011fne, bursa gen\u00e7lik a\u015f\u0131s\u0131\" \/>\n<meta property=\"article:modified_time\" content=\"2024-10-15T20:32:38+00:00\" \/>\n<meta property=\"og:image\" content=\"https:\/\/fizmerlazer.com\/wp-content\/uploads\/2023\/02\/yanak_dolgusu_2.jpg\" \/>\n\t<meta property=\"og:image:width\" content=\"512\" \/>\n\t<meta property=\"og:image:height\" content=\"477\" \/>\n\t<meta property=\"og:image:type\" content=\"image\/jpeg\" \/>\n<meta name=\"twitter:card\" content=\"summary_large_image\" \/>\n<meta name=\"twitter:label1\" content=\"Est. reading time\" \/>\n\t<meta name=\"twitter:data1\" content=\"2 minutes\" \/>\n<script type=\"application\/ld+json\" class=\"yoast-schema-graph\">{\"@context\":\"https:\/\/schema.org\",\"@graph\":[{\"@type\":\"WebPage\",\"@id\":\"https:\/\/fizmerlazer.com\/hizmetler\/medikal-estetik-uygulamalari\/yanak-elmacik-dolgusu\/\",\"url\":\"https:\/\/fizmerlazer.com\/hizmetler\/medikal-estetik-uygulamalari\/yanak-elmacik-dolgusu\/\",\"name\":\"[:tr]YANAK (ELMACIK) DOLGUSU[:en]CHEEK FILLER[:] - Bursa lazer epilasyon merkezi, bursa botoks, bursa alt\u0131n i\u011fne, bursa gen\u00e7lik a\u015f\u0131s\u0131\",\"isPartOf\":{\"@id\":\"https:\/\/fizmerlazer.com\/#website\"},\"primaryImageOfPage\":{\"@id\":\"https:\/\/fizmerlazer.com\/hizmetler\/medikal-estetik-uygulamalari\/yanak-elmacik-dolgusu\/#primaryimage\"},\"image\":{\"@id\":\"https:\/\/fizmerlazer.com\/hizmetler\/medikal-estetik-uygulamalari\/yanak-elmacik-dolgusu\/#primaryimage\"},\"thumbnailUrl\":\"https:\/\/fizmerlazer.com\/wp-content\/uploads\/2023\/02\/yanak_dolgusu_2.jpg\",\"datePublished\":\"2023-02-25T19:52:20+00:00\",\"dateModified\":\"2024-10-15T20:32:38+00:00\",\"description\":\"CO2 Fraksiyonel Lazer\",\"breadcrumb\":{\"@id\":\"https:\/\/fizmerlazer.com\/hizmetler\/medikal-estetik-uygulamalari\/yanak-elmacik-dolgusu\/#breadcrumb\"},\"inLanguage\":\"en-US\",\"potentialAction\":[{\"@type\":\"ReadAction\",\"target\":[\"https:\/\/fizmerlazer.com\/hizmetler\/medikal-estetik-uygulamalari\/yanak-elmacik-dolgusu\/\"]}]},{\"@type\":\"ImageObject\",\"inLanguage\":\"en-US\",\"@id\":\"https:\/\/fizmerlazer.com\/hizmetler\/medikal-estetik-uygulamalari\/yanak-elmacik-dolgusu\/#primaryimage\",\"url\":\"https:\/\/fizmerlazer.com\/wp-content\/uploads\/2023\/02\/yanak_dolgusu_2.jpg\",\"contentUrl\":\"https:\/\/fizmerlazer.com\/wp-content\/uploads\/2023\/02\/yanak_dolgusu_2.jpg\",\"width\":512,\"height\":477},{\"@type\":\"BreadcrumbList\",\"@id\":\"https:\/\/fizmerlazer.com\/hizmetler\/medikal-estetik-uygulamalari\/yanak-elmacik-dolgusu\/#breadcrumb\",\"itemListElement\":[{\"@type\":\"ListItem\",\"position\":1,\"name\":\"Anasayfa\",\"item\":\"https:\/\/fizmerlazer.com\/\"},{\"@type\":\"ListItem\",\"position\":2,\"name\":\"Hizmetlerimiz\",\"item\":\"https:\/\/fizmerlazer.com\/hizmetler\/\"},{\"@type\":\"ListItem\",\"position\":3,\"name\":\"Medikal Estetik Uygulamalar\u0131\",\"item\":\"https:\/\/fizmerlazer.com\/hizmetler\/medikal-estetik-uygulamalari\/\"},{\"@type\":\"ListItem\",\"position\":4,\"name\":\"YANAK (ELMACIK) DOLGUSU\"}]},{\"@type\":\"WebSite\",\"@id\":\"https:\/\/fizmerlazer.com\/#website\",\"url\":\"https:\/\/fizmerlazer.com\/\",\"name\":\"Bursa lazer epilasyon merkezi, bursa botoks, bursa alt\u0131n i\u011fne, bursa gen\u00e7lik a\u015f\u0131s\u0131\",\"description\":\"Bursa Lazer Epilasyon Merkezi\",\"potentialAction\":[{\"@type\":\"SearchAction\",\"target\":{\"@type\":\"EntryPoint\",\"urlTemplate\":\"https:\/\/fizmerlazer.com\/?s={search_term_string}\"},\"query-input\":{\"@type\":\"PropertyValueSpecification\",\"valueRequired\":true,\"valueName\":\"search_term_string\"}}],\"inLanguage\":\"en-US\"}]}<\/script>\n<!-- \/ Yoast SEO plugin. -->","yoast_head_json":{"title":"[:tr]YANAK (ELMACIK) DOLGUSU[:en]CHEEK FILLER[:] - Bursa lazer epilasyon merkezi, bursa botoks, bursa alt\u0131n i\u011fne, bursa gen\u00e7lik a\u015f\u0131s\u0131","description":"CO2 Fraksiyonel Lazer","robots":{"index":"index","follow":"follow","max-snippet":"max-snippet:-1","max-image-preview":"max-image-preview:large","max-video-preview":"max-video-preview:-1"},"canonical":"https:\/\/fizmerlazer.com\/hizmetler\/medikal-estetik-uygulamalari\/yanak-elmacik-dolgusu\/","og_locale":"en_US","og_type":"article","og_title":"[:tr]YANAK (ELMACIK) DOLGUSU[:en]CHEEK FILLER[:] - Bursa lazer epilasyon merkezi, bursa botoks, bursa alt\u0131n i\u011fne, bursa gen\u00e7lik a\u015f\u0131s\u0131","og_description":"CO2 Fraksiyonel Lazer","og_url":"https:\/\/fizmerlazer.com\/hizmetler\/medikal-estetik-uygulamalari\/yanak-elmacik-dolgusu\/","og_site_name":"Bursa lazer epilasyon merkezi, bursa botoks, bursa alt\u0131n i\u011fne, bursa gen\u00e7lik a\u015f\u0131s\u0131","article_modified_time":"2024-10-15T20:32:38+00:00","og_image":[{"width":512,"height":477,"url":"https:\/\/fizmerlazer.com\/wp-content\/uploads\/2023\/02\/yanak_dolgusu_2.jpg","type":"image\/jpeg"}],"twitter_card":"summary_large_image","twitter_misc":{"Est. reading time":"2 minutes"},"schema":{"@context":"https:\/\/schema.org","@graph":[{"@type":"WebPage","@id":"https:\/\/fizmerlazer.com\/hizmetler\/medikal-estetik-uygulamalari\/yanak-elmacik-dolgusu\/","url":"https:\/\/fizmerlazer.com\/hizmetler\/medikal-estetik-uygulamalari\/yanak-elmacik-dolgusu\/","name":"[:tr]YANAK (ELMACIK) DOLGUSU[:en]CHEEK FILLER[:] - Bursa lazer epilasyon merkezi, bursa botoks, bursa alt\u0131n i\u011fne, bursa gen\u00e7lik a\u015f\u0131s\u0131","isPartOf":{"@id":"https:\/\/fizmerlazer.com\/#website"},"primaryImageOfPage":{"@id":"https:\/\/fizmerlazer.com\/hizmetler\/medikal-estetik-uygulamalari\/yanak-elmacik-dolgusu\/#primaryimage"},"image":{"@id":"https:\/\/fizmerlazer.com\/hizmetler\/medikal-estetik-uygulamalari\/yanak-elmacik-dolgusu\/#primaryimage"},"thumbnailUrl":"https:\/\/fizmerlazer.com\/wp-content\/uploads\/2023\/02\/yanak_dolgusu_2.jpg","datePublished":"2023-02-25T19:52:20+00:00","dateModified":"2024-10-15T20:32:38+00:00","description":"CO2 Fraksiyonel Lazer","breadcrumb":{"@id":"https:\/\/fizmerlazer.com\/hizmetler\/medikal-estetik-uygulamalari\/yanak-elmacik-dolgusu\/#breadcrumb"},"inLanguage":"en-US","potentialAction":[{"@type":"ReadAction","target":["https:\/\/fizmerlazer.com\/hizmetler\/medikal-estetik-uygulamalari\/yanak-elmacik-dolgusu\/"]}]},{"@type":"ImageObject","inLanguage":"en-US","@id":"https:\/\/fizmerlazer.com\/hizmetler\/medikal-estetik-uygulamalari\/yanak-elmacik-dolgusu\/#primaryimage","url":"https:\/\/fizmerlazer.com\/wp-content\/uploads\/2023\/02\/yanak_dolgusu_2.jpg","contentUrl":"https:\/\/fizmerlazer.com\/wp-content\/uploads\/2023\/02\/yanak_dolgusu_2.jpg","width":512,"height":477},{"@type":"BreadcrumbList","@id":"https:\/\/fizmerlazer.com\/hizmetler\/medikal-estetik-uygulamalari\/yanak-elmacik-dolgusu\/#breadcrumb","itemListElement":[{"@type":"ListItem","position":1,"name":"Anasayfa","item":"https:\/\/fizmerlazer.com\/"},{"@type":"ListItem","position":2,"name":"Hizmetlerimiz","item":"https:\/\/fizmerlazer.com\/hizmetler\/"},{"@type":"ListItem","position":3,"name":"Medikal Estetik Uygulamalar\u0131","item":"https:\/\/fizmerlazer.com\/hizmetler\/medikal-estetik-uygulamalari\/"},{"@type":"ListItem","position":4,"name":"YANAK (ELMACIK) DOLGUSU"}]},{"@type":"WebSite","@id":"https:\/\/fizmerlazer.com\/#website","url":"https:\/\/fizmerlazer.com\/","name":"Bursa lazer epilasyon merkezi, bursa botoks, bursa alt\u0131n i\u011fne, bursa gen\u00e7lik a\u015f\u0131s\u0131","description":"Bursa Lazer Epilasyon Merkezi","potentialAction":[{"@type":"SearchAction","target":{"@type":"EntryPoint","urlTemplate":"https:\/\/fizmerlazer.com\/?s={search_term_string}"},"query-input":{"@type":"PropertyValueSpecification","valueRequired":true,"valueName":"search_term_string"}}],"inLanguage":"en-US"}]}},"_links":{"self":[{"href":"https:\/\/fizmerlazer.com\/en\/wp-json\/wp\/v2\/pages\/1091","targetHints":{"allow":["GET"]}}],"collection":[{"href":"https:\/\/fizmerlazer.com\/en\/wp-json\/wp\/v2\/pages"}],"about":[{"href":"https:\/\/fizmerlazer.com\/en\/wp-json\/wp\/v2\/types\/page"}],"author":[{"embeddable":true,"href":"https:\/\/fizmerlazer.com\/en\/wp-json\/wp\/v2\/users\/1"}],"replies":[{"embeddable":true,"href":"https:\/\/fizmerlazer.com\/en\/wp-json\/wp\/v2\/comments?post=1091"}],"version-history":[{"count":0,"href":"https:\/\/fizmerlazer.com\/en\/wp-json\/wp\/v2\/pages\/1091\/revisions"}],"up":[{"embeddable":true,"href":"https:\/\/fizmerlazer.com\/en\/wp-json\/wp\/v2\/pages\/1070"}],"wp:featuredmedia":[{"embeddable":true,"href":"https:\/\/fizmerlazer.com\/en\/wp-json\/wp\/v2\/media\/1094"}],"wp:attachment":[{"href":"https:\/\/fizmerlazer.com\/en\/wp-json\/wp\/v2\/media?parent=1091"}],"curies":[{"name":"wp","href":"https:\/\/api.w.org\/{rel}","templated":true}]}}