{"id":1205,"date":"2023-02-26T12:29:27","date_gmt":"2023-02-26T09:29:27","guid":{"rendered":"https:\/\/www.fizmer.com\/?page_id=1205"},"modified":"2024-10-15T00:39:35","modified_gmt":"2024-10-14T21:39:35","slug":"cilt-bakimi","status":"publish","type":"page","link":"https:\/\/fizmerlazer.com\/en\/hizmetler\/cilt-bakimi\/","title":{"rendered":"Skin Care"},"content":{"rendered":"<p>[vc_row][vc_column]\n\t<div class=\"child-page-wrapper \">\n\t\t<div class=\"grid-wrapper grid-4-columns grid-row \">\n\t\t\t<div class=\"grid-item grid-sm-6 grid-md-3\">\n\t\t\t\t<div class=\"grid-thumbnail\">\n\t\t\t\t\t<a href=\"https:\/\/fizmerlazer.com\/en\/hizmetler\/cilt-bakimi\/karbon-peeling\/\" title=\"Carbon Peeling\"><img decoding=\"async\" width=\"512\" height=\"300\" src=\"https:\/\/fizmerlazer.com\/wp-content\/uploads\/2023\/02\/bursa_cilt_bakimi-512x300.jpg\" class=\"attachment-medium-thumb size-medium-thumb wp-post-image\" alt=\"\" \/><\/a>\n\t\t\t\t<\/div>\n\t\t\t\t<h3 class=\"grid-title\"><a href=\"https:\/\/fizmerlazer.com\/en\/hizmetler\/cilt-bakimi\/karbon-peeling\/\" rel=\"bookmark\">Carbon Peeling<\/a><\/h3>\n\n\t\t\t\t<p>[vc_row][vc_column width=&#8221;1\/2&#8243;][vc_column_text] Carbon Peeling Bursa Carbon Peeling Carbon peeling is a skin care treatment that uses the Nd laser system. The ...<\/p>\n\n\t\t\t\t<a class=\"grid-more\" href=\"https:\/\/fizmerlazer.com\/en\/hizmetler\/cilt-bakimi\/karbon-peeling\/\" title=\"Carbon Peeling\">next<\/a>\n\n\t\t\t<\/div>\n\t\t\t\n\t\t\t<div class=\"grid-item grid-sm-6 grid-md-3\">\n\t\t\t\t<div class=\"grid-thumbnail\">\n\t\t\t\t\t<a href=\"https:\/\/fizmerlazer.com\/en\/hizmetler\/cilt-bakimi\/oxygeneo\/\" title=\"OXYGENEO\"><img decoding=\"async\" width=\"600\" height=\"300\" src=\"https:\/\/fizmerlazer.com\/wp-content\/uploads\/2023\/03\/689ca484-39fb-4e7c-8997-90bc68af843c_large-600x300.jpg\" class=\"attachment-medium-thumb size-medium-thumb wp-post-image\" alt=\"\" srcset=\"https:\/\/fizmerlazer.com\/wp-content\/uploads\/2023\/03\/689ca484-39fb-4e7c-8997-90bc68af843c_large-600x300.jpg 600w, https:\/\/fizmerlazer.com\/wp-content\/uploads\/2023\/03\/689ca484-39fb-4e7c-8997-90bc68af843c_large-400x200.jpg 400w, https:\/\/fizmerlazer.com\/wp-content\/uploads\/2023\/03\/689ca484-39fb-4e7c-8997-90bc68af843c_large-800x400.jpg 800w\" sizes=\"(max-width: 600px) 100vw, 600px\" \/><\/a>\n\t\t\t\t<\/div>\n\t\t\t\t<h3 class=\"grid-title\"><a href=\"https:\/\/fizmerlazer.com\/en\/hizmetler\/cilt-bakimi\/oxygeneo\/\" rel=\"bookmark\">OXYGENEO<\/a><\/h3>\n\n\t\t\t\t<p>[vc_row][vc_column width=&#8221;1\/2&#8243;][vc_column_text] OxyGeneo Skin Care Bursa Oxygen Treatment OxyGeneo is an advanced skin care product that offers three fundamental treatments simultaneously: ...<\/p>\n\n\t\t\t\t<a class=\"grid-more\" href=\"https:\/\/fizmerlazer.com\/en\/hizmetler\/cilt-bakimi\/oxygeneo\/\" title=\"OXYGENEO\">next<\/a>\n\n\t\t\t<\/div>\n\t\t\t\n\t\t\t<div class=\"grid-item grid-sm-6 grid-md-3\">\n\t\t\t\t<div class=\"grid-thumbnail\">\n\t\t\t\t\t<a href=\"https:\/\/fizmerlazer.com\/en\/hizmetler\/cilt-bakimi\/medikal-bakimhydrapower\/\" title=\"MEDICAL CARE (HYDRAPOWER)\"><img decoding=\"async\" width=\"512\" height=\"300\" src=\"https:\/\/fizmerlazer.com\/wp-content\/uploads\/2023\/03\/ea38ffed-0227-4c11-9fe5-1dde52cd7ccb_large-512x300.jpg\" class=\"attachment-medium-thumb size-medium-thumb wp-post-image\" alt=\"\" \/><\/a>\n\t\t\t\t<\/div>\n\t\t\t\t<h3 class=\"grid-title\"><a href=\"https:\/\/fizmerlazer.com\/en\/hizmetler\/cilt-bakimi\/medikal-bakimhydrapower\/\" rel=\"bookmark\">MEDICAL CARE (HYDRAPOWER)<\/a><\/h3>\n\n\t\t\t\t<p>[vc_row][vc_column width=&#8221;1\/2&#8243;][vc_column_text] What is HydraPower? Bursa Medical Skin Care HydraPower is a type of anti-aging treatment used for skin rejuvenation, acne, ...<\/p>\n\n\t\t\t\t<a class=\"grid-more\" href=\"https:\/\/fizmerlazer.com\/en\/hizmetler\/cilt-bakimi\/medikal-bakimhydrapower\/\" title=\"MEDICAL CARE (HYDRAPOWER)\">next<\/a>\n\n\t\t\t<\/div>\n\t\t\t\n\t\t<\/div>\n\t<\/div>[\/vc_column][\/vc_row]<\/p>","protected":false},"excerpt":{"rendered":"<p>[vc_row][vc_column][\/vc_column][\/vc_row]<\/p>\n","protected":false},"author":1,"featured_media":1207,"parent":935,"menu_order":0,"comment_status":"closed","ping_status":"closed","template":"","meta":{"footnotes":""},"class_list":["post-1205","page","type-page","status-publish","has-post-thumbnail","hentry"],"yoast_head":"<!-- This site is optimized with the Yoast SEO plugin v24.5 - https:\/\/yoast.com\/wordpress\/plugins\/seo\/ -->\n<title>Skin Care - Bursa lazer epilasyon merkezi, bursa botoks, bursa alt\u0131n i\u011fne, bursa gen\u00e7lik a\u015f\u0131s\u0131<\/title>\n<meta name=\"robots\" content=\"index, follow, max-snippet:-1, max-image-preview:large, max-video-preview:-1\" \/>\n<link rel=\"canonical\" href=\"https:\/\/fizmerlazer.com\/hizmetler\/cilt-bakimi\/\" \/>\n<meta property=\"og:locale\" content=\"en_US\" \/>\n<meta property=\"og:type\" content=\"article\" \/>\n<meta property=\"og:title\" content=\"[:tr]Cilt Bak\u0131m\u0131[:en]Skin Care[:] - Bursa lazer epilasyon merkezi, bursa botoks, bursa alt\u0131n i\u011fne, bursa gen\u00e7lik a\u015f\u0131s\u0131\" \/>\n<meta property=\"og:description\" content=\"[vc_row][vc_column][\/vc_column][\/vc_row]\" \/>\n<meta property=\"og:url\" content=\"https:\/\/fizmerlazer.com\/hizmetler\/cilt-bakimi\/\" \/>\n<meta property=\"og:site_name\" content=\"Bursa lazer epilasyon merkezi, bursa botoks, bursa alt\u0131n i\u011fne, bursa gen\u00e7lik a\u015f\u0131s\u0131\" \/>\n<meta property=\"article:modified_time\" content=\"2024-10-14T21:39:35+00:00\" \/>\n<meta property=\"og:image\" content=\"https:\/\/fizmerlazer.com\/wp-content\/uploads\/2023\/02\/bursa_cilt_bakimi.jpg\" \/>\n\t<meta property=\"og:image:width\" content=\"512\" \/>\n\t<meta property=\"og:image:height\" content=\"477\" \/>\n\t<meta property=\"og:image:type\" content=\"image\/jpeg\" \/>\n<meta name=\"twitter:card\" content=\"summary_large_image\" \/>\n<meta name=\"twitter:label1\" content=\"Est. reading time\" \/>\n\t<meta name=\"twitter:data1\" content=\"1 minute\" \/>\n<script type=\"application\/ld+json\" class=\"yoast-schema-graph\">{\"@context\":\"https:\/\/schema.org\",\"@graph\":[{\"@type\":\"WebPage\",\"@id\":\"https:\/\/fizmerlazer.com\/hizmetler\/cilt-bakimi\/\",\"url\":\"https:\/\/fizmerlazer.com\/hizmetler\/cilt-bakimi\/\",\"name\":\"[:tr]Cilt Bak\u0131m\u0131[:en]Skin Care[:] - Bursa lazer epilasyon merkezi, bursa botoks, bursa alt\u0131n i\u011fne, bursa gen\u00e7lik a\u015f\u0131s\u0131\",\"isPartOf\":{\"@id\":\"https:\/\/fizmerlazer.com\/#website\"},\"primaryImageOfPage\":{\"@id\":\"https:\/\/fizmerlazer.com\/hizmetler\/cilt-bakimi\/#primaryimage\"},\"image\":{\"@id\":\"https:\/\/fizmerlazer.com\/hizmetler\/cilt-bakimi\/#primaryimage\"},\"thumbnailUrl\":\"https:\/\/fizmerlazer.com\/wp-content\/uploads\/2023\/02\/bursa_cilt_bakimi.jpg\",\"datePublished\":\"2023-02-26T09:29:27+00:00\",\"dateModified\":\"2024-10-14T21:39:35+00:00\",\"breadcrumb\":{\"@id\":\"https:\/\/fizmerlazer.com\/hizmetler\/cilt-bakimi\/#breadcrumb\"},\"inLanguage\":\"en-US\",\"potentialAction\":[{\"@type\":\"ReadAction\",\"target\":[\"https:\/\/fizmerlazer.com\/hizmetler\/cilt-bakimi\/\"]}]},{\"@type\":\"ImageObject\",\"inLanguage\":\"en-US\",\"@id\":\"https:\/\/fizmerlazer.com\/hizmetler\/cilt-bakimi\/#primaryimage\",\"url\":\"https:\/\/fizmerlazer.com\/wp-content\/uploads\/2023\/02\/bursa_cilt_bakimi.jpg\",\"contentUrl\":\"https:\/\/fizmerlazer.com\/wp-content\/uploads\/2023\/02\/bursa_cilt_bakimi.jpg\",\"width\":512,\"height\":477},{\"@type\":\"BreadcrumbList\",\"@id\":\"https:\/\/fizmerlazer.com\/hizmetler\/cilt-bakimi\/#breadcrumb\",\"itemListElement\":[{\"@type\":\"ListItem\",\"position\":1,\"name\":\"Anasayfa\",\"item\":\"https:\/\/fizmerlazer.com\/\"},{\"@type\":\"ListItem\",\"position\":2,\"name\":\"Hizmetlerimiz\",\"item\":\"https:\/\/fizmerlazer.com\/hizmetler\/\"},{\"@type\":\"ListItem\",\"position\":3,\"name\":\"Cilt Bak\u0131m\u0131\"}]},{\"@type\":\"WebSite\",\"@id\":\"https:\/\/fizmerlazer.com\/#website\",\"url\":\"https:\/\/fizmerlazer.com\/\",\"name\":\"Bursa lazer epilasyon merkezi, bursa botoks, bursa alt\u0131n i\u011fne, bursa gen\u00e7lik a\u015f\u0131s\u0131\",\"description\":\"Bursa Lazer Epilasyon Merkezi\",\"potentialAction\":[{\"@type\":\"SearchAction\",\"target\":{\"@type\":\"EntryPoint\",\"urlTemplate\":\"https:\/\/fizmerlazer.com\/?s={search_term_string}\"},\"query-input\":{\"@type\":\"PropertyValueSpecification\",\"valueRequired\":true,\"valueName\":\"search_term_string\"}}],\"inLanguage\":\"en-US\"}]}<\/script>\n<!-- \/ Yoast SEO plugin. -->","yoast_head_json":{"title":"[:tr]Cilt Bak\u0131m\u0131[:en]Skin Care[:] - Bursa lazer epilasyon merkezi, bursa botoks, bursa alt\u0131n i\u011fne, bursa gen\u00e7lik a\u015f\u0131s\u0131","robots":{"index":"index","follow":"follow","max-snippet":"max-snippet:-1","max-image-preview":"max-image-preview:large","max-video-preview":"max-video-preview:-1"},"canonical":"https:\/\/fizmerlazer.com\/hizmetler\/cilt-bakimi\/","og_locale":"en_US","og_type":"article","og_title":"[:tr]Cilt Bak\u0131m\u0131[:en]Skin Care[:] - Bursa lazer epilasyon merkezi, bursa botoks, bursa alt\u0131n i\u011fne, bursa gen\u00e7lik a\u015f\u0131s\u0131","og_description":"[vc_row][vc_column][\/vc_column][\/vc_row]","og_url":"https:\/\/fizmerlazer.com\/hizmetler\/cilt-bakimi\/","og_site_name":"Bursa lazer epilasyon merkezi, bursa botoks, bursa alt\u0131n i\u011fne, bursa gen\u00e7lik a\u015f\u0131s\u0131","article_modified_time":"2024-10-14T21:39:35+00:00","og_image":[{"width":512,"height":477,"url":"https:\/\/fizmerlazer.com\/wp-content\/uploads\/2023\/02\/bursa_cilt_bakimi.jpg","type":"image\/jpeg"}],"twitter_card":"summary_large_image","twitter_misc":{"Est. reading time":"1 minute"},"schema":{"@context":"https:\/\/schema.org","@graph":[{"@type":"WebPage","@id":"https:\/\/fizmerlazer.com\/hizmetler\/cilt-bakimi\/","url":"https:\/\/fizmerlazer.com\/hizmetler\/cilt-bakimi\/","name":"[:tr]Cilt Bak\u0131m\u0131[:en]Skin Care[:] - Bursa lazer epilasyon merkezi, bursa botoks, bursa alt\u0131n i\u011fne, bursa gen\u00e7lik a\u015f\u0131s\u0131","isPartOf":{"@id":"https:\/\/fizmerlazer.com\/#website"},"primaryImageOfPage":{"@id":"https:\/\/fizmerlazer.com\/hizmetler\/cilt-bakimi\/#primaryimage"},"image":{"@id":"https:\/\/fizmerlazer.com\/hizmetler\/cilt-bakimi\/#primaryimage"},"thumbnailUrl":"https:\/\/fizmerlazer.com\/wp-content\/uploads\/2023\/02\/bursa_cilt_bakimi.jpg","datePublished":"2023-02-26T09:29:27+00:00","dateModified":"2024-10-14T21:39:35+00:00","breadcrumb":{"@id":"https:\/\/fizmerlazer.com\/hizmetler\/cilt-bakimi\/#breadcrumb"},"inLanguage":"en-US","potentialAction":[{"@type":"ReadAction","target":["https:\/\/fizmerlazer.com\/hizmetler\/cilt-bakimi\/"]}]},{"@type":"ImageObject","inLanguage":"en-US","@id":"https:\/\/fizmerlazer.com\/hizmetler\/cilt-bakimi\/#primaryimage","url":"https:\/\/fizmerlazer.com\/wp-content\/uploads\/2023\/02\/bursa_cilt_bakimi.jpg","contentUrl":"https:\/\/fizmerlazer.com\/wp-content\/uploads\/2023\/02\/bursa_cilt_bakimi.jpg","width":512,"height":477},{"@type":"BreadcrumbList","@id":"https:\/\/fizmerlazer.com\/hizmetler\/cilt-bakimi\/#breadcrumb","itemListElement":[{"@type":"ListItem","position":1,"name":"Anasayfa","item":"https:\/\/fizmerlazer.com\/"},{"@type":"ListItem","position":2,"name":"Hizmetlerimiz","item":"https:\/\/fizmerlazer.com\/hizmetler\/"},{"@type":"ListItem","position":3,"name":"Cilt Bak\u0131m\u0131"}]},{"@type":"WebSite","@id":"https:\/\/fizmerlazer.com\/#website","url":"https:\/\/fizmerlazer.com\/","name":"Bursa lazer epilasyon merkezi, bursa botoks, bursa alt\u0131n i\u011fne, bursa gen\u00e7lik a\u015f\u0131s\u0131","description":"Bursa Lazer Epilasyon Merkezi","potentialAction":[{"@type":"SearchAction","target":{"@type":"EntryPoint","urlTemplate":"https:\/\/fizmerlazer.com\/?s={search_term_string}"},"query-input":{"@type":"PropertyValueSpecification","valueRequired":true,"valueName":"search_term_string"}}],"inLanguage":"en-US"}]}},"_links":{"self":[{"href":"https:\/\/fizmerlazer.com\/en\/wp-json\/wp\/v2\/pages\/1205","targetHints":{"allow":["GET"]}}],"collection":[{"href":"https:\/\/fizmerlazer.com\/en\/wp-json\/wp\/v2\/pages"}],"about":[{"href":"https:\/\/fizmerlazer.com\/en\/wp-json\/wp\/v2\/types\/page"}],"author":[{"embeddable":true,"href":"https:\/\/fizmerlazer.com\/en\/wp-json\/wp\/v2\/users\/1"}],"replies":[{"embeddable":true,"href":"https:\/\/fizmerlazer.com\/en\/wp-json\/wp\/v2\/comments?post=1205"}],"version-history":[{"count":0,"href":"https:\/\/fizmerlazer.com\/en\/wp-json\/wp\/v2\/pages\/1205\/revisions"}],"up":[{"embeddable":true,"href":"https:\/\/fizmerlazer.com\/en\/wp-json\/wp\/v2\/pages\/935"}],"wp:featuredmedia":[{"embeddable":true,"href":"https:\/\/fizmerlazer.com\/en\/wp-json\/wp\/v2\/media\/1207"}],"wp:attachment":[{"href":"https:\/\/fizmerlazer.com\/en\/wp-json\/wp\/v2\/media?parent=1205"}],"curies":[{"name":"wp","href":"https:\/\/api.w.org\/{rel}","templated":true}]}}