{"id":1257,"date":"2023-03-05T23:55:17","date_gmt":"2023-03-05T20:55:17","guid":{"rendered":"https:\/\/www.fizmer.com\/?page_id=1257"},"modified":"2025-02-19T16:40:55","modified_gmt":"2025-02-19T13:40:55","slug":"dis-sikma-botoks-masseterve-yuz-inceltme-botox","status":"publish","type":"page","link":"https:\/\/fizmerlazer.com\/en\/hizmetler\/medikal-estetik-uygulamalari\/dis-sikma-botoks-masseterve-yuz-inceltme-botox\/","title":{"rendered":"TEETH TIGHTENING BOTOX (MASSETER) AND FACE THINNER BOTOX"},"content":{"rendered":"<p>[vc_row][vc_column width=&#8221;1\/2&#8243;][vc_column_text]<strong>Teeth Grinding and Clenching (Bruxism)<\/strong> is an involuntary and forceful clenching of the teeth, most often occurring during sleep.<\/p>\n<p>The causes of teeth grinding and clenching are varied and include factors such as stress, personal characteristics, sleep patterns, and breathing disorders during sleep.<\/p>\n<p>Some of the dental issues caused by bruxism include the loss of enamel, increased tooth sensitivity, and the flattening or cracking of teeth. Individuals with bruxism often experience jaw pain, which can persist during both sleep and waking hours. Another consequence of bruxism is the hypertrophy of the jaw muscles, leading to their thickening due to repetitive clenching.<\/p>\n<h3><strong>Effects of Botox Treatment for Teeth Grinding<\/strong><\/h3>\n<p>Botulinum toxin type A, commonly known as Botox, provides effective relief from the unpleasant symptoms associated with bruxism, such as jaw pain, headaches, and other related issues. In addition to treating bruxism, Botox treatments can also soften the appearance of the jawline by relaxing overactive muscles.<\/p>\n<h3><strong>How is Botox Administered for Teeth Grinding?<\/strong><\/h3>\n<p>In this treatment, small doses of botulinum toxin are injected directly into the masseter muscle, the large muscle responsible for jaw movement. This weakens the muscle enough to stop the involuntary grinding and clenching of the teeth, significantly relaxing the muscles and reducing the wear and tear on the teeth caused by grinding. Importantly, voluntary movements like chewing and facial expressions are not affected by the Botox injections.<\/p>\n<p>This method not only provides relief from the damaging effects of bruxism but also improves the overall comfort and health of the jaw and teeth.[\/vc_column_text][\/vc_column][vc_column width=&#8221;1\/2&#8243;][vc_column_text]<img decoding=\"async\" class=\"alignnone wp-image-1258 size-full\" src=\"https:\/\/www.fizmer.com\/wp-content\/uploads\/2023\/03\/329ed075-4edf-470a-b723-27b2dadacca3_large.jpg\" alt=\"\" width=\"900\" height=\"620\" srcset=\"https:\/\/fizmerlazer.com\/wp-content\/uploads\/2023\/03\/329ed075-4edf-470a-b723-27b2dadacca3_large.jpg 900w, https:\/\/fizmerlazer.com\/wp-content\/uploads\/2023\/03\/329ed075-4edf-470a-b723-27b2dadacca3_large-300x207.jpg 300w, https:\/\/fizmerlazer.com\/wp-content\/uploads\/2023\/03\/329ed075-4edf-470a-b723-27b2dadacca3_large-768x529.jpg 768w\" sizes=\"(max-width: 900px) 100vw, 900px\" \/>[\/vc_column_text][vc_button title=&#8221;Contact us for detailed information&#8221; color=&#8221;primary&#8221; size=&#8221;large&#8221; position=&#8221;center&#8221; link=&#8221;url:http%3A%2F%2Fwww.fizmer.com%2Filetisim%2F|||&#8221; el_class=&#8221;bilgi&#8221;][\/vc_column][\/vc_row]<\/p>","protected":false},"excerpt":{"rendered":"<p>[vc_row][vc_column width=&#8221;1\/2&#8243;][vc_column_text]Teeth Grinding and Clenching (Bruxism) is an involuntary and forceful clenching of the teeth, most often occurring during sleep. The &#8230;<\/p>\n","protected":false},"author":1,"featured_media":1258,"parent":1070,"menu_order":0,"comment_status":"closed","ping_status":"closed","template":"","meta":{"footnotes":""},"class_list":["post-1257","page","type-page","status-publish","has-post-thumbnail","hentry"],"yoast_head":"<!-- This site is optimized with the Yoast SEO plugin v24.5 - https:\/\/yoast.com\/wordpress\/plugins\/seo\/ -->\n<title>TEETH TIGHTENING BOTOX (MASSETER) AND FACE THINNER BOTOX - Bursa lazer epilasyon merkezi, bursa botoks, bursa alt\u0131n i\u011fne, bursa gen\u00e7lik a\u015f\u0131s\u0131<\/title>\n<meta name=\"description\" content=\"CO2 Fraksiyonel Lazer\" \/>\n<meta name=\"robots\" content=\"index, follow, max-snippet:-1, max-image-preview:large, max-video-preview:-1\" \/>\n<link rel=\"canonical\" href=\"https:\/\/fizmerlazer.com\/hizmetler\/medikal-estetik-uygulamalari\/dis-sikma-botoks-masseterve-yuz-inceltme-botox\/\" \/>\n<meta property=\"og:locale\" content=\"en_US\" \/>\n<meta property=\"og:type\" content=\"article\" \/>\n<meta property=\"og:title\" content=\"[:tr]D\u0130\u015e SIKMA BOTOKS (MASSETER)VE Y\u00dcZ \u0130NCELTME BOTOKSU[:en]TEETH TIGHTENING BOTOX (MASSETER) AND FACE THINNER BOTOX[:] - Bursa lazer epilasyon merkezi, bursa botoks, bursa alt\u0131n i\u011fne, bursa gen\u00e7lik a\u015f\u0131s\u0131\" \/>\n<meta property=\"og:description\" content=\"CO2 Fraksiyonel Lazer\" \/>\n<meta property=\"og:url\" content=\"https:\/\/fizmerlazer.com\/hizmetler\/medikal-estetik-uygulamalari\/dis-sikma-botoks-masseterve-yuz-inceltme-botox\/\" \/>\n<meta property=\"og:site_name\" content=\"Bursa lazer epilasyon merkezi, bursa botoks, bursa alt\u0131n i\u011fne, bursa gen\u00e7lik a\u015f\u0131s\u0131\" \/>\n<meta property=\"article:modified_time\" content=\"2025-02-19T13:40:55+00:00\" \/>\n<meta property=\"og:image\" content=\"https:\/\/fizmerlazer.com\/wp-content\/uploads\/2023\/03\/329ed075-4edf-470a-b723-27b2dadacca3_large.jpg\" \/>\n\t<meta property=\"og:image:width\" content=\"900\" \/>\n\t<meta property=\"og:image:height\" content=\"620\" \/>\n\t<meta property=\"og:image:type\" content=\"image\/jpeg\" \/>\n<meta name=\"twitter:card\" content=\"summary_large_image\" \/>\n<meta name=\"twitter:label1\" content=\"Est. reading time\" \/>\n\t<meta name=\"twitter:data1\" content=\"2 minutes\" \/>\n<script type=\"application\/ld+json\" class=\"yoast-schema-graph\">{\"@context\":\"https:\/\/schema.org\",\"@graph\":[{\"@type\":\"WebPage\",\"@id\":\"https:\/\/fizmerlazer.com\/hizmetler\/medikal-estetik-uygulamalari\/dis-sikma-botoks-masseterve-yuz-inceltme-botox\/\",\"url\":\"https:\/\/fizmerlazer.com\/hizmetler\/medikal-estetik-uygulamalari\/dis-sikma-botoks-masseterve-yuz-inceltme-botox\/\",\"name\":\"[:tr]D\u0130\u015e SIKMA BOTOKS (MASSETER)VE Y\u00dcZ \u0130NCELTME BOTOKSU[:en]TEETH TIGHTENING BOTOX (MASSETER) AND FACE THINNER BOTOX[:] - Bursa lazer epilasyon merkezi, bursa botoks, bursa alt\u0131n i\u011fne, bursa gen\u00e7lik a\u015f\u0131s\u0131\",\"isPartOf\":{\"@id\":\"https:\/\/fizmerlazer.com\/#website\"},\"primaryImageOfPage\":{\"@id\":\"https:\/\/fizmerlazer.com\/hizmetler\/medikal-estetik-uygulamalari\/dis-sikma-botoks-masseterve-yuz-inceltme-botox\/#primaryimage\"},\"image\":{\"@id\":\"https:\/\/fizmerlazer.com\/hizmetler\/medikal-estetik-uygulamalari\/dis-sikma-botoks-masseterve-yuz-inceltme-botox\/#primaryimage\"},\"thumbnailUrl\":\"https:\/\/fizmerlazer.com\/wp-content\/uploads\/2023\/03\/329ed075-4edf-470a-b723-27b2dadacca3_large.jpg\",\"datePublished\":\"2023-03-05T20:55:17+00:00\",\"dateModified\":\"2025-02-19T13:40:55+00:00\",\"description\":\"CO2 Fraksiyonel Lazer\",\"breadcrumb\":{\"@id\":\"https:\/\/fizmerlazer.com\/hizmetler\/medikal-estetik-uygulamalari\/dis-sikma-botoks-masseterve-yuz-inceltme-botox\/#breadcrumb\"},\"inLanguage\":\"en-US\",\"potentialAction\":[{\"@type\":\"ReadAction\",\"target\":[\"https:\/\/fizmerlazer.com\/hizmetler\/medikal-estetik-uygulamalari\/dis-sikma-botoks-masseterve-yuz-inceltme-botox\/\"]}]},{\"@type\":\"ImageObject\",\"inLanguage\":\"en-US\",\"@id\":\"https:\/\/fizmerlazer.com\/hizmetler\/medikal-estetik-uygulamalari\/dis-sikma-botoks-masseterve-yuz-inceltme-botox\/#primaryimage\",\"url\":\"https:\/\/fizmerlazer.com\/wp-content\/uploads\/2023\/03\/329ed075-4edf-470a-b723-27b2dadacca3_large.jpg\",\"contentUrl\":\"https:\/\/fizmerlazer.com\/wp-content\/uploads\/2023\/03\/329ed075-4edf-470a-b723-27b2dadacca3_large.jpg\",\"width\":900,\"height\":620},{\"@type\":\"BreadcrumbList\",\"@id\":\"https:\/\/fizmerlazer.com\/hizmetler\/medikal-estetik-uygulamalari\/dis-sikma-botoks-masseterve-yuz-inceltme-botox\/#breadcrumb\",\"itemListElement\":[{\"@type\":\"ListItem\",\"position\":1,\"name\":\"Anasayfa\",\"item\":\"https:\/\/fizmerlazer.com\/\"},{\"@type\":\"ListItem\",\"position\":2,\"name\":\"Hizmetlerimiz\",\"item\":\"https:\/\/fizmerlazer.com\/hizmetler\/\"},{\"@type\":\"ListItem\",\"position\":3,\"name\":\"Medikal Estetik Uygulamalar\u0131\",\"item\":\"https:\/\/fizmerlazer.com\/hizmetler\/medikal-estetik-uygulamalari\/\"},{\"@type\":\"ListItem\",\"position\":4,\"name\":\"D\u0130\u015e SIKMA BOTOKS (MASSETER)VE Y\u00dcZ \u0130NCELTME BOTOKSU\"}]},{\"@type\":\"WebSite\",\"@id\":\"https:\/\/fizmerlazer.com\/#website\",\"url\":\"https:\/\/fizmerlazer.com\/\",\"name\":\"Bursa lazer epilasyon merkezi, bursa botoks, bursa alt\u0131n i\u011fne, bursa gen\u00e7lik a\u015f\u0131s\u0131\",\"description\":\"Bursa Lazer Epilasyon Merkezi\",\"potentialAction\":[{\"@type\":\"SearchAction\",\"target\":{\"@type\":\"EntryPoint\",\"urlTemplate\":\"https:\/\/fizmerlazer.com\/?s={search_term_string}\"},\"query-input\":{\"@type\":\"PropertyValueSpecification\",\"valueRequired\":true,\"valueName\":\"search_term_string\"}}],\"inLanguage\":\"en-US\"}]}<\/script>\n<!-- \/ Yoast SEO plugin. -->","yoast_head_json":{"title":"[:tr]D\u0130\u015e SIKMA BOTOKS (MASSETER)VE Y\u00dcZ \u0130NCELTME BOTOKSU[:en]TEETH TIGHTENING BOTOX (MASSETER) AND FACE THINNER BOTOX[:] - Bursa lazer epilasyon merkezi, bursa botoks, bursa alt\u0131n i\u011fne, bursa gen\u00e7lik a\u015f\u0131s\u0131","description":"CO2 Fraksiyonel Lazer","robots":{"index":"index","follow":"follow","max-snippet":"max-snippet:-1","max-image-preview":"max-image-preview:large","max-video-preview":"max-video-preview:-1"},"canonical":"https:\/\/fizmerlazer.com\/hizmetler\/medikal-estetik-uygulamalari\/dis-sikma-botoks-masseterve-yuz-inceltme-botox\/","og_locale":"en_US","og_type":"article","og_title":"[:tr]D\u0130\u015e SIKMA BOTOKS (MASSETER)VE Y\u00dcZ \u0130NCELTME BOTOKSU[:en]TEETH TIGHTENING BOTOX (MASSETER) AND FACE THINNER BOTOX[:] - Bursa lazer epilasyon merkezi, bursa botoks, bursa alt\u0131n i\u011fne, bursa gen\u00e7lik a\u015f\u0131s\u0131","og_description":"CO2 Fraksiyonel Lazer","og_url":"https:\/\/fizmerlazer.com\/hizmetler\/medikal-estetik-uygulamalari\/dis-sikma-botoks-masseterve-yuz-inceltme-botox\/","og_site_name":"Bursa lazer epilasyon merkezi, bursa botoks, bursa alt\u0131n i\u011fne, bursa gen\u00e7lik a\u015f\u0131s\u0131","article_modified_time":"2025-02-19T13:40:55+00:00","og_image":[{"width":900,"height":620,"url":"https:\/\/fizmerlazer.com\/wp-content\/uploads\/2023\/03\/329ed075-4edf-470a-b723-27b2dadacca3_large.jpg","type":"image\/jpeg"}],"twitter_card":"summary_large_image","twitter_misc":{"Est. reading time":"2 minutes"},"schema":{"@context":"https:\/\/schema.org","@graph":[{"@type":"WebPage","@id":"https:\/\/fizmerlazer.com\/hizmetler\/medikal-estetik-uygulamalari\/dis-sikma-botoks-masseterve-yuz-inceltme-botox\/","url":"https:\/\/fizmerlazer.com\/hizmetler\/medikal-estetik-uygulamalari\/dis-sikma-botoks-masseterve-yuz-inceltme-botox\/","name":"[:tr]D\u0130\u015e SIKMA BOTOKS (MASSETER)VE Y\u00dcZ \u0130NCELTME BOTOKSU[:en]TEETH TIGHTENING BOTOX (MASSETER) AND FACE THINNER BOTOX[:] - Bursa lazer epilasyon merkezi, bursa botoks, bursa alt\u0131n i\u011fne, bursa gen\u00e7lik a\u015f\u0131s\u0131","isPartOf":{"@id":"https:\/\/fizmerlazer.com\/#website"},"primaryImageOfPage":{"@id":"https:\/\/fizmerlazer.com\/hizmetler\/medikal-estetik-uygulamalari\/dis-sikma-botoks-masseterve-yuz-inceltme-botox\/#primaryimage"},"image":{"@id":"https:\/\/fizmerlazer.com\/hizmetler\/medikal-estetik-uygulamalari\/dis-sikma-botoks-masseterve-yuz-inceltme-botox\/#primaryimage"},"thumbnailUrl":"https:\/\/fizmerlazer.com\/wp-content\/uploads\/2023\/03\/329ed075-4edf-470a-b723-27b2dadacca3_large.jpg","datePublished":"2023-03-05T20:55:17+00:00","dateModified":"2025-02-19T13:40:55+00:00","description":"CO2 Fraksiyonel Lazer","breadcrumb":{"@id":"https:\/\/fizmerlazer.com\/hizmetler\/medikal-estetik-uygulamalari\/dis-sikma-botoks-masseterve-yuz-inceltme-botox\/#breadcrumb"},"inLanguage":"en-US","potentialAction":[{"@type":"ReadAction","target":["https:\/\/fizmerlazer.com\/hizmetler\/medikal-estetik-uygulamalari\/dis-sikma-botoks-masseterve-yuz-inceltme-botox\/"]}]},{"@type":"ImageObject","inLanguage":"en-US","@id":"https:\/\/fizmerlazer.com\/hizmetler\/medikal-estetik-uygulamalari\/dis-sikma-botoks-masseterve-yuz-inceltme-botox\/#primaryimage","url":"https:\/\/fizmerlazer.com\/wp-content\/uploads\/2023\/03\/329ed075-4edf-470a-b723-27b2dadacca3_large.jpg","contentUrl":"https:\/\/fizmerlazer.com\/wp-content\/uploads\/2023\/03\/329ed075-4edf-470a-b723-27b2dadacca3_large.jpg","width":900,"height":620},{"@type":"BreadcrumbList","@id":"https:\/\/fizmerlazer.com\/hizmetler\/medikal-estetik-uygulamalari\/dis-sikma-botoks-masseterve-yuz-inceltme-botox\/#breadcrumb","itemListElement":[{"@type":"ListItem","position":1,"name":"Anasayfa","item":"https:\/\/fizmerlazer.com\/"},{"@type":"ListItem","position":2,"name":"Hizmetlerimiz","item":"https:\/\/fizmerlazer.com\/hizmetler\/"},{"@type":"ListItem","position":3,"name":"Medikal Estetik Uygulamalar\u0131","item":"https:\/\/fizmerlazer.com\/hizmetler\/medikal-estetik-uygulamalari\/"},{"@type":"ListItem","position":4,"name":"D\u0130\u015e SIKMA BOTOKS (MASSETER)VE Y\u00dcZ \u0130NCELTME BOTOKSU"}]},{"@type":"WebSite","@id":"https:\/\/fizmerlazer.com\/#website","url":"https:\/\/fizmerlazer.com\/","name":"Bursa lazer epilasyon merkezi, bursa botoks, bursa alt\u0131n i\u011fne, bursa gen\u00e7lik a\u015f\u0131s\u0131","description":"Bursa Lazer Epilasyon Merkezi","potentialAction":[{"@type":"SearchAction","target":{"@type":"EntryPoint","urlTemplate":"https:\/\/fizmerlazer.com\/?s={search_term_string}"},"query-input":{"@type":"PropertyValueSpecification","valueRequired":true,"valueName":"search_term_string"}}],"inLanguage":"en-US"}]}},"_links":{"self":[{"href":"https:\/\/fizmerlazer.com\/en\/wp-json\/wp\/v2\/pages\/1257","targetHints":{"allow":["GET"]}}],"collection":[{"href":"https:\/\/fizmerlazer.com\/en\/wp-json\/wp\/v2\/pages"}],"about":[{"href":"https:\/\/fizmerlazer.com\/en\/wp-json\/wp\/v2\/types\/page"}],"author":[{"embeddable":true,"href":"https:\/\/fizmerlazer.com\/en\/wp-json\/wp\/v2\/users\/1"}],"replies":[{"embeddable":true,"href":"https:\/\/fizmerlazer.com\/en\/wp-json\/wp\/v2\/comments?post=1257"}],"version-history":[{"count":0,"href":"https:\/\/fizmerlazer.com\/en\/wp-json\/wp\/v2\/pages\/1257\/revisions"}],"up":[{"embeddable":true,"href":"https:\/\/fizmerlazer.com\/en\/wp-json\/wp\/v2\/pages\/1070"}],"wp:featuredmedia":[{"embeddable":true,"href":"https:\/\/fizmerlazer.com\/en\/wp-json\/wp\/v2\/media\/1258"}],"wp:attachment":[{"href":"https:\/\/fizmerlazer.com\/en\/wp-json\/wp\/v2\/media?parent=1257"}],"curies":[{"name":"wp","href":"https:\/\/api.w.org\/{rel}","templated":true}]}}