{"id":1263,"date":"2023-03-06T00:00:57","date_gmt":"2023-03-05T21:00:57","guid":{"rendered":"https:\/\/www.fizmer.com\/?page_id=1263"},"modified":"2024-10-15T23:12:35","modified_gmt":"2024-10-15T20:12:35","slug":"boyun-botoxnefertiti","status":"publish","type":"page","link":"https:\/\/fizmerlazer.com\/en\/hizmetler\/medikal-estetik-uygulamalari\/boyun-botoxnefertiti\/","title":{"rendered":"NECK BOTOX(NEFERTITI)"},"content":{"rendered":"<p>[vc_row][vc_column width=&#8221;1\/2&#8243;][vc_column_text]<strong>NEFERTITI BOTOX\u00a0<\/strong><\/p>\n<p><strong>What is the Nefertiti Region?<\/strong><\/p>\n<p>The Nefertiti region targets the neck and jawline areas. For those who want a youthful neck appearance like the Egyptian Queen Nefertiti, Nefertiti Botox is an ideal option. Since the skin on the neck is very thin and sensitive, it tends to sag due to the effects of aging. The sagging in the neck area progresses faster than other body parts because of the lack of collagen and the effects of gravity.<\/p>\n<p>Nefertiti Botox is designed to redefine the jawline and smoothen the neck for a youthful appearance without the need for surgery.<\/p>\n<p><strong>How is Nefertiti Botox Applied?<\/strong><\/p>\n<p>Botox is carefully applied to the neck and jawline area to relax the muscles, tighten the sagging skin, and provide a rejuvenating effect.<\/p>\n<p><strong>When Do the Results of Nefertiti Botox Become Visible?<\/strong><\/p>\n<p>The full results begin to appear 2-3 weeks after the treatment. However, Botox is a temporary treatment, and its effects will gradually fade.<\/p>\n<p><strong>How Long Does the Effect of Nefertiti Botox Last?<\/strong><\/p>\n<p>The effects of Nefertiti Botox typically last between 3 to 6 months, depending on the patient.[\/vc_column_text][\/vc_column][vc_column width=&#8221;1\/2&#8243;][vc_column_text]<img decoding=\"async\" class=\"alignnone wp-image-1264 size-full\" src=\"https:\/\/www.fizmer.com\/wp-content\/uploads\/2023\/03\/259df11e-9ed9-4f0b-bc7e-1ab05567015f_large.jpg\" alt=\"\" width=\"300\" height=\"259\" \/>[\/vc_column_text][vc_button title=&#8221;Contact us for detailed information&#8221; color=&#8221;primary&#8221; size=&#8221;large&#8221; position=&#8221;center&#8221; link=&#8221;url:http%3A%2F%2Fwww.fizmer.com%2Filetisim%2F|||&#8221; el_class=&#8221;bilgi&#8221;][\/vc_column][\/vc_row]<\/p>","protected":false},"excerpt":{"rendered":"<p>[vc_row][vc_column width=&#8221;1\/2&#8243;][vc_column_text]NEFERTITI BOTOX\u00a0 What is the Nefertiti Region? The Nefertiti region targets the neck and jawline areas. For those who want &#8230;<\/p>\n","protected":false},"author":1,"featured_media":1264,"parent":1070,"menu_order":0,"comment_status":"closed","ping_status":"closed","template":"","meta":{"footnotes":""},"class_list":["post-1263","page","type-page","status-publish","has-post-thumbnail","hentry"],"yoast_head":"<!-- This site is optimized with the Yoast SEO plugin v24.5 - https:\/\/yoast.com\/wordpress\/plugins\/seo\/ -->\n<title>NECK BOTOX(NEFERTITI) - Bursa lazer epilasyon merkezi, bursa botoks, bursa alt\u0131n i\u011fne, bursa gen\u00e7lik a\u015f\u0131s\u0131<\/title>\n<meta name=\"description\" content=\"CO2 Fraksiyonel Lazer\" \/>\n<meta name=\"robots\" content=\"index, follow, max-snippet:-1, max-image-preview:large, max-video-preview:-1\" \/>\n<link rel=\"canonical\" href=\"https:\/\/fizmerlazer.com\/hizmetler\/medikal-estetik-uygulamalari\/boyun-botoxnefertiti\/\" \/>\n<meta property=\"og:locale\" content=\"en_US\" \/>\n<meta property=\"og:type\" content=\"article\" \/>\n<meta property=\"og:title\" content=\"[:tr]BOYUN BOTOX(NEFERT\u0130T\u0130)[:en] NECK BOTOX(NEFERTITI)[:] - Bursa lazer epilasyon merkezi, bursa botoks, bursa alt\u0131n i\u011fne, bursa gen\u00e7lik a\u015f\u0131s\u0131\" \/>\n<meta property=\"og:description\" content=\"CO2 Fraksiyonel Lazer\" \/>\n<meta property=\"og:url\" content=\"https:\/\/fizmerlazer.com\/hizmetler\/medikal-estetik-uygulamalari\/boyun-botoxnefertiti\/\" \/>\n<meta property=\"og:site_name\" content=\"Bursa lazer epilasyon merkezi, bursa botoks, bursa alt\u0131n i\u011fne, bursa gen\u00e7lik a\u015f\u0131s\u0131\" \/>\n<meta property=\"article:modified_time\" content=\"2024-10-15T20:12:35+00:00\" \/>\n<meta property=\"og:image\" content=\"https:\/\/fizmerlazer.com\/wp-content\/uploads\/2023\/03\/259df11e-9ed9-4f0b-bc7e-1ab05567015f_large.jpg\" \/>\n\t<meta property=\"og:image:width\" content=\"300\" \/>\n\t<meta property=\"og:image:height\" content=\"259\" \/>\n\t<meta property=\"og:image:type\" content=\"image\/jpeg\" \/>\n<meta name=\"twitter:card\" content=\"summary_large_image\" \/>\n<meta name=\"twitter:label1\" content=\"Est. reading time\" \/>\n\t<meta name=\"twitter:data1\" content=\"2 minutes\" \/>\n<script type=\"application\/ld+json\" class=\"yoast-schema-graph\">{\"@context\":\"https:\/\/schema.org\",\"@graph\":[{\"@type\":\"WebPage\",\"@id\":\"https:\/\/fizmerlazer.com\/hizmetler\/medikal-estetik-uygulamalari\/boyun-botoxnefertiti\/\",\"url\":\"https:\/\/fizmerlazer.com\/hizmetler\/medikal-estetik-uygulamalari\/boyun-botoxnefertiti\/\",\"name\":\"[:tr]BOYUN BOTOX(NEFERT\u0130T\u0130)[:en] NECK BOTOX(NEFERTITI)[:] - Bursa lazer epilasyon merkezi, bursa botoks, bursa alt\u0131n i\u011fne, bursa gen\u00e7lik a\u015f\u0131s\u0131\",\"isPartOf\":{\"@id\":\"https:\/\/fizmerlazer.com\/#website\"},\"primaryImageOfPage\":{\"@id\":\"https:\/\/fizmerlazer.com\/hizmetler\/medikal-estetik-uygulamalari\/boyun-botoxnefertiti\/#primaryimage\"},\"image\":{\"@id\":\"https:\/\/fizmerlazer.com\/hizmetler\/medikal-estetik-uygulamalari\/boyun-botoxnefertiti\/#primaryimage\"},\"thumbnailUrl\":\"https:\/\/fizmerlazer.com\/wp-content\/uploads\/2023\/03\/259df11e-9ed9-4f0b-bc7e-1ab05567015f_large.jpg\",\"datePublished\":\"2023-03-05T21:00:57+00:00\",\"dateModified\":\"2024-10-15T20:12:35+00:00\",\"description\":\"CO2 Fraksiyonel Lazer\",\"breadcrumb\":{\"@id\":\"https:\/\/fizmerlazer.com\/hizmetler\/medikal-estetik-uygulamalari\/boyun-botoxnefertiti\/#breadcrumb\"},\"inLanguage\":\"en-US\",\"potentialAction\":[{\"@type\":\"ReadAction\",\"target\":[\"https:\/\/fizmerlazer.com\/hizmetler\/medikal-estetik-uygulamalari\/boyun-botoxnefertiti\/\"]}]},{\"@type\":\"ImageObject\",\"inLanguage\":\"en-US\",\"@id\":\"https:\/\/fizmerlazer.com\/hizmetler\/medikal-estetik-uygulamalari\/boyun-botoxnefertiti\/#primaryimage\",\"url\":\"https:\/\/fizmerlazer.com\/wp-content\/uploads\/2023\/03\/259df11e-9ed9-4f0b-bc7e-1ab05567015f_large.jpg\",\"contentUrl\":\"https:\/\/fizmerlazer.com\/wp-content\/uploads\/2023\/03\/259df11e-9ed9-4f0b-bc7e-1ab05567015f_large.jpg\",\"width\":300,\"height\":259},{\"@type\":\"BreadcrumbList\",\"@id\":\"https:\/\/fizmerlazer.com\/hizmetler\/medikal-estetik-uygulamalari\/boyun-botoxnefertiti\/#breadcrumb\",\"itemListElement\":[{\"@type\":\"ListItem\",\"position\":1,\"name\":\"Anasayfa\",\"item\":\"https:\/\/fizmerlazer.com\/\"},{\"@type\":\"ListItem\",\"position\":2,\"name\":\"Hizmetlerimiz\",\"item\":\"https:\/\/fizmerlazer.com\/hizmetler\/\"},{\"@type\":\"ListItem\",\"position\":3,\"name\":\"Medikal Estetik Uygulamalar\u0131\",\"item\":\"https:\/\/fizmerlazer.com\/hizmetler\/medikal-estetik-uygulamalari\/\"},{\"@type\":\"ListItem\",\"position\":4,\"name\":\"BOYUN BOTOX(NEFERT\u0130T\u0130)\"}]},{\"@type\":\"WebSite\",\"@id\":\"https:\/\/fizmerlazer.com\/#website\",\"url\":\"https:\/\/fizmerlazer.com\/\",\"name\":\"Bursa lazer epilasyon merkezi, bursa botoks, bursa alt\u0131n i\u011fne, bursa gen\u00e7lik a\u015f\u0131s\u0131\",\"description\":\"Bursa Lazer Epilasyon Merkezi\",\"potentialAction\":[{\"@type\":\"SearchAction\",\"target\":{\"@type\":\"EntryPoint\",\"urlTemplate\":\"https:\/\/fizmerlazer.com\/?s={search_term_string}\"},\"query-input\":{\"@type\":\"PropertyValueSpecification\",\"valueRequired\":true,\"valueName\":\"search_term_string\"}}],\"inLanguage\":\"en-US\"}]}<\/script>\n<!-- \/ Yoast SEO plugin. -->","yoast_head_json":{"title":"[:tr]BOYUN BOTOX(NEFERT\u0130T\u0130)[:en] NECK BOTOX(NEFERTITI)[:] - Bursa lazer epilasyon merkezi, bursa botoks, bursa alt\u0131n i\u011fne, bursa gen\u00e7lik a\u015f\u0131s\u0131","description":"CO2 Fraksiyonel Lazer","robots":{"index":"index","follow":"follow","max-snippet":"max-snippet:-1","max-image-preview":"max-image-preview:large","max-video-preview":"max-video-preview:-1"},"canonical":"https:\/\/fizmerlazer.com\/hizmetler\/medikal-estetik-uygulamalari\/boyun-botoxnefertiti\/","og_locale":"en_US","og_type":"article","og_title":"[:tr]BOYUN BOTOX(NEFERT\u0130T\u0130)[:en] NECK BOTOX(NEFERTITI)[:] - Bursa lazer epilasyon merkezi, bursa botoks, bursa alt\u0131n i\u011fne, bursa gen\u00e7lik a\u015f\u0131s\u0131","og_description":"CO2 Fraksiyonel Lazer","og_url":"https:\/\/fizmerlazer.com\/hizmetler\/medikal-estetik-uygulamalari\/boyun-botoxnefertiti\/","og_site_name":"Bursa lazer epilasyon merkezi, bursa botoks, bursa alt\u0131n i\u011fne, bursa gen\u00e7lik a\u015f\u0131s\u0131","article_modified_time":"2024-10-15T20:12:35+00:00","og_image":[{"width":300,"height":259,"url":"https:\/\/fizmerlazer.com\/wp-content\/uploads\/2023\/03\/259df11e-9ed9-4f0b-bc7e-1ab05567015f_large.jpg","type":"image\/jpeg"}],"twitter_card":"summary_large_image","twitter_misc":{"Est. reading time":"2 minutes"},"schema":{"@context":"https:\/\/schema.org","@graph":[{"@type":"WebPage","@id":"https:\/\/fizmerlazer.com\/hizmetler\/medikal-estetik-uygulamalari\/boyun-botoxnefertiti\/","url":"https:\/\/fizmerlazer.com\/hizmetler\/medikal-estetik-uygulamalari\/boyun-botoxnefertiti\/","name":"[:tr]BOYUN BOTOX(NEFERT\u0130T\u0130)[:en] NECK BOTOX(NEFERTITI)[:] - Bursa lazer epilasyon merkezi, bursa botoks, bursa alt\u0131n i\u011fne, bursa gen\u00e7lik a\u015f\u0131s\u0131","isPartOf":{"@id":"https:\/\/fizmerlazer.com\/#website"},"primaryImageOfPage":{"@id":"https:\/\/fizmerlazer.com\/hizmetler\/medikal-estetik-uygulamalari\/boyun-botoxnefertiti\/#primaryimage"},"image":{"@id":"https:\/\/fizmerlazer.com\/hizmetler\/medikal-estetik-uygulamalari\/boyun-botoxnefertiti\/#primaryimage"},"thumbnailUrl":"https:\/\/fizmerlazer.com\/wp-content\/uploads\/2023\/03\/259df11e-9ed9-4f0b-bc7e-1ab05567015f_large.jpg","datePublished":"2023-03-05T21:00:57+00:00","dateModified":"2024-10-15T20:12:35+00:00","description":"CO2 Fraksiyonel Lazer","breadcrumb":{"@id":"https:\/\/fizmerlazer.com\/hizmetler\/medikal-estetik-uygulamalari\/boyun-botoxnefertiti\/#breadcrumb"},"inLanguage":"en-US","potentialAction":[{"@type":"ReadAction","target":["https:\/\/fizmerlazer.com\/hizmetler\/medikal-estetik-uygulamalari\/boyun-botoxnefertiti\/"]}]},{"@type":"ImageObject","inLanguage":"en-US","@id":"https:\/\/fizmerlazer.com\/hizmetler\/medikal-estetik-uygulamalari\/boyun-botoxnefertiti\/#primaryimage","url":"https:\/\/fizmerlazer.com\/wp-content\/uploads\/2023\/03\/259df11e-9ed9-4f0b-bc7e-1ab05567015f_large.jpg","contentUrl":"https:\/\/fizmerlazer.com\/wp-content\/uploads\/2023\/03\/259df11e-9ed9-4f0b-bc7e-1ab05567015f_large.jpg","width":300,"height":259},{"@type":"BreadcrumbList","@id":"https:\/\/fizmerlazer.com\/hizmetler\/medikal-estetik-uygulamalari\/boyun-botoxnefertiti\/#breadcrumb","itemListElement":[{"@type":"ListItem","position":1,"name":"Anasayfa","item":"https:\/\/fizmerlazer.com\/"},{"@type":"ListItem","position":2,"name":"Hizmetlerimiz","item":"https:\/\/fizmerlazer.com\/hizmetler\/"},{"@type":"ListItem","position":3,"name":"Medikal Estetik Uygulamalar\u0131","item":"https:\/\/fizmerlazer.com\/hizmetler\/medikal-estetik-uygulamalari\/"},{"@type":"ListItem","position":4,"name":"BOYUN BOTOX(NEFERT\u0130T\u0130)"}]},{"@type":"WebSite","@id":"https:\/\/fizmerlazer.com\/#website","url":"https:\/\/fizmerlazer.com\/","name":"Bursa lazer epilasyon merkezi, bursa botoks, bursa alt\u0131n i\u011fne, bursa gen\u00e7lik a\u015f\u0131s\u0131","description":"Bursa Lazer Epilasyon Merkezi","potentialAction":[{"@type":"SearchAction","target":{"@type":"EntryPoint","urlTemplate":"https:\/\/fizmerlazer.com\/?s={search_term_string}"},"query-input":{"@type":"PropertyValueSpecification","valueRequired":true,"valueName":"search_term_string"}}],"inLanguage":"en-US"}]}},"_links":{"self":[{"href":"https:\/\/fizmerlazer.com\/en\/wp-json\/wp\/v2\/pages\/1263","targetHints":{"allow":["GET"]}}],"collection":[{"href":"https:\/\/fizmerlazer.com\/en\/wp-json\/wp\/v2\/pages"}],"about":[{"href":"https:\/\/fizmerlazer.com\/en\/wp-json\/wp\/v2\/types\/page"}],"author":[{"embeddable":true,"href":"https:\/\/fizmerlazer.com\/en\/wp-json\/wp\/v2\/users\/1"}],"replies":[{"embeddable":true,"href":"https:\/\/fizmerlazer.com\/en\/wp-json\/wp\/v2\/comments?post=1263"}],"version-history":[{"count":0,"href":"https:\/\/fizmerlazer.com\/en\/wp-json\/wp\/v2\/pages\/1263\/revisions"}],"up":[{"embeddable":true,"href":"https:\/\/fizmerlazer.com\/en\/wp-json\/wp\/v2\/pages\/1070"}],"wp:featuredmedia":[{"embeddable":true,"href":"https:\/\/fizmerlazer.com\/en\/wp-json\/wp\/v2\/media\/1264"}],"wp:attachment":[{"href":"https:\/\/fizmerlazer.com\/en\/wp-json\/wp\/v2\/media?parent=1263"}],"curies":[{"name":"wp","href":"https:\/\/api.w.org\/{rel}","templated":true}]}}