{"id":1266,"date":"2023-03-06T00:03:43","date_gmt":"2023-03-05T21:03:43","guid":{"rendered":"https:\/\/www.fizmer.com\/?page_id=1266"},"modified":"2025-02-21T16:31:03","modified_gmt":"2025-02-21T13:31:03","slug":"sac-tedavileri","status":"publish","type":"page","link":"https:\/\/fizmerlazer.com\/en\/hizmetler\/medikal-estetik-uygulamalari\/sac-tedavileri\/","title":{"rendered":"HAIR TREATMENTS"},"content":{"rendered":"<p>[vc_row][vc_column width=&#8221;1\/2&#8243;][vc_column_text]<\/p>\n<h3><strong>Hair Treatments<\/strong><\/h3>\n<p>Hair treatments are designed to strengthen existing hair follicles, providing a fuller and healthier appearance while significantly stopping hair loss. Hair can be lost due to various reasons, including genetic factors, smoking, excessive stress, irregular sleep, poor nutrition, vitamin deficiencies, and the intensive use of chemical products.<\/p>\n<p>Among the various treatment plans available, the most effective methods include <strong>PRP (Platelet-Rich Plasma) therapy<\/strong>, <strong>Growth Factor<\/strong> (a concentrated form of growth hormones), and <strong>Mesotherapy<\/strong>, which are medical applications injected directly into the hair follicles using fine needles by a doctor, yielding successful results.<\/p>\n<h3><strong>PRP (Platelet-Rich Plasma) Treatment<\/strong><\/h3>\n<p>PRP therapy utilizes the patient\u2019s own stem cells, making it a treatment method with no side effects, no risk of blood-borne diseases, and no allergy potential. The goal of PRP treatment is to awaken dormant hair follicles, converting them back into hair strands, and promoting hair regrowth in thinning areas.<\/p>\n<h3><strong>How Is PRP Applied?<\/strong><\/h3>\n<p>Approximately 10 cc of blood is drawn. The blood is separated from the red blood cells using a device called a centrifuge. The yellow liquid (platelets) is collected and injected directly into the scalp, targeting the hair follicles, using fine needles from a single-use PRP kit or a mesotherapy gun. As this is a medical treatment, it is performed by a doctor under strictly sterile conditions and hygiene rules.<\/p>\n<h3><strong>Mesotherapy Treatments<\/strong><\/h3>\n<p>Mesotherapy treatments can be described as a vitamin cocktail, consisting of a special mixture of vitamins necessary for hair follicles. This mixture is injected beneath the scalp directly into the hair follicles. Mesotherapy is a painless procedure typically performed in 4 to 10 sessions. This treatment helps prevent hair loss and strengthens existing thin hair strands. Based on the doctor&#8217;s recommendation, the first 4 sessions are conducted weekly, followed by sessions every 15 days, and ultimately one session per month to complete 10 sessions. The treatment process lasts approximately 20 minutes.<\/p>\n<p>All treatments can be combined according to the individual&#8217;s needs based on the doctor&#8217;s recommendations. Regular application of treatments under medical supervision ensures the desired results are achieved. Additionally, all treatment methods can also be applied after a hair transplant operation upon the doctor\u2019s advice. This helps speed up the healing of the surgical site and strengthens the transplanted hair follicles more quickly.[\/vc_column_text][\/vc_column][vc_column width=&#8221;1\/2&#8243;][vc_column_text]<img decoding=\"async\" class=\"alignnone wp-image-1267 size-full\" src=\"https:\/\/www.fizmer.com\/wp-content\/uploads\/2023\/03\/9e0b2f09-2644-4ca8-b310-c57000e5b3ad_large.jpg\" alt=\"\" width=\"412\" height=\"250\" srcset=\"https:\/\/fizmerlazer.com\/wp-content\/uploads\/2023\/03\/9e0b2f09-2644-4ca8-b310-c57000e5b3ad_large.jpg 412w, https:\/\/fizmerlazer.com\/wp-content\/uploads\/2023\/03\/9e0b2f09-2644-4ca8-b310-c57000e5b3ad_large-300x182.jpg 300w\" sizes=\"(max-width: 412px) 100vw, 412px\" \/>[\/vc_column_text][vc_button title=&#8221;Contact us for detailed information&#8221; color=&#8221;primary&#8221; size=&#8221;large&#8221; position=&#8221;center&#8221; link=&#8221;url:http%3A%2F%2Fwww.fizmer.com%2Filetisim%2F|||&#8221; el_class=&#8221;bilgi&#8221;][\/vc_column][\/vc_row]<\/p>","protected":false},"excerpt":{"rendered":"<p>[vc_row][vc_column width=&#8221;1\/2&#8243;][vc_column_text] Hair Treatments Hair treatments are designed to strengthen existing hair follicles, providing a fuller and healthier appearance while significantly &#8230;<\/p>\n","protected":false},"author":1,"featured_media":1602,"parent":1070,"menu_order":0,"comment_status":"closed","ping_status":"closed","template":"","meta":{"footnotes":""},"class_list":["post-1266","page","type-page","status-publish","has-post-thumbnail","hentry"],"yoast_head":"<!-- This site is optimized with the Yoast SEO plugin v24.5 - https:\/\/yoast.com\/wordpress\/plugins\/seo\/ -->\n<title>HAIR TREATMENTS - Bursa lazer epilasyon merkezi, bursa botoks, bursa alt\u0131n i\u011fne, bursa gen\u00e7lik a\u015f\u0131s\u0131<\/title>\n<meta name=\"description\" content=\"CO2 Fraksiyonel Lazer\" \/>\n<meta name=\"robots\" content=\"index, follow, max-snippet:-1, max-image-preview:large, max-video-preview:-1\" \/>\n<link rel=\"canonical\" href=\"https:\/\/fizmerlazer.com\/hizmetler\/medikal-estetik-uygulamalari\/sac-tedavileri\/\" \/>\n<meta property=\"og:locale\" content=\"en_US\" \/>\n<meta property=\"og:type\" content=\"article\" \/>\n<meta property=\"og:title\" content=\"[:tr]SA\u00c7 TEDAV\u0130LER\u0130[:en]HAIR TREATMENTS[:] - Bursa lazer epilasyon merkezi, bursa botoks, bursa alt\u0131n i\u011fne, bursa gen\u00e7lik a\u015f\u0131s\u0131\" \/>\n<meta property=\"og:description\" content=\"CO2 Fraksiyonel Lazer\" \/>\n<meta property=\"og:url\" content=\"https:\/\/fizmerlazer.com\/hizmetler\/medikal-estetik-uygulamalari\/sac-tedavileri\/\" \/>\n<meta property=\"og:site_name\" content=\"Bursa lazer epilasyon merkezi, bursa botoks, bursa alt\u0131n i\u011fne, bursa gen\u00e7lik a\u015f\u0131s\u0131\" \/>\n<meta property=\"article:modified_time\" content=\"2025-02-21T13:31:03+00:00\" \/>\n<meta property=\"og:image\" content=\"https:\/\/fizmerlazer.com\/wp-content\/uploads\/2025\/02\/sac-mezo.jpg\" \/>\n\t<meta property=\"og:image:width\" content=\"1042\" \/>\n\t<meta property=\"og:image:height\" content=\"1115\" \/>\n\t<meta property=\"og:image:type\" content=\"image\/jpeg\" \/>\n<meta name=\"twitter:card\" content=\"summary_large_image\" \/>\n<meta name=\"twitter:label1\" content=\"Est. reading time\" \/>\n\t<meta name=\"twitter:data1\" content=\"3 minutes\" \/>\n<script type=\"application\/ld+json\" class=\"yoast-schema-graph\">{\"@context\":\"https:\/\/schema.org\",\"@graph\":[{\"@type\":\"WebPage\",\"@id\":\"https:\/\/fizmerlazer.com\/hizmetler\/medikal-estetik-uygulamalari\/sac-tedavileri\/\",\"url\":\"https:\/\/fizmerlazer.com\/hizmetler\/medikal-estetik-uygulamalari\/sac-tedavileri\/\",\"name\":\"[:tr]SA\u00c7 TEDAV\u0130LER\u0130[:en]HAIR TREATMENTS[:] - Bursa lazer epilasyon merkezi, bursa botoks, bursa alt\u0131n i\u011fne, bursa gen\u00e7lik a\u015f\u0131s\u0131\",\"isPartOf\":{\"@id\":\"https:\/\/fizmerlazer.com\/#website\"},\"primaryImageOfPage\":{\"@id\":\"https:\/\/fizmerlazer.com\/hizmetler\/medikal-estetik-uygulamalari\/sac-tedavileri\/#primaryimage\"},\"image\":{\"@id\":\"https:\/\/fizmerlazer.com\/hizmetler\/medikal-estetik-uygulamalari\/sac-tedavileri\/#primaryimage\"},\"thumbnailUrl\":\"https:\/\/fizmerlazer.com\/wp-content\/uploads\/2025\/02\/sac-mezo.jpg\",\"datePublished\":\"2023-03-05T21:03:43+00:00\",\"dateModified\":\"2025-02-21T13:31:03+00:00\",\"description\":\"CO2 Fraksiyonel Lazer\",\"breadcrumb\":{\"@id\":\"https:\/\/fizmerlazer.com\/hizmetler\/medikal-estetik-uygulamalari\/sac-tedavileri\/#breadcrumb\"},\"inLanguage\":\"en-US\",\"potentialAction\":[{\"@type\":\"ReadAction\",\"target\":[\"https:\/\/fizmerlazer.com\/hizmetler\/medikal-estetik-uygulamalari\/sac-tedavileri\/\"]}]},{\"@type\":\"ImageObject\",\"inLanguage\":\"en-US\",\"@id\":\"https:\/\/fizmerlazer.com\/hizmetler\/medikal-estetik-uygulamalari\/sac-tedavileri\/#primaryimage\",\"url\":\"https:\/\/fizmerlazer.com\/wp-content\/uploads\/2025\/02\/sac-mezo.jpg\",\"contentUrl\":\"https:\/\/fizmerlazer.com\/wp-content\/uploads\/2025\/02\/sac-mezo.jpg\",\"width\":1042,\"height\":1115},{\"@type\":\"BreadcrumbList\",\"@id\":\"https:\/\/fizmerlazer.com\/hizmetler\/medikal-estetik-uygulamalari\/sac-tedavileri\/#breadcrumb\",\"itemListElement\":[{\"@type\":\"ListItem\",\"position\":1,\"name\":\"Anasayfa\",\"item\":\"https:\/\/fizmerlazer.com\/\"},{\"@type\":\"ListItem\",\"position\":2,\"name\":\"Hizmetlerimiz\",\"item\":\"https:\/\/fizmerlazer.com\/hizmetler\/\"},{\"@type\":\"ListItem\",\"position\":3,\"name\":\"Medikal Estetik Uygulamalar\u0131\",\"item\":\"https:\/\/fizmerlazer.com\/hizmetler\/medikal-estetik-uygulamalari\/\"},{\"@type\":\"ListItem\",\"position\":4,\"name\":\"SA\u00c7 TEDAV\u0130LER\u0130\"}]},{\"@type\":\"WebSite\",\"@id\":\"https:\/\/fizmerlazer.com\/#website\",\"url\":\"https:\/\/fizmerlazer.com\/\",\"name\":\"Bursa lazer epilasyon merkezi, bursa botoks, bursa alt\u0131n i\u011fne, bursa gen\u00e7lik a\u015f\u0131s\u0131\",\"description\":\"Bursa Lazer Epilasyon Merkezi\",\"potentialAction\":[{\"@type\":\"SearchAction\",\"target\":{\"@type\":\"EntryPoint\",\"urlTemplate\":\"https:\/\/fizmerlazer.com\/?s={search_term_string}\"},\"query-input\":{\"@type\":\"PropertyValueSpecification\",\"valueRequired\":true,\"valueName\":\"search_term_string\"}}],\"inLanguage\":\"en-US\"}]}<\/script>\n<!-- \/ Yoast SEO plugin. -->","yoast_head_json":{"title":"[:tr]SA\u00c7 TEDAV\u0130LER\u0130[:en]HAIR TREATMENTS[:] - Bursa lazer epilasyon merkezi, bursa botoks, bursa alt\u0131n i\u011fne, bursa gen\u00e7lik a\u015f\u0131s\u0131","description":"CO2 Fraksiyonel Lazer","robots":{"index":"index","follow":"follow","max-snippet":"max-snippet:-1","max-image-preview":"max-image-preview:large","max-video-preview":"max-video-preview:-1"},"canonical":"https:\/\/fizmerlazer.com\/hizmetler\/medikal-estetik-uygulamalari\/sac-tedavileri\/","og_locale":"en_US","og_type":"article","og_title":"[:tr]SA\u00c7 TEDAV\u0130LER\u0130[:en]HAIR TREATMENTS[:] - Bursa lazer epilasyon merkezi, bursa botoks, bursa alt\u0131n i\u011fne, bursa gen\u00e7lik a\u015f\u0131s\u0131","og_description":"CO2 Fraksiyonel Lazer","og_url":"https:\/\/fizmerlazer.com\/hizmetler\/medikal-estetik-uygulamalari\/sac-tedavileri\/","og_site_name":"Bursa lazer epilasyon merkezi, bursa botoks, bursa alt\u0131n i\u011fne, bursa gen\u00e7lik a\u015f\u0131s\u0131","article_modified_time":"2025-02-21T13:31:03+00:00","og_image":[{"width":1042,"height":1115,"url":"https:\/\/fizmerlazer.com\/wp-content\/uploads\/2025\/02\/sac-mezo.jpg","type":"image\/jpeg"}],"twitter_card":"summary_large_image","twitter_misc":{"Est. reading time":"3 minutes"},"schema":{"@context":"https:\/\/schema.org","@graph":[{"@type":"WebPage","@id":"https:\/\/fizmerlazer.com\/hizmetler\/medikal-estetik-uygulamalari\/sac-tedavileri\/","url":"https:\/\/fizmerlazer.com\/hizmetler\/medikal-estetik-uygulamalari\/sac-tedavileri\/","name":"[:tr]SA\u00c7 TEDAV\u0130LER\u0130[:en]HAIR TREATMENTS[:] - Bursa lazer epilasyon merkezi, bursa botoks, bursa alt\u0131n i\u011fne, bursa gen\u00e7lik a\u015f\u0131s\u0131","isPartOf":{"@id":"https:\/\/fizmerlazer.com\/#website"},"primaryImageOfPage":{"@id":"https:\/\/fizmerlazer.com\/hizmetler\/medikal-estetik-uygulamalari\/sac-tedavileri\/#primaryimage"},"image":{"@id":"https:\/\/fizmerlazer.com\/hizmetler\/medikal-estetik-uygulamalari\/sac-tedavileri\/#primaryimage"},"thumbnailUrl":"https:\/\/fizmerlazer.com\/wp-content\/uploads\/2025\/02\/sac-mezo.jpg","datePublished":"2023-03-05T21:03:43+00:00","dateModified":"2025-02-21T13:31:03+00:00","description":"CO2 Fraksiyonel Lazer","breadcrumb":{"@id":"https:\/\/fizmerlazer.com\/hizmetler\/medikal-estetik-uygulamalari\/sac-tedavileri\/#breadcrumb"},"inLanguage":"en-US","potentialAction":[{"@type":"ReadAction","target":["https:\/\/fizmerlazer.com\/hizmetler\/medikal-estetik-uygulamalari\/sac-tedavileri\/"]}]},{"@type":"ImageObject","inLanguage":"en-US","@id":"https:\/\/fizmerlazer.com\/hizmetler\/medikal-estetik-uygulamalari\/sac-tedavileri\/#primaryimage","url":"https:\/\/fizmerlazer.com\/wp-content\/uploads\/2025\/02\/sac-mezo.jpg","contentUrl":"https:\/\/fizmerlazer.com\/wp-content\/uploads\/2025\/02\/sac-mezo.jpg","width":1042,"height":1115},{"@type":"BreadcrumbList","@id":"https:\/\/fizmerlazer.com\/hizmetler\/medikal-estetik-uygulamalari\/sac-tedavileri\/#breadcrumb","itemListElement":[{"@type":"ListItem","position":1,"name":"Anasayfa","item":"https:\/\/fizmerlazer.com\/"},{"@type":"ListItem","position":2,"name":"Hizmetlerimiz","item":"https:\/\/fizmerlazer.com\/hizmetler\/"},{"@type":"ListItem","position":3,"name":"Medikal Estetik Uygulamalar\u0131","item":"https:\/\/fizmerlazer.com\/hizmetler\/medikal-estetik-uygulamalari\/"},{"@type":"ListItem","position":4,"name":"SA\u00c7 TEDAV\u0130LER\u0130"}]},{"@type":"WebSite","@id":"https:\/\/fizmerlazer.com\/#website","url":"https:\/\/fizmerlazer.com\/","name":"Bursa lazer epilasyon merkezi, bursa botoks, bursa alt\u0131n i\u011fne, bursa gen\u00e7lik a\u015f\u0131s\u0131","description":"Bursa Lazer Epilasyon Merkezi","potentialAction":[{"@type":"SearchAction","target":{"@type":"EntryPoint","urlTemplate":"https:\/\/fizmerlazer.com\/?s={search_term_string}"},"query-input":{"@type":"PropertyValueSpecification","valueRequired":true,"valueName":"search_term_string"}}],"inLanguage":"en-US"}]}},"_links":{"self":[{"href":"https:\/\/fizmerlazer.com\/en\/wp-json\/wp\/v2\/pages\/1266","targetHints":{"allow":["GET"]}}],"collection":[{"href":"https:\/\/fizmerlazer.com\/en\/wp-json\/wp\/v2\/pages"}],"about":[{"href":"https:\/\/fizmerlazer.com\/en\/wp-json\/wp\/v2\/types\/page"}],"author":[{"embeddable":true,"href":"https:\/\/fizmerlazer.com\/en\/wp-json\/wp\/v2\/users\/1"}],"replies":[{"embeddable":true,"href":"https:\/\/fizmerlazer.com\/en\/wp-json\/wp\/v2\/comments?post=1266"}],"version-history":[{"count":0,"href":"https:\/\/fizmerlazer.com\/en\/wp-json\/wp\/v2\/pages\/1266\/revisions"}],"up":[{"embeddable":true,"href":"https:\/\/fizmerlazer.com\/en\/wp-json\/wp\/v2\/pages\/1070"}],"wp:featuredmedia":[{"embeddable":true,"href":"https:\/\/fizmerlazer.com\/en\/wp-json\/wp\/v2\/media\/1602"}],"wp:attachment":[{"href":"https:\/\/fizmerlazer.com\/en\/wp-json\/wp\/v2\/media?parent=1266"}],"curies":[{"name":"wp","href":"https:\/\/api.w.org\/{rel}","templated":true}]}}