{"id":1287,"date":"2023-03-06T00:17:17","date_gmt":"2023-03-05T21:17:17","guid":{"rendered":"https:\/\/www.fizmer.com\/?page_id=1287"},"modified":"2024-10-15T23:37:56","modified_gmt":"2024-10-15T20:37:56","slug":"medikal-bakimhydrapower","status":"publish","type":"page","link":"https:\/\/fizmerlazer.com\/en\/hizmetler\/cilt-bakimi\/medikal-bakimhydrapower\/","title":{"rendered":"MEDICAL CARE (HYDRAPOWER)"},"content":{"rendered":"<p>[vc_row][vc_column width=&#8221;1\/2&#8243;][vc_column_text]<\/p>\n<h3><strong>What is HydraPower?<\/strong><\/h3>\n<p><strong>Bursa Medical Skin Care<\/strong><\/p>\n<p>HydraPower is a type of anti-aging treatment used for skin rejuvenation, acne, and blemish treatment. This device operates using a vacuum method to deeply cleanse the skin, making it completely painless and without discomfort since it does not involve injections or similar techniques. Thanks to its advanced technology, this method promotes skin renewal without damaging it, making it a frequently preferred application for those who want healthier, brighter, beautiful, and youthful-looking skin.<\/p>\n<p>With the HydraPower method, deep skin cleansing, exfoliation, renewal, hydration, and antioxidant protection can all be performed in a single session. The vacuum head provides cleansing to the deepest layers of the skin, exfoliating it at a microscopic level and removing all dead cells, excess oil that can cause clogged pores, and blackheads. It is effective in reducing fine lines and wrinkles and can be applied in any season.<\/p>\n<p>Everyone receiving HydraPower treatment should use sunscreen. After the treatment, makeup can be applied, and the face can be washed. You can continue your daily life with a more radiant complexion![\/vc_column_text][\/vc_column][vc_column width=&#8221;1\/2&#8243;][vc_column_text]<img decoding=\"async\" class=\"alignnone wp-image-1288 size-full\" src=\"https:\/\/www.fizmer.com\/wp-content\/uploads\/2023\/03\/ea38ffed-0227-4c11-9fe5-1dde52cd7ccb_large.jpg\" alt=\"\" width=\"512\" height=\"341\" srcset=\"https:\/\/fizmerlazer.com\/wp-content\/uploads\/2023\/03\/ea38ffed-0227-4c11-9fe5-1dde52cd7ccb_large.jpg 512w, https:\/\/fizmerlazer.com\/wp-content\/uploads\/2023\/03\/ea38ffed-0227-4c11-9fe5-1dde52cd7ccb_large-300x200.jpg 300w\" sizes=\"(max-width: 512px) 100vw, 512px\" \/>[\/vc_column_text][vc_button title=&#8221;Contact us for detailed information&#8221; color=&#8221;primary&#8221; size=&#8221;large&#8221; position=&#8221;center&#8221; link=&#8221;url:http%3A%2F%2Fwww.fizmer.com%2Filetisim%2F|||&#8221; el_class=&#8221;bilgi&#8221;][\/vc_column][\/vc_row]<\/p>","protected":false},"excerpt":{"rendered":"<p>[vc_row][vc_column width=&#8221;1\/2&#8243;][vc_column_text] What is HydraPower? Bursa Medical Skin Care HydraPower is a type of anti-aging treatment used for skin rejuvenation, acne, &#8230;<\/p>\n","protected":false},"author":1,"featured_media":1288,"parent":1205,"menu_order":0,"comment_status":"closed","ping_status":"closed","template":"","meta":{"footnotes":""},"class_list":["post-1287","page","type-page","status-publish","has-post-thumbnail","hentry"],"yoast_head":"<!-- This site is optimized with the Yoast SEO plugin v24.5 - https:\/\/yoast.com\/wordpress\/plugins\/seo\/ -->\n<title>MEDICAL CARE (HYDRAPOWER) - Bursa lazer epilasyon merkezi, bursa botoks, bursa alt\u0131n i\u011fne, bursa gen\u00e7lik a\u015f\u0131s\u0131<\/title>\n<meta name=\"description\" content=\"CO2 Fraksiyonel Lazer\" \/>\n<meta name=\"robots\" content=\"index, follow, max-snippet:-1, max-image-preview:large, max-video-preview:-1\" \/>\n<link rel=\"canonical\" href=\"https:\/\/fizmerlazer.com\/hizmetler\/cilt-bakimi\/medikal-bakimhydrapower\/\" \/>\n<meta property=\"og:locale\" content=\"en_US\" \/>\n<meta property=\"og:type\" content=\"article\" \/>\n<meta property=\"og:title\" content=\"[:tr]MED\u0130KAL BAKIM(HYDRAPOWER)[:en]MEDICAL CARE (HYDRAPOWER)[:] - Bursa lazer epilasyon merkezi, bursa botoks, bursa alt\u0131n i\u011fne, bursa gen\u00e7lik a\u015f\u0131s\u0131\" \/>\n<meta property=\"og:description\" content=\"CO2 Fraksiyonel Lazer\" \/>\n<meta property=\"og:url\" content=\"https:\/\/fizmerlazer.com\/hizmetler\/cilt-bakimi\/medikal-bakimhydrapower\/\" \/>\n<meta property=\"og:site_name\" content=\"Bursa lazer epilasyon merkezi, bursa botoks, bursa alt\u0131n i\u011fne, bursa gen\u00e7lik a\u015f\u0131s\u0131\" \/>\n<meta property=\"article:modified_time\" content=\"2024-10-15T20:37:56+00:00\" \/>\n<meta property=\"og:image\" content=\"https:\/\/fizmerlazer.com\/wp-content\/uploads\/2023\/03\/ea38ffed-0227-4c11-9fe5-1dde52cd7ccb_large.jpg\" \/>\n\t<meta property=\"og:image:width\" content=\"512\" \/>\n\t<meta property=\"og:image:height\" content=\"341\" \/>\n\t<meta property=\"og:image:type\" content=\"image\/jpeg\" \/>\n<meta name=\"twitter:card\" content=\"summary_large_image\" \/>\n<meta name=\"twitter:label1\" content=\"Est. reading time\" \/>\n\t<meta name=\"twitter:data1\" content=\"2 minutes\" \/>\n<script type=\"application\/ld+json\" class=\"yoast-schema-graph\">{\"@context\":\"https:\/\/schema.org\",\"@graph\":[{\"@type\":\"WebPage\",\"@id\":\"https:\/\/fizmerlazer.com\/hizmetler\/cilt-bakimi\/medikal-bakimhydrapower\/\",\"url\":\"https:\/\/fizmerlazer.com\/hizmetler\/cilt-bakimi\/medikal-bakimhydrapower\/\",\"name\":\"[:tr]MED\u0130KAL BAKIM(HYDRAPOWER)[:en]MEDICAL CARE (HYDRAPOWER)[:] - Bursa lazer epilasyon merkezi, bursa botoks, bursa alt\u0131n i\u011fne, bursa gen\u00e7lik a\u015f\u0131s\u0131\",\"isPartOf\":{\"@id\":\"https:\/\/fizmerlazer.com\/#website\"},\"primaryImageOfPage\":{\"@id\":\"https:\/\/fizmerlazer.com\/hizmetler\/cilt-bakimi\/medikal-bakimhydrapower\/#primaryimage\"},\"image\":{\"@id\":\"https:\/\/fizmerlazer.com\/hizmetler\/cilt-bakimi\/medikal-bakimhydrapower\/#primaryimage\"},\"thumbnailUrl\":\"https:\/\/fizmerlazer.com\/wp-content\/uploads\/2023\/03\/ea38ffed-0227-4c11-9fe5-1dde52cd7ccb_large.jpg\",\"datePublished\":\"2023-03-05T21:17:17+00:00\",\"dateModified\":\"2024-10-15T20:37:56+00:00\",\"description\":\"CO2 Fraksiyonel Lazer\",\"breadcrumb\":{\"@id\":\"https:\/\/fizmerlazer.com\/hizmetler\/cilt-bakimi\/medikal-bakimhydrapower\/#breadcrumb\"},\"inLanguage\":\"en-US\",\"potentialAction\":[{\"@type\":\"ReadAction\",\"target\":[\"https:\/\/fizmerlazer.com\/hizmetler\/cilt-bakimi\/medikal-bakimhydrapower\/\"]}]},{\"@type\":\"ImageObject\",\"inLanguage\":\"en-US\",\"@id\":\"https:\/\/fizmerlazer.com\/hizmetler\/cilt-bakimi\/medikal-bakimhydrapower\/#primaryimage\",\"url\":\"https:\/\/fizmerlazer.com\/wp-content\/uploads\/2023\/03\/ea38ffed-0227-4c11-9fe5-1dde52cd7ccb_large.jpg\",\"contentUrl\":\"https:\/\/fizmerlazer.com\/wp-content\/uploads\/2023\/03\/ea38ffed-0227-4c11-9fe5-1dde52cd7ccb_large.jpg\",\"width\":512,\"height\":341},{\"@type\":\"BreadcrumbList\",\"@id\":\"https:\/\/fizmerlazer.com\/hizmetler\/cilt-bakimi\/medikal-bakimhydrapower\/#breadcrumb\",\"itemListElement\":[{\"@type\":\"ListItem\",\"position\":1,\"name\":\"Anasayfa\",\"item\":\"https:\/\/fizmerlazer.com\/\"},{\"@type\":\"ListItem\",\"position\":2,\"name\":\"Hizmetlerimiz\",\"item\":\"https:\/\/fizmerlazer.com\/hizmetler\/\"},{\"@type\":\"ListItem\",\"position\":3,\"name\":\"Cilt Bak\u0131m\u0131\",\"item\":\"https:\/\/fizmerlazer.com\/hizmetler\/cilt-bakimi\/\"},{\"@type\":\"ListItem\",\"position\":4,\"name\":\"MED\u0130KAL BAKIM(HYDRAPOWER)\"}]},{\"@type\":\"WebSite\",\"@id\":\"https:\/\/fizmerlazer.com\/#website\",\"url\":\"https:\/\/fizmerlazer.com\/\",\"name\":\"Bursa lazer epilasyon merkezi, bursa botoks, bursa alt\u0131n i\u011fne, bursa gen\u00e7lik a\u015f\u0131s\u0131\",\"description\":\"Bursa Lazer Epilasyon Merkezi\",\"potentialAction\":[{\"@type\":\"SearchAction\",\"target\":{\"@type\":\"EntryPoint\",\"urlTemplate\":\"https:\/\/fizmerlazer.com\/?s={search_term_string}\"},\"query-input\":{\"@type\":\"PropertyValueSpecification\",\"valueRequired\":true,\"valueName\":\"search_term_string\"}}],\"inLanguage\":\"en-US\"}]}<\/script>\n<!-- \/ Yoast SEO plugin. -->","yoast_head_json":{"title":"[:tr]MED\u0130KAL BAKIM(HYDRAPOWER)[:en]MEDICAL CARE (HYDRAPOWER)[:] - Bursa lazer epilasyon merkezi, bursa botoks, bursa alt\u0131n i\u011fne, bursa gen\u00e7lik a\u015f\u0131s\u0131","description":"CO2 Fraksiyonel Lazer","robots":{"index":"index","follow":"follow","max-snippet":"max-snippet:-1","max-image-preview":"max-image-preview:large","max-video-preview":"max-video-preview:-1"},"canonical":"https:\/\/fizmerlazer.com\/hizmetler\/cilt-bakimi\/medikal-bakimhydrapower\/","og_locale":"en_US","og_type":"article","og_title":"[:tr]MED\u0130KAL BAKIM(HYDRAPOWER)[:en]MEDICAL CARE (HYDRAPOWER)[:] - Bursa lazer epilasyon merkezi, bursa botoks, bursa alt\u0131n i\u011fne, bursa gen\u00e7lik a\u015f\u0131s\u0131","og_description":"CO2 Fraksiyonel Lazer","og_url":"https:\/\/fizmerlazer.com\/hizmetler\/cilt-bakimi\/medikal-bakimhydrapower\/","og_site_name":"Bursa lazer epilasyon merkezi, bursa botoks, bursa alt\u0131n i\u011fne, bursa gen\u00e7lik a\u015f\u0131s\u0131","article_modified_time":"2024-10-15T20:37:56+00:00","og_image":[{"width":512,"height":341,"url":"https:\/\/fizmerlazer.com\/wp-content\/uploads\/2023\/03\/ea38ffed-0227-4c11-9fe5-1dde52cd7ccb_large.jpg","type":"image\/jpeg"}],"twitter_card":"summary_large_image","twitter_misc":{"Est. reading time":"2 minutes"},"schema":{"@context":"https:\/\/schema.org","@graph":[{"@type":"WebPage","@id":"https:\/\/fizmerlazer.com\/hizmetler\/cilt-bakimi\/medikal-bakimhydrapower\/","url":"https:\/\/fizmerlazer.com\/hizmetler\/cilt-bakimi\/medikal-bakimhydrapower\/","name":"[:tr]MED\u0130KAL BAKIM(HYDRAPOWER)[:en]MEDICAL CARE (HYDRAPOWER)[:] - Bursa lazer epilasyon merkezi, bursa botoks, bursa alt\u0131n i\u011fne, bursa gen\u00e7lik a\u015f\u0131s\u0131","isPartOf":{"@id":"https:\/\/fizmerlazer.com\/#website"},"primaryImageOfPage":{"@id":"https:\/\/fizmerlazer.com\/hizmetler\/cilt-bakimi\/medikal-bakimhydrapower\/#primaryimage"},"image":{"@id":"https:\/\/fizmerlazer.com\/hizmetler\/cilt-bakimi\/medikal-bakimhydrapower\/#primaryimage"},"thumbnailUrl":"https:\/\/fizmerlazer.com\/wp-content\/uploads\/2023\/03\/ea38ffed-0227-4c11-9fe5-1dde52cd7ccb_large.jpg","datePublished":"2023-03-05T21:17:17+00:00","dateModified":"2024-10-15T20:37:56+00:00","description":"CO2 Fraksiyonel Lazer","breadcrumb":{"@id":"https:\/\/fizmerlazer.com\/hizmetler\/cilt-bakimi\/medikal-bakimhydrapower\/#breadcrumb"},"inLanguage":"en-US","potentialAction":[{"@type":"ReadAction","target":["https:\/\/fizmerlazer.com\/hizmetler\/cilt-bakimi\/medikal-bakimhydrapower\/"]}]},{"@type":"ImageObject","inLanguage":"en-US","@id":"https:\/\/fizmerlazer.com\/hizmetler\/cilt-bakimi\/medikal-bakimhydrapower\/#primaryimage","url":"https:\/\/fizmerlazer.com\/wp-content\/uploads\/2023\/03\/ea38ffed-0227-4c11-9fe5-1dde52cd7ccb_large.jpg","contentUrl":"https:\/\/fizmerlazer.com\/wp-content\/uploads\/2023\/03\/ea38ffed-0227-4c11-9fe5-1dde52cd7ccb_large.jpg","width":512,"height":341},{"@type":"BreadcrumbList","@id":"https:\/\/fizmerlazer.com\/hizmetler\/cilt-bakimi\/medikal-bakimhydrapower\/#breadcrumb","itemListElement":[{"@type":"ListItem","position":1,"name":"Anasayfa","item":"https:\/\/fizmerlazer.com\/"},{"@type":"ListItem","position":2,"name":"Hizmetlerimiz","item":"https:\/\/fizmerlazer.com\/hizmetler\/"},{"@type":"ListItem","position":3,"name":"Cilt Bak\u0131m\u0131","item":"https:\/\/fizmerlazer.com\/hizmetler\/cilt-bakimi\/"},{"@type":"ListItem","position":4,"name":"MED\u0130KAL BAKIM(HYDRAPOWER)"}]},{"@type":"WebSite","@id":"https:\/\/fizmerlazer.com\/#website","url":"https:\/\/fizmerlazer.com\/","name":"Bursa lazer epilasyon merkezi, bursa botoks, bursa alt\u0131n i\u011fne, bursa gen\u00e7lik a\u015f\u0131s\u0131","description":"Bursa Lazer Epilasyon Merkezi","potentialAction":[{"@type":"SearchAction","target":{"@type":"EntryPoint","urlTemplate":"https:\/\/fizmerlazer.com\/?s={search_term_string}"},"query-input":{"@type":"PropertyValueSpecification","valueRequired":true,"valueName":"search_term_string"}}],"inLanguage":"en-US"}]}},"_links":{"self":[{"href":"https:\/\/fizmerlazer.com\/en\/wp-json\/wp\/v2\/pages\/1287","targetHints":{"allow":["GET"]}}],"collection":[{"href":"https:\/\/fizmerlazer.com\/en\/wp-json\/wp\/v2\/pages"}],"about":[{"href":"https:\/\/fizmerlazer.com\/en\/wp-json\/wp\/v2\/types\/page"}],"author":[{"embeddable":true,"href":"https:\/\/fizmerlazer.com\/en\/wp-json\/wp\/v2\/users\/1"}],"replies":[{"embeddable":true,"href":"https:\/\/fizmerlazer.com\/en\/wp-json\/wp\/v2\/comments?post=1287"}],"version-history":[{"count":0,"href":"https:\/\/fizmerlazer.com\/en\/wp-json\/wp\/v2\/pages\/1287\/revisions"}],"up":[{"embeddable":true,"href":"https:\/\/fizmerlazer.com\/en\/wp-json\/wp\/v2\/pages\/1205"}],"wp:featuredmedia":[{"embeddable":true,"href":"https:\/\/fizmerlazer.com\/en\/wp-json\/wp\/v2\/media\/1288"}],"wp:attachment":[{"href":"https:\/\/fizmerlazer.com\/en\/wp-json\/wp\/v2\/media?parent=1287"}],"curies":[{"name":"wp","href":"https:\/\/api.w.org\/{rel}","templated":true}]}}