{"id":1410,"date":"2023-10-09T00:00:16","date_gmt":"2023-10-08T21:00:16","guid":{"rendered":"https:\/\/www.fizmer.com\/?page_id=1410"},"modified":"2024-10-13T23:06:12","modified_gmt":"2024-10-13T20:06:12","slug":"bursa-alexandrite-lazer-epilasyon","status":"publish","type":"page","link":"https:\/\/fizmerlazer.com\/en\/sikca-sorulan-sorular\/bursa-alexandrite-lazer-epilasyon\/","title":{"rendered":"Alexandrite laser hair removal"},"content":{"rendered":"<p>[vc_row][vc_column width=&#8221;1\/2&#8243;][vc_column_text]Bursa Alexandrite laser hair removal, it is very important to choose a reputable and experienced practitioner or clinic for Alexandrite laser hair removal in order to achieve the best results and minimise the risk of complications. In addition, individual results may vary depending on factors such as skin type, hair colour and the area treated, so it is important to have realistic expectations and follow the recommended treatment plan. For detailed information on Alexandrite laser hair removal. Fizmer Clinic, which serves in Bursa, is at your service with its expert physicians and team.[\/vc_column_text][\/vc_column][vc_column width=&#8221;1\/2&#8243;][\/vc_column][\/vc_row]<\/p>","protected":false},"excerpt":{"rendered":"<p>[vc_row][vc_column width=&#8221;1\/2&#8243;][vc_column_text]Bursa Alexandrite laser hair removal, it is very important to choose a reputable and experienced practitioner or clinic for Alexandrite &#8230;<\/p>\n","protected":false},"author":1,"featured_media":1371,"parent":897,"menu_order":0,"comment_status":"closed","ping_status":"closed","template":"","meta":{"footnotes":""},"class_list":["post-1410","page","type-page","status-publish","has-post-thumbnail","hentry"],"yoast_head":"<!-- This site is optimized with the Yoast SEO plugin v24.5 - https:\/\/yoast.com\/wordpress\/plugins\/seo\/ -->\n<title>Alexandrite laser hair removal - Bursa lazer epilasyon merkezi, bursa botoks, bursa alt\u0131n i\u011fne, bursa gen\u00e7lik a\u015f\u0131s\u0131<\/title>\n<meta name=\"robots\" content=\"index, follow, max-snippet:-1, max-image-preview:large, max-video-preview:-1\" \/>\n<link rel=\"canonical\" href=\"https:\/\/fizmerlazer.com\/sikca-sorulan-sorular\/bursa-alexandrite-lazer-epilasyon\/\" \/>\n<meta property=\"og:locale\" content=\"en_US\" \/>\n<meta property=\"og:type\" content=\"article\" \/>\n<meta property=\"og:title\" content=\"[:tr]Alexandrite lazer epilasyon[:en]Alexandrite laser hair removal[:] - Bursa lazer epilasyon merkezi, bursa botoks, bursa alt\u0131n i\u011fne, bursa gen\u00e7lik a\u015f\u0131s\u0131\" \/>\n<meta property=\"og:description\" content=\"[vc_row][vc_column width=&#8221;1\/2&#8243;][vc_column_text]Bursa Alexandrite laser hair removal, it is very important to choose a reputable and experienced practitioner or clinic for Alexandrite ...\" \/>\n<meta property=\"og:url\" content=\"https:\/\/fizmerlazer.com\/sikca-sorulan-sorular\/bursa-alexandrite-lazer-epilasyon\/\" \/>\n<meta property=\"og:site_name\" content=\"Bursa lazer epilasyon merkezi, bursa botoks, bursa alt\u0131n i\u011fne, bursa gen\u00e7lik a\u015f\u0131s\u0131\" \/>\n<meta property=\"article:modified_time\" content=\"2024-10-13T20:06:12+00:00\" \/>\n<meta property=\"og:image\" content=\"https:\/\/fizmerlazer.com\/wp-content\/uploads\/2023\/03\/fizmer_bursa_lazer_epilasyon_botoks_altin_igne.jpg\" \/>\n\t<meta property=\"og:image:width\" content=\"512\" \/>\n\t<meta property=\"og:image:height\" content=\"300\" \/>\n\t<meta property=\"og:image:type\" content=\"image\/jpeg\" \/>\n<meta name=\"twitter:card\" content=\"summary_large_image\" \/>\n<meta name=\"twitter:label1\" content=\"Est. reading time\" \/>\n\t<meta name=\"twitter:data1\" content=\"1 minute\" \/>\n<script type=\"application\/ld+json\" class=\"yoast-schema-graph\">{\"@context\":\"https:\/\/schema.org\",\"@graph\":[{\"@type\":\"WebPage\",\"@id\":\"https:\/\/fizmerlazer.com\/sikca-sorulan-sorular\/bursa-alexandrite-lazer-epilasyon\/\",\"url\":\"https:\/\/fizmerlazer.com\/sikca-sorulan-sorular\/bursa-alexandrite-lazer-epilasyon\/\",\"name\":\"[:tr]Alexandrite lazer epilasyon[:en]Alexandrite laser hair removal[:] - Bursa lazer epilasyon merkezi, bursa botoks, bursa alt\u0131n i\u011fne, bursa gen\u00e7lik a\u015f\u0131s\u0131\",\"isPartOf\":{\"@id\":\"https:\/\/fizmerlazer.com\/#website\"},\"primaryImageOfPage\":{\"@id\":\"https:\/\/fizmerlazer.com\/sikca-sorulan-sorular\/bursa-alexandrite-lazer-epilasyon\/#primaryimage\"},\"image\":{\"@id\":\"https:\/\/fizmerlazer.com\/sikca-sorulan-sorular\/bursa-alexandrite-lazer-epilasyon\/#primaryimage\"},\"thumbnailUrl\":\"https:\/\/fizmerlazer.com\/wp-content\/uploads\/2023\/03\/fizmer_bursa_lazer_epilasyon_botoks_altin_igne.jpg\",\"datePublished\":\"2023-10-08T21:00:16+00:00\",\"dateModified\":\"2024-10-13T20:06:12+00:00\",\"breadcrumb\":{\"@id\":\"https:\/\/fizmerlazer.com\/sikca-sorulan-sorular\/bursa-alexandrite-lazer-epilasyon\/#breadcrumb\"},\"inLanguage\":\"en-US\",\"potentialAction\":[{\"@type\":\"ReadAction\",\"target\":[\"https:\/\/fizmerlazer.com\/sikca-sorulan-sorular\/bursa-alexandrite-lazer-epilasyon\/\"]}]},{\"@type\":\"ImageObject\",\"inLanguage\":\"en-US\",\"@id\":\"https:\/\/fizmerlazer.com\/sikca-sorulan-sorular\/bursa-alexandrite-lazer-epilasyon\/#primaryimage\",\"url\":\"https:\/\/fizmerlazer.com\/wp-content\/uploads\/2023\/03\/fizmer_bursa_lazer_epilasyon_botoks_altin_igne.jpg\",\"contentUrl\":\"https:\/\/fizmerlazer.com\/wp-content\/uploads\/2023\/03\/fizmer_bursa_lazer_epilasyon_botoks_altin_igne.jpg\",\"width\":512,\"height\":300},{\"@type\":\"BreadcrumbList\",\"@id\":\"https:\/\/fizmerlazer.com\/sikca-sorulan-sorular\/bursa-alexandrite-lazer-epilasyon\/#breadcrumb\",\"itemListElement\":[{\"@type\":\"ListItem\",\"position\":1,\"name\":\"Anasayfa\",\"item\":\"https:\/\/fizmerlazer.com\/\"},{\"@type\":\"ListItem\",\"position\":2,\"name\":\"S\u0131k\u00e7a Sorulan Sorular\",\"item\":\"https:\/\/fizmerlazer.com\/sikca-sorulan-sorular\/\"},{\"@type\":\"ListItem\",\"position\":3,\"name\":\"Alexandrite lazer epilasyon\"}]},{\"@type\":\"WebSite\",\"@id\":\"https:\/\/fizmerlazer.com\/#website\",\"url\":\"https:\/\/fizmerlazer.com\/\",\"name\":\"Bursa lazer epilasyon merkezi, bursa botoks, bursa alt\u0131n i\u011fne, bursa gen\u00e7lik a\u015f\u0131s\u0131\",\"description\":\"Bursa Lazer Epilasyon Merkezi\",\"potentialAction\":[{\"@type\":\"SearchAction\",\"target\":{\"@type\":\"EntryPoint\",\"urlTemplate\":\"https:\/\/fizmerlazer.com\/?s={search_term_string}\"},\"query-input\":{\"@type\":\"PropertyValueSpecification\",\"valueRequired\":true,\"valueName\":\"search_term_string\"}}],\"inLanguage\":\"en-US\"}]}<\/script>\n<!-- \/ Yoast SEO plugin. -->","yoast_head_json":{"title":"[:tr]Alexandrite lazer epilasyon[:en]Alexandrite laser hair removal[:] - Bursa lazer epilasyon merkezi, bursa botoks, bursa alt\u0131n i\u011fne, bursa gen\u00e7lik a\u015f\u0131s\u0131","robots":{"index":"index","follow":"follow","max-snippet":"max-snippet:-1","max-image-preview":"max-image-preview:large","max-video-preview":"max-video-preview:-1"},"canonical":"https:\/\/fizmerlazer.com\/sikca-sorulan-sorular\/bursa-alexandrite-lazer-epilasyon\/","og_locale":"en_US","og_type":"article","og_title":"[:tr]Alexandrite lazer epilasyon[:en]Alexandrite laser hair removal[:] - Bursa lazer epilasyon merkezi, bursa botoks, bursa alt\u0131n i\u011fne, bursa gen\u00e7lik a\u015f\u0131s\u0131","og_description":"[vc_row][vc_column width=&#8221;1\/2&#8243;][vc_column_text]Bursa Alexandrite laser hair removal, it is very important to choose a reputable and experienced practitioner or clinic for Alexandrite ...","og_url":"https:\/\/fizmerlazer.com\/sikca-sorulan-sorular\/bursa-alexandrite-lazer-epilasyon\/","og_site_name":"Bursa lazer epilasyon merkezi, bursa botoks, bursa alt\u0131n i\u011fne, bursa gen\u00e7lik a\u015f\u0131s\u0131","article_modified_time":"2024-10-13T20:06:12+00:00","og_image":[{"width":512,"height":300,"url":"https:\/\/fizmerlazer.com\/wp-content\/uploads\/2023\/03\/fizmer_bursa_lazer_epilasyon_botoks_altin_igne.jpg","type":"image\/jpeg"}],"twitter_card":"summary_large_image","twitter_misc":{"Est. reading time":"1 minute"},"schema":{"@context":"https:\/\/schema.org","@graph":[{"@type":"WebPage","@id":"https:\/\/fizmerlazer.com\/sikca-sorulan-sorular\/bursa-alexandrite-lazer-epilasyon\/","url":"https:\/\/fizmerlazer.com\/sikca-sorulan-sorular\/bursa-alexandrite-lazer-epilasyon\/","name":"[:tr]Alexandrite lazer epilasyon[:en]Alexandrite laser hair removal[:] - Bursa lazer epilasyon merkezi, bursa botoks, bursa alt\u0131n i\u011fne, bursa gen\u00e7lik a\u015f\u0131s\u0131","isPartOf":{"@id":"https:\/\/fizmerlazer.com\/#website"},"primaryImageOfPage":{"@id":"https:\/\/fizmerlazer.com\/sikca-sorulan-sorular\/bursa-alexandrite-lazer-epilasyon\/#primaryimage"},"image":{"@id":"https:\/\/fizmerlazer.com\/sikca-sorulan-sorular\/bursa-alexandrite-lazer-epilasyon\/#primaryimage"},"thumbnailUrl":"https:\/\/fizmerlazer.com\/wp-content\/uploads\/2023\/03\/fizmer_bursa_lazer_epilasyon_botoks_altin_igne.jpg","datePublished":"2023-10-08T21:00:16+00:00","dateModified":"2024-10-13T20:06:12+00:00","breadcrumb":{"@id":"https:\/\/fizmerlazer.com\/sikca-sorulan-sorular\/bursa-alexandrite-lazer-epilasyon\/#breadcrumb"},"inLanguage":"en-US","potentialAction":[{"@type":"ReadAction","target":["https:\/\/fizmerlazer.com\/sikca-sorulan-sorular\/bursa-alexandrite-lazer-epilasyon\/"]}]},{"@type":"ImageObject","inLanguage":"en-US","@id":"https:\/\/fizmerlazer.com\/sikca-sorulan-sorular\/bursa-alexandrite-lazer-epilasyon\/#primaryimage","url":"https:\/\/fizmerlazer.com\/wp-content\/uploads\/2023\/03\/fizmer_bursa_lazer_epilasyon_botoks_altin_igne.jpg","contentUrl":"https:\/\/fizmerlazer.com\/wp-content\/uploads\/2023\/03\/fizmer_bursa_lazer_epilasyon_botoks_altin_igne.jpg","width":512,"height":300},{"@type":"BreadcrumbList","@id":"https:\/\/fizmerlazer.com\/sikca-sorulan-sorular\/bursa-alexandrite-lazer-epilasyon\/#breadcrumb","itemListElement":[{"@type":"ListItem","position":1,"name":"Anasayfa","item":"https:\/\/fizmerlazer.com\/"},{"@type":"ListItem","position":2,"name":"S\u0131k\u00e7a Sorulan Sorular","item":"https:\/\/fizmerlazer.com\/sikca-sorulan-sorular\/"},{"@type":"ListItem","position":3,"name":"Alexandrite lazer epilasyon"}]},{"@type":"WebSite","@id":"https:\/\/fizmerlazer.com\/#website","url":"https:\/\/fizmerlazer.com\/","name":"Bursa lazer epilasyon merkezi, bursa botoks, bursa alt\u0131n i\u011fne, bursa gen\u00e7lik a\u015f\u0131s\u0131","description":"Bursa Lazer Epilasyon Merkezi","potentialAction":[{"@type":"SearchAction","target":{"@type":"EntryPoint","urlTemplate":"https:\/\/fizmerlazer.com\/?s={search_term_string}"},"query-input":{"@type":"PropertyValueSpecification","valueRequired":true,"valueName":"search_term_string"}}],"inLanguage":"en-US"}]}},"_links":{"self":[{"href":"https:\/\/fizmerlazer.com\/en\/wp-json\/wp\/v2\/pages\/1410","targetHints":{"allow":["GET"]}}],"collection":[{"href":"https:\/\/fizmerlazer.com\/en\/wp-json\/wp\/v2\/pages"}],"about":[{"href":"https:\/\/fizmerlazer.com\/en\/wp-json\/wp\/v2\/types\/page"}],"author":[{"embeddable":true,"href":"https:\/\/fizmerlazer.com\/en\/wp-json\/wp\/v2\/users\/1"}],"replies":[{"embeddable":true,"href":"https:\/\/fizmerlazer.com\/en\/wp-json\/wp\/v2\/comments?post=1410"}],"version-history":[{"count":0,"href":"https:\/\/fizmerlazer.com\/en\/wp-json\/wp\/v2\/pages\/1410\/revisions"}],"up":[{"embeddable":true,"href":"https:\/\/fizmerlazer.com\/en\/wp-json\/wp\/v2\/pages\/897"}],"wp:featuredmedia":[{"embeddable":true,"href":"https:\/\/fizmerlazer.com\/en\/wp-json\/wp\/v2\/media\/1371"}],"wp:attachment":[{"href":"https:\/\/fizmerlazer.com\/en\/wp-json\/wp\/v2\/media?parent=1410"}],"curies":[{"name":"wp","href":"https:\/\/api.w.org\/{rel}","templated":true}]}}