{"id":899,"date":"2023-02-14T13:22:04","date_gmt":"2023-02-14T10:22:04","guid":{"rendered":"http:\/\/www.fizmer.com\/?page_id=899"},"modified":"2025-02-20T21:46:36","modified_gmt":"2025-02-20T18:46:36","slug":"iletisim","status":"publish","type":"page","link":"https:\/\/fizmerlazer.com\/en\/iletisim\/","title":{"rendered":"Contact"},"content":{"rendered":"<p>[vc_row][vc_column width=&#8221;1\/2&#8243;][vc_raw_html]JTNDaDMlMjBjbGFzcyUzRCUyMiUyMiUzRUFkcmVzcyUzQyUyRmgzJTNFJTBBJTNDZGl2JTIwY2xhc3MlM0QlMjJjb250YWN0LWluZm8tYm94JTIyJTNFJTBBJTA5JTNDZGl2JTIwY2xhc3MlM0QlMjJjb250YWN0LWluZm8taXRlbSUyMiUzRSUwQSUwOSUwOSUzQ2RpdiUyMGNsYXNzJTNEJTIyY29udGFjdC10ZXh0JTIyJTNFJTNDaSUyMGNsYXNzJTNEJTIyZmElMjBmYS1tYXAtbWFya2VyJTIyJTNFJTNDJTJGaSUzRSUzQyUyRmRpdiUzRSUwQSUwOSUwOSUzQ2RpdiUyMGNsYXNzJTNEJTIyY29udGFjdC12YWx1ZSUyMiUzRSUwQSUyMCUyMCUyMCUyMCUyMCUyMCUyMCUyMCUyMCUyMCUyMCUyMCUyMCUyMCUyMCUyMCUyMCUyMCUyMCUyMCUyMCUyMCUyMCUyMCUyMCUyMCUyMCUyMCUyMCUyMCUyMCUyMCUyMCUyMCUyMCUyMCUyMCUyMCUyMCUyMCUyMCUyMCUyMCUyMCUyMCUyMCUyMCUyMCUyMCUyMCUyMCUyMCUyMCUyMCUyMCUyMEZTTSUyMEJVTFZBUkklMjBObyUzQSUyMDU4JTJGNyUyMGthdCUzQTQlMjAlMjhTdGFyYnVja3MlMjBjYWZlJTIwJUMzJUJDc3QlQzMlQkMlMjA0LmthdCUyOSUyMCVDNCVCMGhzYW5peWUlMjBtYWguJTIwTmlsJUMzJUJDZmVyJTIwLSUyMEJ1cnNhJTIwJTIwJTIwJTIwJTIwJTIwJTIwJTIwJTIwJTIwJTIwJTIwJTIwJTIwJTIwJTIwJTIwJTIwJTIwJTIwJTIwJTIwJTIwJTIwJTIwJTIwJTIwJTIwJTIwJTIwJTIwJTIwJTIwJTIwJTIwJTIwJTIwJTIwJTIwJTIwJTIwJTIwJTIwJTIwJTIwJTIwJTIwJTIwJTIwJTIwJTIwJTBBJTBBJTA5JTNDJTJGZGl2JTNFJTBBJTA5JTNDJTJGZGl2JTNFJTBBJTA5JTNDZGl2JTIwY2xhc3MlM0QlMjJjb250YWN0LWluZm8taXRlbSUyMiUzRSUwQSUwOSUwOSUzQ2RpdiUyMGNsYXNzJTNEJTIyY29udGFjdC10ZXh0JTIyJTNFJTNDaSUyMGNsYXNzJTNEJTIyZmElMjBmYS1waG9uZSUyMiUzRSUzQyUyRmklM0UlM0MlMkZkaXYlM0UlMEElMDklMDklM0NkaXYlMjBjbGFzcyUzRCUyMmNvbnRhY3QtdmFsdWUlMjIlM0UlMkI5MC01MzAtNDA5LTkzLTM5JTIwJTNDJTJGZGl2JTNFJTBBJTA5JTNDJTJGZGl2JTNFJTBBJTA5JTNDZGl2JTIwY2xhc3MlM0QlMjJjb250YWN0LWluZm8taXRlbSUyMiUzRSUwQSUwOSUwOSUzQ2RpdiUyMGNsYXNzJTNEJTIyY29udGFjdC10ZXh0JTIyJTNFJTNDaSUyMGNsYXNzJTNEJTIyZmElMjBmYS1lbnZlbG9wZSUyMiUzRSUzQyUyRmklM0UlM0MlMkZkaXYlM0UlMEElMDklMDklM0NkaXYlMjBjbGFzcyUzRCUyMmNvbnRhY3QtdmFsdWUlMjIlM0UlM0NhJTIwaHJlZiUzRCUyMm1haWx0byUzQWRyYmFudWZpem1lciU0MGhvdG1haWwuY29tJTIyJTNFZHJiYW51Zml6bWVyJTQwaG90bWFpbC5jb20lM0MlMkZhJTNFJTNDJTJGZGl2JTNFJTBBJTA5JTNDJTJGZGl2JTNFJTIwJTBBJTNDJTJGZGl2JTNFJTBBJTBBJTNDaDMlMjBjbGFzcyUzRCUyMiUyMiUzRVdvcmtpbmclMjBIb3VycyUzQyUyRmgzJTNFJTBBJTIwJTNDdWwlMjBjbGFzcyUzRCUyMmxpc3QtdW5zdHlsZWQlMjIlM0UlMEElMjAlMjAlMjAlMjAlMjAlMjAlMjAlMjAlMjAlMjAlMjAlMjAlMjAlMjAlMjAlMjAlMjAlMjAlMjAlMjAlMjAlMjAlMjAlMjAlMjAlMjAlMjAlMjAlMjAlMjAlMjAlMjAlMjAlMjAlMjAlMjAlMjAlMjAlMjAlMjAlMjAlMjAlMjAlMjAlMjAlMjAlMjAlMjAlMjAlMjAlMjAlMjAlMjAlMjAlMjAlMjAlM0NsaSUzRU1vbmRheS1GcmlkYXklM0ElMjAlM0NzcGFuJTIwY2xhc3MlM0QlRTIlODAlOThwdWxsLW5vbmUlRTIlODAlOTklM0UxMC5vby0xOS4wMCUzQyUyRnNwYW4lM0UlM0MlMkZsaSUzRSUwQSUyMCUyMCUyMCUyMCUyMCUyMCUyMCUyMCUyMCUyMCUyMCUyMCUyMCUyMCUyMCUyMCUyMCUyMCUyMCUyMCUyMCUyMCUyMCUyMCUyMCUyMCUyMCUyMCUyMCUyMCUyMCUyMCUyMCUyMCUyMCUyMCUyMCUyMCUyMCUyMCUyMCUyMCUyMCUyMCUyMCUyMCUyMCUyMCUyMCUyMCUyMCUyMCUyMCUyMCUyMCUyMCUzQ2xpJTNFU2F0dXJkYXklM0ElMjAlM0NzcGFuJTIwY2xhc3MlM0QlRTIlODAlOThwdWxsLW5vbmUlRTIlODAlOTklM0UxMC5vby0xOC4wMCUzQyUyRnNwYW4lM0UlM0MlMkZsaSUzRSUwQSUyMCUyMCUyMCUyMCUyMCUyMCUyMCUyMCUyMCUyMCUyMCUyMCUyMCUyMCUyMCUyMCUyMCUyMCUyMCUyMCUyMCUyMCUyMCUyMCUyMCUyMCUyMCUyMCUyMCUyMCUyMCUyMCUyMCUyMCUyMCUyMCUyMCUyMCUyMCUyMCUyMCUyMCUyMCUyMCUyMCUyMCUyMCUyMCUyMCUyMCUyMCUyMCUyMCUyMCUyMCUyMCUzQ2xpJTNFU3VuZGF5JTNBJTIwJTNDc3BhbiUyMGNsYXNzJTNEJUUyJTgwJTk4cHVsbC1ub25lJUUyJTgwJTk5JTNFa2FwYWwlQzQlQjElM0MlMkZzcGFuJTNFJTNDJTJGbGklM0UlMEElMjAlMjAlMjAlMjAlMjAlMjAlMjAlMjAlMjAlMjAlMjAlMjAlMjAlMjAlMjAlMjAlMjAlMjAlMjAlMjAlMjAlMjAlMjAlMjAlMjAlMjAlMjAlMjAlMjAlMjAlMjAlMjAlMjAlMjAlMjAlMjAlMjAlMjAlMjAlMjAlMjAlMjAlMjAlMjAlMjAlMjAlMjAlMjAlM0MlMkZ1bCUzRQ==[\/vc_raw_html][\/vc_column][vc_column width=&#8221;1\/2&#8243;][vc_raw_html]JTNDaDMlMjBjbGFzcyUzRCUyMiUyMiUzRU1hcHMlM0MlMkZoMyUzRSUwQSUzQ2ElMjBocmVmJTNEJTIyaHR0cHMlM0ElMkYlMkZnb28uZ2wlMkZtYXBzJTJGWG9DU1k5elNyWlU1a0JLRDklMjIlM0UlM0NpbWclMjBzcmMlM0QlMjJodHRwcyUzQSUyRiUyRnd3dy5maXptZXIuY29tJTJGd3AtY29udGVudCUyRnVwbG9hZHMlMkYyMDIzJTJGMDQlMkZrcm9raS5qcGclMjIlMjB3aGl0ZSUzRCUyMjEwMCUyNSUyMiUzRSUzQyUyRmElM0U=[\/vc_raw_html][\/vc_column][\/vc_row][vc_row][vc_column][vc_raw_html]JTNDaDMlM0VDb250YWN0JTIwRm9ybSUzQyUyRmgzJTNF[\/vc_raw_html]<div role=\"form\" class=\"wpcf7\" id=\"wpcf7-f1461-o2\" lang=\"tr-TR\" dir=\"ltr\">\n<div class=\"screen-reader-response\"><\/div>\n<form action=\"\/en\/wp-json\/wp\/v2\/pages\/899#wpcf7-f1461-o2\" method=\"post\" class=\"wpcf7-form\" novalidate=\"novalidate\">\n<div style=\"display: none;\">\n<input type=\"hidden\" name=\"_wpcf7\" value=\"1461\" \/>\n<input type=\"hidden\" name=\"_wpcf7_version\" value=\"4.9.1\" \/>\n<input type=\"hidden\" name=\"_wpcf7_locale\" value=\"tr_TR\" \/>\n<input type=\"hidden\" name=\"_wpcf7_unit_tag\" value=\"wpcf7-f1461-o2\" \/>\n<input type=\"hidden\" name=\"_wpcf7_container_post\" value=\"0\" \/>\n<\/div>\n<div class=\"row_inner_wrapper  clearfix\">\n<div class=\"wpb_column vc_column_container vc_col-sm-4\" style=\"padding:0px;\">\n<div class=\"form-item\">\n  <label><br \/>\n    Your Name and Surname *<br \/>\n  <\/label><br \/>\n  <span class=\"wpcf7-form-control-wrap your-name\"><input type=\"text\" name=\"your-name\" value=\"\" size=\"40\" class=\"wpcf7-form-control wpcf7-text wpcf7-validates-as-required\" aria-required=\"true\" aria-invalid=\"false\" \/><\/span>\n<\/div>\n<\/div>\n<div class=\"wpb_column vc_column_container vc_col-sm-4\" style=\"padding:0px 0px 0px 0px;\">\n<div class=\"form-item\">\n  <label><br \/>\n    Phone Number *<br \/>\n  <\/label><br \/>\n   <span class=\"wpcf7-form-control-wrap tel-688\"><input type=\"tel\" name=\"tel-688\" value=\"\" size=\"40\" class=\"wpcf7-form-control wpcf7-text wpcf7-tel wpcf7-validates-as-required wpcf7-validates-as-tel\" aria-required=\"true\" aria-invalid=\"false\" \/><\/span>\n<\/div>\n<\/div>\n<div class=\"wpb_column vc_column_container vc_col-sm-4\" style=\"padding:0px 0px 0px 0px;\">\n<div class=\"form-item\">\n  <label><br \/>\n    E-posta *<br \/>\n  <\/label><br \/>\n  <span class=\"wpcf7-form-control-wrap your-email\"><input type=\"email\" name=\"your-email\" value=\"\" size=\"40\" class=\"wpcf7-form-control wpcf7-text wpcf7-email wpcf7-validates-as-required wpcf7-validates-as-email\" aria-required=\"true\" aria-invalid=\"false\" \/><\/span>\n<\/div>\n<\/div>\n<div class=\"wpb_column vc_column_container vc_col-sm-12\" style=\"padding:0px 0px 0px 0px;\">\n<div class=\"form-item\">\n  <label for=\"topic\"><br \/>\n    Subject *<br \/>\n  <\/label><br \/>\n  <span class=\"wpcf7-form-control-wrap your-subject\"><input type=\"text\" name=\"your-subject\" value=\"\" size=\"40\" class=\"wpcf7-form-control wpcf7-text wpcf7-validates-as-required\" aria-required=\"true\" aria-invalid=\"false\" \/><\/span>\n<\/div>\n<\/div>\n<div style=\"clear:both;\"><\/div>\n<div class=\"wpb_column vc_column_container vc_col-sm-12\" style=\"padding:0px;\">\n<div class=\"form-item\">\n  <label for=\"message\"><br \/>\n    Message *<br \/>\n  <\/label><br \/>\n  <span class=\"wpcf7-form-control-wrap your-message\"><textarea name=\"your-message\" cols=\"40\" rows=\"10\" class=\"wpcf7-form-control wpcf7-textarea\" aria-invalid=\"false\"><\/textarea><\/span>\n<\/div>\n<\/div>\n<div style=\"clear:both;\"><\/div>\n<div class=\"wpb_column vc_column_container vc_col-sm-6\" style=\"padding:0px;\">\n<div class=\"form-item\">\n  <label for=\"message\"><br \/>\n    Security Question *<br \/>\n  <\/label><br \/>\n   <span class=\"wpcf7-form-control-wrap quiz-435\"><label><span class=\"wpcf7-quiz-label\">2+2=?<\/span> <input type=\"text\" name=\"quiz-435\" size=\"40\" class=\"wpcf7-form-control wpcf7-quiz\" autocomplete=\"off\" aria-required=\"true\" aria-invalid=\"false\" \/><\/label><input type=\"hidden\" name=\"_wpcf7_quiz_answer_quiz-435\" value=\"f51202b58e56888696aff5d472c2819a\" \/><\/span>\n<\/div>\n<\/div>\n<div class=\"wpb_column vc_column_container vc_col-sm-6\" style=\"padding:0px;\">\n<label for=\"message\"><br \/>\n  &nbsp;<br \/>\n  <\/label><br><br \/>\n   <input type=\"submit\" value=\"Send\" class=\"wpcf7-form-control wpcf7-submit\" \/>\n<\/div>\n<\/div>\n<div style=\"clear:both;\"><\/div>\n<p><br><\/p>\n<div class=\"wpcf7-response-output wpcf7-display-none\"><\/div><\/form><\/div>[\/vc_column][\/vc_row]<\/p>","protected":false},"excerpt":{"rendered":"<p>[vc_row][vc_column width=&#8221;1\/2&#8243;][vc_raw_html]JTNDaDMlMjBjbGFzcyUzRCUyMiUyMiUzRUFkcmVzcyUzQyUyRmgzJTNFJTBBJTNDZGl2JTIwY2xhc3MlM0QlMjJjb250YWN0LWluZm8tYm94JTIyJTNFJTBBJTA5JTNDZGl2JTIwY2xhc3MlM0QlMjJjb250YWN0LWluZm8taXRlbSUyMiUzRSUwQSUwOSUwOSUzQ2RpdiUyMGNsYXNzJTNEJTIyY29udGFjdC10ZXh0JTIyJTNFJTNDaSUyMGNsYXNzJTNEJTIyZmElMjBmYS1tYXAtbWFya2VyJTIyJTNFJTNDJTJGaSUzRSUzQyUyRmRpdiUzRSUwQSUwOSUwOSUzQ2RpdiUyMGNsYXNzJTNEJTIyY29udGFjdC12YWx1ZSUyMiUzRSUwQSUyMCUyMCUyMCUyMCUyMCUyMCUyMCUyMCUyMCUyMCUyMCUyMCUyMCUyMCUyMCUyMCUyMCUyMCUyMCUyMCUyMCUyMCUyMCUyMCUyMCUyMCUyMCUyMCUyMCUyMCUyMCUyMCUyMCUyMCUyMCUyMCUyMCUyMCUyMCUyMCUyMCUyMCUyMCUyMCUyMCUyMCUyMCUyMCUyMCUyMCUyMCUyMCUyMCUyMCUyMCUyMEZTTSUyMEJVTFZBUkklMjBObyUzQSUyMDU4JTJGNyUyMGthdCUzQTQlMjAlMjhTdGFyYnVja3MlMjBjYWZlJTIwJUMzJUJDc3QlQzMlQkMlMjA0LmthdCUyOSUyMCVDNCVCMGhzYW5peWUlMjBtYWguJTIwTmlsJUMzJUJDZmVyJTIwLSUyMEJ1cnNhJTIwJTIwJTIwJTIwJTIwJTIwJTIwJTIwJTIwJTIwJTIwJTIwJTIwJTIwJTIwJTIwJTIwJTIwJTIwJTIwJTIwJTIwJTIwJTIwJTIwJTIwJTIwJTIwJTIwJTIwJTIwJTIwJTIwJTIwJTIwJTIwJTIwJTIwJTIwJTIwJTIwJTIwJTIwJTIwJTIwJTIwJTIwJTIwJTIwJTIwJTIwJTBBJTBBJTA5JTNDJTJGZGl2JTNFJTBBJTA5JTNDJTJGZGl2JTNFJTBBJTA5JTNDZGl2JTIwY2xhc3MlM0QlMjJjb250YWN0LWluZm8taXRlbSUyMiUzRSUwQSUwOSUwOSUzQ2RpdiUyMGNsYXNzJTNEJTIyY29udGFjdC10ZXh0JTIyJTNFJTNDaSUyMGNsYXNzJTNEJTIyZmElMjBmYS1waG9uZSUyMiUzRSUzQyUyRmklM0UlM0MlMkZkaXYlM0UlMEElMDklMDklM0NkaXYlMjBjbGFzcyUzRCUyMmNvbnRhY3QtdmFsdWUlMjIlM0UlMkI5MC01MzAtNDA5LTkzLTM5JTIwJTNDJTJGZGl2JTNFJTBBJTA5JTNDJTJGZGl2JTNFJTBBJTA5JTNDZGl2JTIwY2xhc3MlM0QlMjJjb250YWN0LWluZm8taXRlbSUyMiUzRSUwQSUwOSUwOSUzQ2RpdiUyMGNsYXNzJTNEJTIyY29udGFjdC10ZXh0JTIyJTNFJTNDaSUyMGNsYXNzJTNEJTIyZmElMjBmYS1lbnZlbG9wZSUyMiUzRSUzQyUyRmklM0UlM0MlMkZkaXYlM0UlMEElMDklMDklM0NkaXYlMjBjbGFzcyUzRCUyMmNvbnRhY3QtdmFsdWUlMjIlM0UlM0NhJTIwaHJlZiUzRCUyMm1haWx0byUzQWRyYmFudWZpem1lciU0MGhvdG1haWwuY29tJTIyJTNFZHJiYW51Zml6bWVyJTQwaG90bWFpbC5jb20lM0MlMkZhJTNFJTNDJTJGZGl2JTNFJTBBJTA5JTNDJTJGZGl2JTNFJTIwJTBBJTNDJTJGZGl2JTNFJTBBJTBBJTNDaDMlMjBjbGFzcyUzRCUyMiUyMiUzRVdvcmtpbmclMjBIb3VycyUzQyUyRmgzJTNFJTBBJTIwJTNDdWwlMjBjbGFzcyUzRCUyMmxpc3QtdW5zdHlsZWQlMjIlM0UlMEElMjAlMjAlMjAlMjAlMjAlMjAlMjAlMjAlMjAlMjAlMjAlMjAlMjAlMjAlMjAlMjAlMjAlMjAlMjAlMjAlMjAlMjAlMjAlMjAlMjAlMjAlMjAlMjAlMjAlMjAlMjAlMjAlMjAlMjAlMjAlMjAlMjAlMjAlMjAlMjAlMjAlMjAlMjAlMjAlMjAlMjAlMjAlMjAlMjAlMjAlMjAlMjAlMjAlMjAlMjAlMjAlM0NsaSUzRU1vbmRheS1GcmlkYXklM0ElMjAlM0NzcGFuJTIwY2xhc3MlM0QlRTIlODAlOThwdWxsLW5vbmUlRTIlODAlOTklM0UxMC5vby0xOS4wMCUzQyUyRnNwYW4lM0UlM0MlMkZsaSUzRSUwQSUyMCUyMCUyMCUyMCUyMCUyMCUyMCUyMCUyMCUyMCUyMCUyMCUyMCUyMCUyMCUyMCUyMCUyMCUyMCUyMCUyMCUyMCUyMCUyMCUyMCUyMCUyMCUyMCUyMCUyMCUyMCUyMCUyMCUyMCUyMCUyMCUyMCUyMCUyMCUyMCUyMCUyMCUyMCUyMCUyMCUyMCUyMCUyMCUyMCUyMCUyMCUyMCUyMCUyMCUyMCUyMCUzQ2xpJTNFU2F0dXJkYXklM0ElMjAlM0NzcGFuJTIwY2xhc3MlM0QlRTIlODAlOThwdWxsLW5vbmUlRTIlODAlOTklM0UxMC5vby0xOC4wMCUzQyUyRnNwYW4lM0UlM0MlMkZsaSUzRSUwQSUyMCUyMCUyMCUyMCUyMCUyMCUyMCUyMCUyMCUyMCUyMCUyMCUyMCUyMCUyMCUyMCUyMCUyMCUyMCUyMCUyMCUyMCUyMCUyMCUyMCUyMCUyMCUyMCUyMCUyMCUyMCUyMCUyMCUyMCUyMCUyMCUyMCUyMCUyMCUyMCUyMCUyMCUyMCUyMCUyMCUyMCUyMCUyMCUyMCUyMCUyMCUyMCUyMCUyMCUyMCUyMCUzQ2xpJTNFU3VuZGF5JTNBJTIwJTNDc3BhbiUyMGNsYXNzJTNEJUUyJTgwJTk4cHVsbC1ub25lJUUyJTgwJTk5JTNFa2FwYWwlQzQlQjElM0MlMkZzcGFuJTNFJTNDJTJGbGklM0UlMEElMjAlMjAlMjAlMjAlMjAlMjAlMjAlMjAlMjAlMjAlMjAlMjAlMjAlMjAlMjAlMjAlMjAlMjAlMjAlMjAlMjAlMjAlMjAlMjAlMjAlMjAlMjAlMjAlMjAlMjAlMjAlMjAlMjAlMjAlMjAlMjAlMjAlMjAlMjAlMjAlMjAlMjAlMjAlMjAlMjAlMjAlMjAlMjAlM0MlMkZ1bCUzRQ==[\/vc_raw_html][\/vc_column][vc_column width=&#8221;1\/2&#8243;][vc_raw_html]JTNDaDMlMjBjbGFzcyUzRCUyMiUyMiUzRU1hcHMlM0MlMkZoMyUzRSUwQSUzQ2ElMjBocmVmJTNEJTIyaHR0cHMlM0ElMkYlMkZnb28uZ2wlMkZtYXBzJTJGWG9DU1k5elNyWlU1a0JLRDklMjIlM0UlM0NpbWclMjBzcmMlM0QlMjJodHRwcyUzQSUyRiUyRnd3dy5maXptZXIuY29tJTJGd3AtY29udGVudCUyRnVwbG9hZHMlMkYyMDIzJTJGMDQlMkZrcm9raS5qcGclMjIlMjB3aGl0ZSUzRCUyMjEwMCUyNSUyMiUzRSUzQyUyRmElM0U=[\/vc_raw_html][\/vc_column][\/vc_row][vc_row][vc_column][vc_raw_html]JTNDaDMlM0VDb250YWN0JTIwRm9ybSUzQyUyRmgzJTNF[\/vc_raw_html][\/vc_column][\/vc_row]<\/p>\n","protected":false},"author":1,"featured_media":0,"parent":0,"menu_order":0,"comment_status":"closed","ping_status":"closed","template":"","meta":{"footnotes":""},"class_list":["post-899","page","type-page","status-publish","hentry"],"yoast_head":"<!-- This site is optimized with the Yoast SEO plugin v24.5 - https:\/\/yoast.com\/wordpress\/plugins\/seo\/ -->\n<title>Contact - Bursa lazer epilasyon merkezi, bursa botoks, bursa alt\u0131n i\u011fne, bursa gen\u00e7lik a\u015f\u0131s\u0131<\/title>\n<meta name=\"robots\" content=\"index, follow, max-snippet:-1, max-image-preview:large, max-video-preview:-1\" \/>\n<link rel=\"canonical\" href=\"https:\/\/fizmerlazer.com\/iletisim\/\" \/>\n<meta property=\"og:locale\" content=\"en_US\" \/>\n<meta property=\"og:type\" content=\"article\" \/>\n<meta property=\"og:title\" content=\"[:tr]\u0130leti\u015fim[:en]Contact[:] - Bursa lazer epilasyon merkezi, bursa botoks, bursa alt\u0131n i\u011fne, bursa gen\u00e7lik a\u015f\u0131s\u0131\" \/>\n<meta property=\"og:description\" content=\"[vc_row][vc_column width=&#8221;1\/2&#8243;][vc_raw_html]JTNDaDMlMjBjbGFzcyUzRCUyMiUyMiUzRUFkcmVzcyUzQyUyRmgzJTNFJTBBJTNDZGl2JTIwY2xhc3MlM0QlMjJjb250YWN0LWluZm8tYm94JTIyJTNFJTBBJTA5JTNDZGl2JTIwY2xhc3MlM0QlMjJjb250YWN0LWluZm8taXRlbSUyMiUzRSUwQSUwOSUwOSUzQ2RpdiUyMGNsYXNzJTNEJTIyY29udGFjdC10ZXh0JTIyJTNFJTNDaSUyMGNsYXNzJTNEJTIyZmElMjBmYS1tYXAtbWFya2VyJTIyJTNFJTNDJTJGaSUzRSUzQyUyRmRpdiUzRSUwQSUwOSUwOSUzQ2RpdiUyMGNsYXNzJTNEJTIyY29udGFjdC12YWx1ZSUyMiUzRSUwQSUyMCUyMCUyMCUyMCUyMCUyMCUyMCUyMCUyMCUyMCUyMCUyMCUyMCUyMCUyMCUyMCUyMCUyMCUyMCUyMCUyMCUyMCUyMCUyMCUyMCUyMCUyMCUyMCUyMCUyMCUyMCUyMCUyMCUyMCUyMCUyMCUyMCUyMCUyMCUyMCUyMCUyMCUyMCUyMCUyMCUyMCUyMCUyMCUyMCUyMCUyMCUyMCUyMCUyMCUyMCUyMEZTTSUyMEJVTFZBUkklMjBObyUzQSUyMDU4JTJGNyUyMGthdCUzQTQlMjAlMjhTdGFyYnVja3MlMjBjYWZlJTIwJUMzJUJDc3QlQzMlQkMlMjA0LmthdCUyOSUyMCVDNCVCMGhzYW5peWUlMjBtYWguJTIwTmlsJUMzJUJDZmVyJTIwLSUyMEJ1cnNhJTIwJTIwJTIwJTIwJTIwJTIwJTIwJTIwJTIwJTIwJTIwJTIwJTIwJTIwJTIwJTIwJTIwJTIwJTIwJTIwJTIwJTIwJTIwJTIwJTIwJTIwJTIwJTIwJTIwJTIwJTIwJTIwJTIwJTIwJTIwJTIwJTIwJTIwJTIwJTIwJTIwJTIwJTIwJTIwJTIwJTIwJTIwJTIwJTIwJTIwJTIwJTBBJTBBJTA5JTNDJTJGZGl2JTNFJTBBJTA5JTNDJTJGZGl2JTNFJTBBJTA5JTNDZGl2JTIwY2xhc3MlM0QlMjJjb250YWN0LWluZm8taXRlbSUyMiUzRSUwQSUwOSUwOSUzQ2RpdiUyMGNsYXNzJTNEJTIyY29udGFjdC10ZXh0JTIyJTNFJTNDaSUyMGNsYXNzJTNEJTIyZmElMjBmYS1waG9uZSUyMiUzRSUzQyUyRmklM0UlM0MlMkZkaXYlM0UlMEElMDklMDklM0NkaXYlMjBjbGFzcyUzRCUyMmNvbnRhY3QtdmFsdWUlMjIlM0UlMkI5MC01MzAtNDA5LTkzLTM5JTIwJTNDJTJGZGl2JTNFJTBBJTA5JTNDJTJGZGl2JTNFJTBBJTA5JTNDZGl2JTIwY2xhc3MlM0QlMjJjb250YWN0LWluZm8taXRlbSUyMiUzRSUwQSUwOSUwOSUzQ2RpdiUyMGNsYXNzJTNEJTIyY29udGFjdC10ZXh0JTIyJTNFJTNDaSUyMGNsYXNzJTNEJTIyZmElMjBmYS1lbnZlbG9wZSUyMiUzRSUzQyUyRmklM0UlM0MlMkZkaXYlM0UlMEElMDklMDklM0NkaXYlMjBjbGFzcyUzRCUyMmNvbnRhY3QtdmFsdWUlMjIlM0UlM0NhJTIwaHJlZiUzRCUyMm1haWx0byUzQWRyYmFudWZpem1lciU0MGhvdG1haWwuY29tJTIyJTNFZHJiYW51Zml6bWVyJTQwaG90bWFpbC5jb20lM0MlMkZhJTNFJTNDJTJGZGl2JTNFJTBBJTA5JTNDJTJGZGl2JTNFJTIwJTBBJTNDJTJGZGl2JTNFJTBBJTBBJTNDaDMlMjBjbGFzcyUzRCUyMiUyMiUzRVdvcmtpbmclMjBIb3VycyUzQyUyRmgzJTNFJTBBJTIwJTNDdWwlMjBjbGFzcyUzRCUyMmxpc3QtdW5zdHlsZWQlMjIlM0UlMEElMjAlMjAlMjAlMjAlMjAlMjAlMjAlMjAlMjAlMjAlMjAlMjAlMjAlMjAlMjAlMjAlMjAlMjAlMjAlMjAlMjAlMjAlMjAlMjAlMjAlMjAlMjAlMjAlMjAlMjAlMjAlMjAlMjAlMjAlMjAlMjAlMjAlMjAlMjAlMjAlMjAlMjAlMjAlMjAlMjAlMjAlMjAlMjAlMjAlMjAlMjAlMjAlMjAlMjAlMjAlMjAlM0NsaSUzRU1vbmRheS1GcmlkYXklM0ElMjAlM0NzcGFuJTIwY2xhc3MlM0QlRTIlODAlOThwdWxsLW5vbmUlRTIlODAlOTklM0UxMC5vby0xOS4wMCUzQyUyRnNwYW4lM0UlM0MlMkZsaSUzRSUwQSUyMCUyMCUyMCUyMCUyMCUyMCUyMCUyMCUyMCUyMCUyMCUyMCUyMCUyMCUyMCUyMCUyMCUyMCUyMCUyMCUyMCUyMCUyMCUyMCUyMCUyMCUyMCUyMCUyMCUyMCUyMCUyMCUyMCUyMCUyMCUyMCUyMCUyMCUyMCUyMCUyMCUyMCUyMCUyMCUyMCUyMCUyMCUyMCUyMCUyMCUyMCUyMCUyMCUyMCUyMCUyMCUzQ2xpJTNFU2F0dXJkYXklM0ElMjAlM0NzcGFuJTIwY2xhc3MlM0QlRTIlODAlOThwdWxsLW5vbmUlRTIlODAlOTklM0UxMC5vby0xOC4wMCUzQyUyRnNwYW4lM0UlM0MlMkZsaSUzRSUwQSUyMCUyMCUyMCUyMCUyMCUyMCUyMCUyMCUyMCUyMCUyMCUyMCUyMCUyMCUyMCUyMCUyMCUyMCUyMCUyMCUyMCUyMCUyMCUyMCUyMCUyMCUyMCUyMCUyMCUyMCUyMCUyMCUyMCUyMCUyMCUyMCUyMCUyMCUyMCUyMCUyMCUyMCUyMCUyMCUyMCUyMCUyMCUyMCUyMCUyMCUyMCUyMCUyMCUyMCUyMCUyMCUzQ2xpJTNFU3VuZGF5JTNBJTIwJTNDc3BhbiUyMGNsYXNzJTNEJUUyJTgwJTk4cHVsbC1ub25lJUUyJTgwJTk5JTNFa2FwYWwlQzQlQjElM0MlMkZzcGFuJTNFJTNDJTJGbGklM0UlMEElMjAlMjAlMjAlMjAlMjAlMjAlMjAlMjAlMjAlMjAlMjAlMjAlMjAlMjAlMjAlMjAlMjAlMjAlMjAlMjAlMjAlMjAlMjAlMjAlMjAlMjAlMjAlMjAlMjAlMjAlMjAlMjAlMjAlMjAlMjAlMjAlMjAlMjAlMjAlMjAlMjAlMjAlMjAlMjAlMjAlMjAlMjAlMjAlM0MlMkZ1bCUzRQ==[\/vc_raw_html][\/vc_column][vc_column width=&#8221;1\/2&#8243;][vc_raw_html]JTNDaDMlMjBjbGFzcyUzRCUyMiUyMiUzRU1hcHMlM0MlMkZoMyUzRSUwQSUzQ2ElMjBocmVmJTNEJTIyaHR0cHMlM0ElMkYlMkZnb28uZ2wlMkZtYXBzJTJGWG9DU1k5elNyWlU1a0JLRDklMjIlM0UlM0NpbWclMjBzcmMlM0QlMjJodHRwcyUzQSUyRiUyRnd3dy5maXptZXIuY29tJTJGd3AtY29udGVudCUyRnVwbG9hZHMlMkYyMDIzJTJGMDQlMkZrcm9raS5qcGclMjIlMjB3aGl0ZSUzRCUyMjEwMCUyNSUyMiUzRSUzQyUyRmElM0U=[\/vc_raw_html][\/vc_column][\/vc_row][vc_row][vc_column][vc_raw_html]JTNDaDMlM0VDb250YWN0JTIwRm9ybSUzQyUyRmgzJTNF[\/vc_raw_html][\/vc_column][\/vc_row]\" \/>\n<meta property=\"og:url\" content=\"https:\/\/fizmerlazer.com\/iletisim\/\" \/>\n<meta property=\"og:site_name\" content=\"Bursa lazer epilasyon merkezi, bursa botoks, bursa alt\u0131n i\u011fne, bursa gen\u00e7lik a\u015f\u0131s\u0131\" \/>\n<meta property=\"article:modified_time\" content=\"2025-02-20T18:46:36+00:00\" \/>\n<meta name=\"twitter:card\" content=\"summary_large_image\" \/>\n<meta name=\"twitter:label1\" content=\"Est. reading time\" \/>\n\t<meta name=\"twitter:data1\" content=\"1 minute\" \/>\n<script type=\"application\/ld+json\" class=\"yoast-schema-graph\">{\"@context\":\"https:\/\/schema.org\",\"@graph\":[{\"@type\":\"WebPage\",\"@id\":\"https:\/\/fizmerlazer.com\/iletisim\/\",\"url\":\"https:\/\/fizmerlazer.com\/iletisim\/\",\"name\":\"[:tr]\u0130leti\u015fim[:en]Contact[:] - Bursa lazer epilasyon merkezi, bursa botoks, bursa alt\u0131n i\u011fne, bursa gen\u00e7lik a\u015f\u0131s\u0131\",\"isPartOf\":{\"@id\":\"https:\/\/fizmerlazer.com\/#website\"},\"datePublished\":\"2023-02-14T10:22:04+00:00\",\"dateModified\":\"2025-02-20T18:46:36+00:00\",\"breadcrumb\":{\"@id\":\"https:\/\/fizmerlazer.com\/iletisim\/#breadcrumb\"},\"inLanguage\":\"en-US\",\"potentialAction\":[{\"@type\":\"ReadAction\",\"target\":[\"https:\/\/fizmerlazer.com\/iletisim\/\"]}]},{\"@type\":\"BreadcrumbList\",\"@id\":\"https:\/\/fizmerlazer.com\/iletisim\/#breadcrumb\",\"itemListElement\":[{\"@type\":\"ListItem\",\"position\":1,\"name\":\"Anasayfa\",\"item\":\"https:\/\/fizmerlazer.com\/\"},{\"@type\":\"ListItem\",\"position\":2,\"name\":\"\u0130leti\u015fim\"}]},{\"@type\":\"WebSite\",\"@id\":\"https:\/\/fizmerlazer.com\/#website\",\"url\":\"https:\/\/fizmerlazer.com\/\",\"name\":\"Bursa lazer epilasyon merkezi, bursa botoks, bursa alt\u0131n i\u011fne, bursa gen\u00e7lik a\u015f\u0131s\u0131\",\"description\":\"Bursa Lazer Epilasyon Merkezi\",\"potentialAction\":[{\"@type\":\"SearchAction\",\"target\":{\"@type\":\"EntryPoint\",\"urlTemplate\":\"https:\/\/fizmerlazer.com\/?s={search_term_string}\"},\"query-input\":{\"@type\":\"PropertyValueSpecification\",\"valueRequired\":true,\"valueName\":\"search_term_string\"}}],\"inLanguage\":\"en-US\"}]}<\/script>\n<!-- \/ Yoast SEO plugin. -->","yoast_head_json":{"title":"[:tr]\u0130leti\u015fim[:en]Contact[:] - Bursa lazer epilasyon merkezi, bursa botoks, bursa alt\u0131n i\u011fne, bursa gen\u00e7lik a\u015f\u0131s\u0131","robots":{"index":"index","follow":"follow","max-snippet":"max-snippet:-1","max-image-preview":"max-image-preview:large","max-video-preview":"max-video-preview:-1"},"canonical":"https:\/\/fizmerlazer.com\/iletisim\/","og_locale":"en_US","og_type":"article","og_title":"[:tr]\u0130leti\u015fim[:en]Contact[:] - Bursa lazer epilasyon merkezi, bursa botoks, bursa alt\u0131n i\u011fne, bursa gen\u00e7lik a\u015f\u0131s\u0131","og_description":"[vc_row][vc_column width=&#8221;1\/2&#8243;][vc_raw_html]JTNDaDMlMjBjbGFzcyUzRCUyMiUyMiUzRUFkcmVzcyUzQyUyRmgzJTNFJTBBJTNDZGl2JTIwY2xhc3MlM0QlMjJjb250YWN0LWluZm8tYm94JTIyJTNFJTBBJTA5JTNDZGl2JTIwY2xhc3MlM0QlMjJjb250YWN0LWluZm8taXRlbSUyMiUzRSUwQSUwOSUwOSUzQ2RpdiUyMGNsYXNzJTNEJTIyY29udGFjdC10ZXh0JTIyJTNFJTNDaSUyMGNsYXNzJTNEJTIyZmElMjBmYS1tYXAtbWFya2VyJTIyJTNFJTNDJTJGaSUzRSUzQyUyRmRpdiUzRSUwQSUwOSUwOSUzQ2RpdiUyMGNsYXNzJTNEJTIyY29udGFjdC12YWx1ZSUyMiUzRSUwQSUyMCUyMCUyMCUyMCUyMCUyMCUyMCUyMCUyMCUyMCUyMCUyMCUyMCUyMCUyMCUyMCUyMCUyMCUyMCUyMCUyMCUyMCUyMCUyMCUyMCUyMCUyMCUyMCUyMCUyMCUyMCUyMCUyMCUyMCUyMCUyMCUyMCUyMCUyMCUyMCUyMCUyMCUyMCUyMCUyMCUyMCUyMCUyMCUyMCUyMCUyMCUyMCUyMCUyMCUyMCUyMEZTTSUyMEJVTFZBUkklMjBObyUzQSUyMDU4JTJGNyUyMGthdCUzQTQlMjAlMjhTdGFyYnVja3MlMjBjYWZlJTIwJUMzJUJDc3QlQzMlQkMlMjA0LmthdCUyOSUyMCVDNCVCMGhzYW5peWUlMjBtYWguJTIwTmlsJUMzJUJDZmVyJTIwLSUyMEJ1cnNhJTIwJTIwJTIwJTIwJTIwJTIwJTIwJTIwJTIwJTIwJTIwJTIwJTIwJTIwJTIwJTIwJTIwJTIwJTIwJTIwJTIwJTIwJTIwJTIwJTIwJTIwJTIwJTIwJTIwJTIwJTIwJTIwJTIwJTIwJTIwJTIwJTIwJTIwJTIwJTIwJTIwJTIwJTIwJTIwJTIwJTIwJTIwJTIwJTIwJTIwJTIwJTBBJTBBJTA5JTNDJTJGZGl2JTNFJTBBJTA5JTNDJTJGZGl2JTNFJTBBJTA5JTNDZGl2JTIwY2xhc3MlM0QlMjJjb250YWN0LWluZm8taXRlbSUyMiUzRSUwQSUwOSUwOSUzQ2RpdiUyMGNsYXNzJTNEJTIyY29udGFjdC10ZXh0JTIyJTNFJTNDaSUyMGNsYXNzJTNEJTIyZmElMjBmYS1waG9uZSUyMiUzRSUzQyUyRmklM0UlM0MlMkZkaXYlM0UlMEElMDklMDklM0NkaXYlMjBjbGFzcyUzRCUyMmNvbnRhY3QtdmFsdWUlMjIlM0UlMkI5MC01MzAtNDA5LTkzLTM5JTIwJTNDJTJGZGl2JTNFJTBBJTA5JTNDJTJGZGl2JTNFJTBBJTA5JTNDZGl2JTIwY2xhc3MlM0QlMjJjb250YWN0LWluZm8taXRlbSUyMiUzRSUwQSUwOSUwOSUzQ2RpdiUyMGNsYXNzJTNEJTIyY29udGFjdC10ZXh0JTIyJTNFJTNDaSUyMGNsYXNzJTNEJTIyZmElMjBmYS1lbnZlbG9wZSUyMiUzRSUzQyUyRmklM0UlM0MlMkZkaXYlM0UlMEElMDklMDklM0NkaXYlMjBjbGFzcyUzRCUyMmNvbnRhY3QtdmFsdWUlMjIlM0UlM0NhJTIwaHJlZiUzRCUyMm1haWx0byUzQWRyYmFudWZpem1lciU0MGhvdG1haWwuY29tJTIyJTNFZHJiYW51Zml6bWVyJTQwaG90bWFpbC5jb20lM0MlMkZhJTNFJTNDJTJGZGl2JTNFJTBBJTA5JTNDJTJGZGl2JTNFJTIwJTBBJTNDJTJGZGl2JTNFJTBBJTBBJTNDaDMlMjBjbGFzcyUzRCUyMiUyMiUzRVdvcmtpbmclMjBIb3VycyUzQyUyRmgzJTNFJTBBJTIwJTNDdWwlMjBjbGFzcyUzRCUyMmxpc3QtdW5zdHlsZWQlMjIlM0UlMEElMjAlMjAlMjAlMjAlMjAlMjAlMjAlMjAlMjAlMjAlMjAlMjAlMjAlMjAlMjAlMjAlMjAlMjAlMjAlMjAlMjAlMjAlMjAlMjAlMjAlMjAlMjAlMjAlMjAlMjAlMjAlMjAlMjAlMjAlMjAlMjAlMjAlMjAlMjAlMjAlMjAlMjAlMjAlMjAlMjAlMjAlMjAlMjAlMjAlMjAlMjAlMjAlMjAlMjAlMjAlMjAlM0NsaSUzRU1vbmRheS1GcmlkYXklM0ElMjAlM0NzcGFuJTIwY2xhc3MlM0QlRTIlODAlOThwdWxsLW5vbmUlRTIlODAlOTklM0UxMC5vby0xOS4wMCUzQyUyRnNwYW4lM0UlM0MlMkZsaSUzRSUwQSUyMCUyMCUyMCUyMCUyMCUyMCUyMCUyMCUyMCUyMCUyMCUyMCUyMCUyMCUyMCUyMCUyMCUyMCUyMCUyMCUyMCUyMCUyMCUyMCUyMCUyMCUyMCUyMCUyMCUyMCUyMCUyMCUyMCUyMCUyMCUyMCUyMCUyMCUyMCUyMCUyMCUyMCUyMCUyMCUyMCUyMCUyMCUyMCUyMCUyMCUyMCUyMCUyMCUyMCUyMCUyMCUzQ2xpJTNFU2F0dXJkYXklM0ElMjAlM0NzcGFuJTIwY2xhc3MlM0QlRTIlODAlOThwdWxsLW5vbmUlRTIlODAlOTklM0UxMC5vby0xOC4wMCUzQyUyRnNwYW4lM0UlM0MlMkZsaSUzRSUwQSUyMCUyMCUyMCUyMCUyMCUyMCUyMCUyMCUyMCUyMCUyMCUyMCUyMCUyMCUyMCUyMCUyMCUyMCUyMCUyMCUyMCUyMCUyMCUyMCUyMCUyMCUyMCUyMCUyMCUyMCUyMCUyMCUyMCUyMCUyMCUyMCUyMCUyMCUyMCUyMCUyMCUyMCUyMCUyMCUyMCUyMCUyMCUyMCUyMCUyMCUyMCUyMCUyMCUyMCUyMCUyMCUzQ2xpJTNFU3VuZGF5JTNBJTIwJTNDc3BhbiUyMGNsYXNzJTNEJUUyJTgwJTk4cHVsbC1ub25lJUUyJTgwJTk5JTNFa2FwYWwlQzQlQjElM0MlMkZzcGFuJTNFJTNDJTJGbGklM0UlMEElMjAlMjAlMjAlMjAlMjAlMjAlMjAlMjAlMjAlMjAlMjAlMjAlMjAlMjAlMjAlMjAlMjAlMjAlMjAlMjAlMjAlMjAlMjAlMjAlMjAlMjAlMjAlMjAlMjAlMjAlMjAlMjAlMjAlMjAlMjAlMjAlMjAlMjAlMjAlMjAlMjAlMjAlMjAlMjAlMjAlMjAlMjAlMjAlM0MlMkZ1bCUzRQ==[\/vc_raw_html][\/vc_column][vc_column width=&#8221;1\/2&#8243;][vc_raw_html]JTNDaDMlMjBjbGFzcyUzRCUyMiUyMiUzRU1hcHMlM0MlMkZoMyUzRSUwQSUzQ2ElMjBocmVmJTNEJTIyaHR0cHMlM0ElMkYlMkZnb28uZ2wlMkZtYXBzJTJGWG9DU1k5elNyWlU1a0JLRDklMjIlM0UlM0NpbWclMjBzcmMlM0QlMjJodHRwcyUzQSUyRiUyRnd3dy5maXptZXIuY29tJTJGd3AtY29udGVudCUyRnVwbG9hZHMlMkYyMDIzJTJGMDQlMkZrcm9raS5qcGclMjIlMjB3aGl0ZSUzRCUyMjEwMCUyNSUyMiUzRSUzQyUyRmElM0U=[\/vc_raw_html][\/vc_column][\/vc_row][vc_row][vc_column][vc_raw_html]JTNDaDMlM0VDb250YWN0JTIwRm9ybSUzQyUyRmgzJTNF[\/vc_raw_html][\/vc_column][\/vc_row]","og_url":"https:\/\/fizmerlazer.com\/iletisim\/","og_site_name":"Bursa lazer epilasyon merkezi, bursa botoks, bursa alt\u0131n i\u011fne, bursa gen\u00e7lik a\u015f\u0131s\u0131","article_modified_time":"2025-02-20T18:46:36+00:00","twitter_card":"summary_large_image","twitter_misc":{"Est. reading time":"1 minute"},"schema":{"@context":"https:\/\/schema.org","@graph":[{"@type":"WebPage","@id":"https:\/\/fizmerlazer.com\/iletisim\/","url":"https:\/\/fizmerlazer.com\/iletisim\/","name":"[:tr]\u0130leti\u015fim[:en]Contact[:] - Bursa lazer epilasyon merkezi, bursa botoks, bursa alt\u0131n i\u011fne, bursa gen\u00e7lik a\u015f\u0131s\u0131","isPartOf":{"@id":"https:\/\/fizmerlazer.com\/#website"},"datePublished":"2023-02-14T10:22:04+00:00","dateModified":"2025-02-20T18:46:36+00:00","breadcrumb":{"@id":"https:\/\/fizmerlazer.com\/iletisim\/#breadcrumb"},"inLanguage":"en-US","potentialAction":[{"@type":"ReadAction","target":["https:\/\/fizmerlazer.com\/iletisim\/"]}]},{"@type":"BreadcrumbList","@id":"https:\/\/fizmerlazer.com\/iletisim\/#breadcrumb","itemListElement":[{"@type":"ListItem","position":1,"name":"Anasayfa","item":"https:\/\/fizmerlazer.com\/"},{"@type":"ListItem","position":2,"name":"\u0130leti\u015fim"}]},{"@type":"WebSite","@id":"https:\/\/fizmerlazer.com\/#website","url":"https:\/\/fizmerlazer.com\/","name":"Bursa lazer epilasyon merkezi, bursa botoks, bursa alt\u0131n i\u011fne, bursa gen\u00e7lik a\u015f\u0131s\u0131","description":"Bursa Lazer Epilasyon Merkezi","potentialAction":[{"@type":"SearchAction","target":{"@type":"EntryPoint","urlTemplate":"https:\/\/fizmerlazer.com\/?s={search_term_string}"},"query-input":{"@type":"PropertyValueSpecification","valueRequired":true,"valueName":"search_term_string"}}],"inLanguage":"en-US"}]}},"_links":{"self":[{"href":"https:\/\/fizmerlazer.com\/en\/wp-json\/wp\/v2\/pages\/899","targetHints":{"allow":["GET"]}}],"collection":[{"href":"https:\/\/fizmerlazer.com\/en\/wp-json\/wp\/v2\/pages"}],"about":[{"href":"https:\/\/fizmerlazer.com\/en\/wp-json\/wp\/v2\/types\/page"}],"author":[{"embeddable":true,"href":"https:\/\/fizmerlazer.com\/en\/wp-json\/wp\/v2\/users\/1"}],"replies":[{"embeddable":true,"href":"https:\/\/fizmerlazer.com\/en\/wp-json\/wp\/v2\/comments?post=899"}],"version-history":[{"count":0,"href":"https:\/\/fizmerlazer.com\/en\/wp-json\/wp\/v2\/pages\/899\/revisions"}],"wp:attachment":[{"href":"https:\/\/fizmerlazer.com\/en\/wp-json\/wp\/v2\/media?parent=899"}],"curies":[{"name":"wp","href":"https:\/\/api.w.org\/{rel}","templated":true}]}}