{"id":935,"date":"2023-02-24T22:17:05","date_gmt":"2023-02-24T19:17:05","guid":{"rendered":"https:\/\/www.fizmer.com\/?page_id=935"},"modified":"2023-02-25T22:35:36","modified_gmt":"2023-02-25T19:35:36","slug":"hizmetler","status":"publish","type":"page","link":"https:\/\/fizmerlazer.com\/en\/hizmetler\/","title":{"rendered":"Hizmetlerimiz"},"content":{"rendered":"<p>[vc_row][vc_column]\n\t<div class=\"child-page-wrapper \">\n\t\t<div class=\"grid-wrapper grid-3-columns grid-row \">\n\t\t\t<div class=\"grid-item grid-sm-6 grid-md-4\">\n\t\t\t\t<div class=\"grid-thumbnail\">\n\t\t\t\t\t<a href=\"https:\/\/fizmerlazer.com\/en\/hizmetler\/cilt-genclestirme-tedavileri\/\" title=\"Skin Rejuvenation Treatments\"><img decoding=\"async\" width=\"512\" height=\"300\" src=\"https:\/\/fizmerlazer.com\/wp-content\/uploads\/2023\/02\/bursa_genclik_tedavileri-512x300.jpg\" class=\"attachment-medium-thumb size-medium-thumb wp-post-image\" alt=\"\" \/><\/a>\n\t\t\t\t<\/div>\n\t\t\t\t<h3 class=\"grid-title\"><a href=\"https:\/\/fizmerlazer.com\/en\/hizmetler\/cilt-genclestirme-tedavileri\/\" rel=\"bookmark\">Skin Rejuvenation Treatments<\/a><\/h3>\n\n\t\t\t\t<p>[vc_row][vc_column][\/vc_column][\/vc_row]<\/p>\n\n\t\t\t\t<a class=\"grid-more\" href=\"https:\/\/fizmerlazer.com\/en\/hizmetler\/cilt-genclestirme-tedavileri\/\" title=\"Skin Rejuvenation Treatments\">devam\u0131<\/a>\n\n\t\t\t<\/div>\n\t\t\t\n\t\t\t<div class=\"grid-item grid-sm-6 grid-md-4\">\n\t\t\t\t<div class=\"grid-thumbnail\">\n\t\t\t\t\t<a href=\"https:\/\/fizmerlazer.com\/en\/hizmetler\/medikal-estetik-uygulamalari\/\" title=\"Medical Aesthetic Applications\"><img decoding=\"async\" width=\"512\" height=\"300\" src=\"https:\/\/fizmerlazer.com\/wp-content\/uploads\/2023\/03\/fizmer_bursa_lazer_epilasyon_botoks_altin_igne.jpg\" class=\"attachment-medium-thumb size-medium-thumb wp-post-image\" alt=\"\" srcset=\"https:\/\/fizmerlazer.com\/wp-content\/uploads\/2023\/03\/fizmer_bursa_lazer_epilasyon_botoks_altin_igne.jpg 512w, https:\/\/fizmerlazer.com\/wp-content\/uploads\/2023\/03\/fizmer_bursa_lazer_epilasyon_botoks_altin_igne-300x176.jpg 300w\" sizes=\"(max-width: 512px) 100vw, 512px\" \/><\/a>\n\t\t\t\t<\/div>\n\t\t\t\t<h3 class=\"grid-title\"><a href=\"https:\/\/fizmerlazer.com\/en\/hizmetler\/medikal-estetik-uygulamalari\/\" rel=\"bookmark\">Medical Aesthetic Applications<\/a><\/h3>\n\n\t\t\t\t<p>[vc_row][vc_column][\/vc_column][\/vc_row]<\/p>\n\n\t\t\t\t<a class=\"grid-more\" href=\"https:\/\/fizmerlazer.com\/en\/hizmetler\/medikal-estetik-uygulamalari\/\" title=\"Medical Aesthetic Applications\">devam\u0131<\/a>\n\n\t\t\t<\/div>\n\t\t\t\n\t\t\t<div class=\"grid-item grid-sm-6 grid-md-4\">\n\t\t\t\t<div class=\"grid-thumbnail\">\n\t\t\t\t\t<a href=\"https:\/\/fizmerlazer.com\/en\/hizmetler\/cilt-bakimi\/\" title=\"Skin Care\"><img decoding=\"async\" width=\"512\" height=\"300\" src=\"https:\/\/fizmerlazer.com\/wp-content\/uploads\/2023\/02\/bursa_cilt_bakimi-512x300.jpg\" class=\"attachment-medium-thumb size-medium-thumb wp-post-image\" alt=\"\" \/><\/a>\n\t\t\t\t<\/div>\n\t\t\t\t<h3 class=\"grid-title\"><a href=\"https:\/\/fizmerlazer.com\/en\/hizmetler\/cilt-bakimi\/\" rel=\"bookmark\">Skin Care<\/a><\/h3>\n\n\t\t\t\t<p>[vc_row][vc_column][\/vc_column][\/vc_row]<\/p>\n\n\t\t\t\t<a class=\"grid-more\" href=\"https:\/\/fizmerlazer.com\/en\/hizmetler\/cilt-bakimi\/\" title=\"Skin Care\">devam\u0131<\/a>\n\n\t\t\t<\/div>\n\t\t\t\n\t\t\t\t<div class=\"clear\"><\/div>\n\t\t\t<div class=\"grid-item grid-sm-6 grid-md-4\">\n\t\t\t\t<div class=\"grid-thumbnail\">\n\t\t\t\t\t<a href=\"https:\/\/fizmerlazer.com\/en\/hizmetler\/lazer-tedavileri\/\" title=\"Laser Treatments\"><img decoding=\"async\" width=\"512\" height=\"300\" src=\"https:\/\/fizmerlazer.com\/wp-content\/uploads\/2023\/02\/bursa_lazer_tedavileri-512x300.jpg\" class=\"attachment-medium-thumb size-medium-thumb wp-post-image\" alt=\"\" \/><\/a>\n\t\t\t\t<\/div>\n\t\t\t\t<h3 class=\"grid-title\"><a href=\"https:\/\/fizmerlazer.com\/en\/hizmetler\/lazer-tedavileri\/\" rel=\"bookmark\">Laser Treatments<\/a><\/h3>\n\n\t\t\t\t<p>[vc_row][vc_column][\/vc_column][\/vc_row]<\/p>\n\n\t\t\t\t<a class=\"grid-more\" href=\"https:\/\/fizmerlazer.com\/en\/hizmetler\/lazer-tedavileri\/\" title=\"Laser Treatments\">devam\u0131<\/a>\n\n\t\t\t<\/div>\n\t\t\t\n\t\t\t<div class=\"grid-item grid-sm-6 grid-md-4\">\n\t\t\t\t<div class=\"grid-thumbnail\">\n\t\t\t\t\t<a href=\"https:\/\/fizmerlazer.com\/en\/hizmetler\/zayiflama-tedavileri\/\" title=\"Weight Loss Treatments\"><img decoding=\"async\" width=\"512\" height=\"300\" src=\"https:\/\/fizmerlazer.com\/wp-content\/uploads\/2023\/02\/bursa_zayiflama_tedavileri-512x300.jpg\" class=\"attachment-medium-thumb size-medium-thumb wp-post-image\" alt=\"\" \/><\/a>\n\t\t\t\t<\/div>\n\t\t\t\t<h3 class=\"grid-title\"><a href=\"https:\/\/fizmerlazer.com\/en\/hizmetler\/zayiflama-tedavileri\/\" rel=\"bookmark\">Weight Loss Treatments<\/a><\/h3>\n\n\t\t\t\t<p>[vc_row][vc_column][\/vc_column][\/vc_row]<\/p>\n\n\t\t\t\t<a class=\"grid-more\" href=\"https:\/\/fizmerlazer.com\/en\/hizmetler\/zayiflama-tedavileri\/\" title=\"Weight Loss Treatments\">devam\u0131<\/a>\n\n\t\t\t<\/div>\n\t\t\t\n\t\t<\/div>\n\t<\/div>[\/vc_column][\/vc_row]<\/p>\n","protected":false},"excerpt":{"rendered":"<p>[vc_row][vc_column][\/vc_column][\/vc_row]<\/p>\n","protected":false},"author":1,"featured_media":0,"parent":0,"menu_order":0,"comment_status":"closed","ping_status":"closed","template":"","meta":{"footnotes":""},"class_list":["post-935","page","type-page","status-publish","hentry"],"yoast_head":"<!-- This site is optimized with the Yoast SEO plugin v24.5 - https:\/\/yoast.com\/wordpress\/plugins\/seo\/ -->\n<title>Hizmetlerimiz - Bursa lazer epilasyon merkezi, bursa botoks, bursa alt\u0131n i\u011fne, bursa gen\u00e7lik a\u015f\u0131s\u0131<\/title>\n<meta name=\"robots\" content=\"index, follow, max-snippet:-1, max-image-preview:large, max-video-preview:-1\" \/>\n<link rel=\"canonical\" href=\"https:\/\/fizmerlazer.com\/hizmetler\/\" \/>\n<meta property=\"og:locale\" content=\"en_US\" \/>\n<meta property=\"og:type\" content=\"article\" \/>\n<meta property=\"og:title\" content=\"Hizmetlerimiz - Bursa lazer epilasyon merkezi, bursa botoks, bursa alt\u0131n i\u011fne, bursa gen\u00e7lik a\u015f\u0131s\u0131\" \/>\n<meta property=\"og:description\" content=\"[vc_row][vc_column][\/vc_column][\/vc_row]\" \/>\n<meta property=\"og:url\" content=\"https:\/\/fizmerlazer.com\/hizmetler\/\" \/>\n<meta property=\"og:site_name\" content=\"Bursa lazer epilasyon merkezi, bursa botoks, bursa alt\u0131n i\u011fne, bursa gen\u00e7lik a\u015f\u0131s\u0131\" \/>\n<meta property=\"article:modified_time\" content=\"2023-02-25T19:35:36+00:00\" \/>\n<meta name=\"twitter:card\" content=\"summary_large_image\" \/>\n<meta name=\"twitter:label1\" content=\"Est. reading time\" \/>\n\t<meta name=\"twitter:data1\" content=\"1 minute\" \/>\n<script type=\"application\/ld+json\" class=\"yoast-schema-graph\">{\"@context\":\"https:\/\/schema.org\",\"@graph\":[{\"@type\":\"WebPage\",\"@id\":\"https:\/\/fizmerlazer.com\/hizmetler\/\",\"url\":\"https:\/\/fizmerlazer.com\/hizmetler\/\",\"name\":\"Hizmetlerimiz - Bursa lazer epilasyon merkezi, bursa botoks, bursa alt\u0131n i\u011fne, bursa gen\u00e7lik a\u015f\u0131s\u0131\",\"isPartOf\":{\"@id\":\"https:\/\/fizmerlazer.com\/#website\"},\"datePublished\":\"2023-02-24T19:17:05+00:00\",\"dateModified\":\"2023-02-25T19:35:36+00:00\",\"breadcrumb\":{\"@id\":\"https:\/\/fizmerlazer.com\/hizmetler\/#breadcrumb\"},\"inLanguage\":\"en-US\",\"potentialAction\":[{\"@type\":\"ReadAction\",\"target\":[\"https:\/\/fizmerlazer.com\/hizmetler\/\"]}]},{\"@type\":\"BreadcrumbList\",\"@id\":\"https:\/\/fizmerlazer.com\/hizmetler\/#breadcrumb\",\"itemListElement\":[{\"@type\":\"ListItem\",\"position\":1,\"name\":\"Anasayfa\",\"item\":\"https:\/\/fizmerlazer.com\/\"},{\"@type\":\"ListItem\",\"position\":2,\"name\":\"Hizmetlerimiz\"}]},{\"@type\":\"WebSite\",\"@id\":\"https:\/\/fizmerlazer.com\/#website\",\"url\":\"https:\/\/fizmerlazer.com\/\",\"name\":\"Bursa lazer epilasyon merkezi, bursa botoks, bursa alt\u0131n i\u011fne, bursa gen\u00e7lik a\u015f\u0131s\u0131\",\"description\":\"Bursa Lazer Epilasyon Merkezi\",\"potentialAction\":[{\"@type\":\"SearchAction\",\"target\":{\"@type\":\"EntryPoint\",\"urlTemplate\":\"https:\/\/fizmerlazer.com\/?s={search_term_string}\"},\"query-input\":{\"@type\":\"PropertyValueSpecification\",\"valueRequired\":true,\"valueName\":\"search_term_string\"}}],\"inLanguage\":\"en-US\"}]}<\/script>\n<!-- \/ Yoast SEO plugin. -->","yoast_head_json":{"title":"Hizmetlerimiz - Bursa lazer epilasyon merkezi, bursa botoks, bursa alt\u0131n i\u011fne, bursa gen\u00e7lik a\u015f\u0131s\u0131","robots":{"index":"index","follow":"follow","max-snippet":"max-snippet:-1","max-image-preview":"max-image-preview:large","max-video-preview":"max-video-preview:-1"},"canonical":"https:\/\/fizmerlazer.com\/hizmetler\/","og_locale":"en_US","og_type":"article","og_title":"Hizmetlerimiz - Bursa lazer epilasyon merkezi, bursa botoks, bursa alt\u0131n i\u011fne, bursa gen\u00e7lik a\u015f\u0131s\u0131","og_description":"[vc_row][vc_column][\/vc_column][\/vc_row]","og_url":"https:\/\/fizmerlazer.com\/hizmetler\/","og_site_name":"Bursa lazer epilasyon merkezi, bursa botoks, bursa alt\u0131n i\u011fne, bursa gen\u00e7lik a\u015f\u0131s\u0131","article_modified_time":"2023-02-25T19:35:36+00:00","twitter_card":"summary_large_image","twitter_misc":{"Est. reading time":"1 minute"},"schema":{"@context":"https:\/\/schema.org","@graph":[{"@type":"WebPage","@id":"https:\/\/fizmerlazer.com\/hizmetler\/","url":"https:\/\/fizmerlazer.com\/hizmetler\/","name":"Hizmetlerimiz - Bursa lazer epilasyon merkezi, bursa botoks, bursa alt\u0131n i\u011fne, bursa gen\u00e7lik a\u015f\u0131s\u0131","isPartOf":{"@id":"https:\/\/fizmerlazer.com\/#website"},"datePublished":"2023-02-24T19:17:05+00:00","dateModified":"2023-02-25T19:35:36+00:00","breadcrumb":{"@id":"https:\/\/fizmerlazer.com\/hizmetler\/#breadcrumb"},"inLanguage":"en-US","potentialAction":[{"@type":"ReadAction","target":["https:\/\/fizmerlazer.com\/hizmetler\/"]}]},{"@type":"BreadcrumbList","@id":"https:\/\/fizmerlazer.com\/hizmetler\/#breadcrumb","itemListElement":[{"@type":"ListItem","position":1,"name":"Anasayfa","item":"https:\/\/fizmerlazer.com\/"},{"@type":"ListItem","position":2,"name":"Hizmetlerimiz"}]},{"@type":"WebSite","@id":"https:\/\/fizmerlazer.com\/#website","url":"https:\/\/fizmerlazer.com\/","name":"Bursa lazer epilasyon merkezi, bursa botoks, bursa alt\u0131n i\u011fne, bursa gen\u00e7lik a\u015f\u0131s\u0131","description":"Bursa Lazer Epilasyon Merkezi","potentialAction":[{"@type":"SearchAction","target":{"@type":"EntryPoint","urlTemplate":"https:\/\/fizmerlazer.com\/?s={search_term_string}"},"query-input":{"@type":"PropertyValueSpecification","valueRequired":true,"valueName":"search_term_string"}}],"inLanguage":"en-US"}]}},"_links":{"self":[{"href":"https:\/\/fizmerlazer.com\/en\/wp-json\/wp\/v2\/pages\/935","targetHints":{"allow":["GET"]}}],"collection":[{"href":"https:\/\/fizmerlazer.com\/en\/wp-json\/wp\/v2\/pages"}],"about":[{"href":"https:\/\/fizmerlazer.com\/en\/wp-json\/wp\/v2\/types\/page"}],"author":[{"embeddable":true,"href":"https:\/\/fizmerlazer.com\/en\/wp-json\/wp\/v2\/users\/1"}],"replies":[{"embeddable":true,"href":"https:\/\/fizmerlazer.com\/en\/wp-json\/wp\/v2\/comments?post=935"}],"version-history":[{"count":0,"href":"https:\/\/fizmerlazer.com\/en\/wp-json\/wp\/v2\/pages\/935\/revisions"}],"wp:attachment":[{"href":"https:\/\/fizmerlazer.com\/en\/wp-json\/wp\/v2\/media?parent=935"}],"curies":[{"name":"wp","href":"https:\/\/api.w.org\/{rel}","templated":true}]}}