{"id":943,"date":"2023-02-24T22:39:09","date_gmt":"2023-02-24T19:39:09","guid":{"rendered":"https:\/\/www.fizmer.com\/?page_id=943"},"modified":"2025-02-21T14:01:06","modified_gmt":"2025-02-21T11:01:06","slug":"altinigne-secret-radyofrekans","status":"publish","type":"page","link":"https:\/\/fizmerlazer.com\/en\/hizmetler\/cilt-genclestirme-tedavileri\/altinigne-secret-radyofrekans\/","title":{"rendered":"ALTINI\u0307\u011eNE &#8211; SECRET &#8211; RADIOFREQUENCY"},"content":{"rendered":"<p>[vc_row][vc_column width=&#8221;1\/2&#8243;][vc_column_text]Fractional Needle Bipolar Radiofrequency<\/p>\n<p>Fractional needle bipolar radiofrequency devices provide dermal coagulation with the heat effect of the radiofrequency generated in the insulated needle tips while making small holes in the epidermis with the micro needles at the ends. Only the tip 0.3 mm of the needles are not insulated. In this way, heat is generated only at the tip, that is, in the dermis. In this way, the epidermis, the upper surface of the skin, is protected.<\/p>\n<p>Fractional needle bipolar radiofrequency devices increase collagen and elastic tissue in the dermis without damaging the epidermis. Thus, it helps to reduce wrinkles, long-term tightening of the skin and reduction of scars. The pain is felt less in devices where the needles enter the epidermis sequentially rather than simultaneously. An anaesthetic cream is applied before the application to reduce the pain. The length of the needles varies between 0.5 and 3.5 mm depending on the depth to be descended.<\/p>\n<p>The redness and swelling that will occur after the application lasts between 2-4 days depending on the energy applied. Since there is no crusting as in fractional lasers, the person can easily continue his\/her social life. It is possible to apply in every season. It is also easily applied to dark-skinned people.<\/p>\n<p>It is applied between 2-4 sessions with 15 days or 1 month intervals depending on the condition to be treated. Positive effects begin to be observed approximately one month after the application. Skin firmness increases, facial oval is recovered, wrinkles are reduced, brightness is increased, and spots are reduced. Positive results are also obtained in applications for stretch marks, acne and surgical scars. Fractional needle bipolar radiofrequency also causes shrinkage in the sebaceous glands, thereby reducing skin oiliness and reducing pores and acne.<\/p>\n<p>Things to Know Before Application<\/p>\n<p>&#8211; If you have herpes infection (herpes) from time to time, this application may trigger herpes. Therefore, you should get advice from your doctor before the application.<br \/>\n&#8211; If you have acne (acne) problem, your acne may increase in the first 1 week due to oedema after the application. A suitable antibiotic should be started to prevent this.<br \/>\n&#8211; Depending on the severity of the treatment applied and the sensitivity of the skin, redness and oedema may last between 2-4 days after the application.<\/p>\n<p>Things to Know After Application<\/p>\n<p>&#8211; There should be no water contact with the treated area for the first 24 hours after the application. On the 2nd day, it can be contacted with water, but the water should not be hot.<br \/>\n&#8211; After the application, a cream that will support and moisturise the skin well should be used.<br \/>\n&#8211; Sunscreen must be used after the application.<\/p>\n<p>Who Cannot Be Applied or Risky?<\/p>\n<p>&#8211; It cannot be applied to people with suspected pregnancy and pregnant women.<br \/>\n&#8211; Cancer patients, people receiving radio therapy and chemotherapy cannot be applied.<br \/>\n&#8211; Patients with a pacemaker cannot be applied.<br \/>\n&#8211; Epilepsy (epilepsy) patients cannot be applied.<br \/>\n&#8211; In cases of acute infection, the application cannot be performed.[\/vc_column_text][\/vc_column][vc_column width=&#8221;1\/2&#8243;][vc_column_text]<img decoding=\"async\" class=\"alignnone wp-image-944 size-full\" src=\"https:\/\/www.fizmer.com\/wp-content\/uploads\/2023\/02\/4fe0ddba-7a7b-4ff7-a7bc-0aa07fe96824_large.jpg\" alt=\"ALTIN\u0130\u011eNE - SECRET - RADYOFREKANS\" width=\"600\" height=\"399\" srcset=\"https:\/\/fizmerlazer.com\/wp-content\/uploads\/2023\/02\/4fe0ddba-7a7b-4ff7-a7bc-0aa07fe96824_large.jpg 600w, https:\/\/fizmerlazer.com\/wp-content\/uploads\/2023\/02\/4fe0ddba-7a7b-4ff7-a7bc-0aa07fe96824_large-300x200.jpg 300w\" sizes=\"(max-width: 600px) 100vw, 600px\" \/>[\/vc_column_text][vc_button title=&#8221;Contact us for detailed information&#8221; color=&#8221;primary&#8221; size=&#8221;large&#8221; position=&#8221;center&#8221; link=&#8221;url:http%3A%2F%2Fwww.fizmer.com%2Filetisim%2F|||&#8221; el_class=&#8221;bilgi&#8221;][\/vc_column][\/vc_row]<\/p>","protected":false},"excerpt":{"rendered":"<p>[vc_row][vc_column width=&#8221;1\/2&#8243;][vc_column_text]Fractional Needle Bipolar Radiofrequency Fractional needle bipolar radiofrequency devices provide dermal coagulation with the heat effect of the radiofrequency generated &#8230;<\/p>\n","protected":false},"author":1,"featured_media":954,"parent":928,"menu_order":0,"comment_status":"closed","ping_status":"closed","template":"","meta":{"footnotes":""},"class_list":["post-943","page","type-page","status-publish","has-post-thumbnail","hentry"],"yoast_head":"<!-- This site is optimized with the Yoast SEO plugin v24.5 - https:\/\/yoast.com\/wordpress\/plugins\/seo\/ -->\n<title>ALTINI\u0307\u011eNE - SECRET - RADIOFREQUENCY - Bursa lazer epilasyon merkezi, bursa botoks, bursa alt\u0131n i\u011fne, bursa gen\u00e7lik a\u015f\u0131s\u0131<\/title>\n<meta name=\"description\" content=\"CO2 Fraksiyonel Lazer\" \/>\n<meta name=\"robots\" content=\"index, follow, max-snippet:-1, max-image-preview:large, max-video-preview:-1\" \/>\n<link rel=\"canonical\" href=\"https:\/\/fizmerlazer.com\/hizmetler\/cilt-genclestirme-tedavileri\/altinigne-secret-radyofrekans\/\" \/>\n<meta property=\"og:locale\" content=\"en_US\" \/>\n<meta property=\"og:type\" content=\"article\" \/>\n<meta property=\"og:title\" content=\"[:tr]ALTIN\u0130\u011eNE - FRAX\u0130SDUO- M\u0130KRO\u0130\u011eNEL\u0130 RADYOFREKANS[:en]ALTINI\u0307\u011eNE - SECRET - RADIOFREQUENCY[:] - Bursa lazer epilasyon merkezi, bursa botoks, bursa alt\u0131n i\u011fne, bursa gen\u00e7lik a\u015f\u0131s\u0131\" \/>\n<meta property=\"og:description\" content=\"CO2 Fraksiyonel Lazer\" \/>\n<meta property=\"og:url\" content=\"https:\/\/fizmerlazer.com\/hizmetler\/cilt-genclestirme-tedavileri\/altinigne-secret-radyofrekans\/\" \/>\n<meta property=\"og:site_name\" content=\"Bursa lazer epilasyon merkezi, bursa botoks, bursa alt\u0131n i\u011fne, bursa gen\u00e7lik a\u015f\u0131s\u0131\" \/>\n<meta property=\"article:modified_time\" content=\"2025-02-21T11:01:06+00:00\" \/>\n<meta property=\"og:image\" content=\"https:\/\/fizmerlazer.com\/wp-content\/uploads\/2023\/02\/altin_igne.jpg\" \/>\n\t<meta property=\"og:image:width\" content=\"512\" \/>\n\t<meta property=\"og:image:height\" content=\"477\" \/>\n\t<meta property=\"og:image:type\" content=\"image\/jpeg\" \/>\n<meta name=\"twitter:card\" content=\"summary_large_image\" \/>\n<meta name=\"twitter:label1\" content=\"Est. reading time\" \/>\n\t<meta name=\"twitter:data1\" content=\"3 minutes\" \/>\n<script type=\"application\/ld+json\" class=\"yoast-schema-graph\">{\"@context\":\"https:\/\/schema.org\",\"@graph\":[{\"@type\":\"WebPage\",\"@id\":\"https:\/\/fizmerlazer.com\/hizmetler\/cilt-genclestirme-tedavileri\/altinigne-secret-radyofrekans\/\",\"url\":\"https:\/\/fizmerlazer.com\/hizmetler\/cilt-genclestirme-tedavileri\/altinigne-secret-radyofrekans\/\",\"name\":\"[:tr]ALTIN\u0130\u011eNE - FRAX\u0130SDUO- M\u0130KRO\u0130\u011eNEL\u0130 RADYOFREKANS[:en]ALTINI\u0307\u011eNE - SECRET - RADIOFREQUENCY[:] - Bursa lazer epilasyon merkezi, bursa botoks, bursa alt\u0131n i\u011fne, bursa gen\u00e7lik a\u015f\u0131s\u0131\",\"isPartOf\":{\"@id\":\"https:\/\/fizmerlazer.com\/#website\"},\"primaryImageOfPage\":{\"@id\":\"https:\/\/fizmerlazer.com\/hizmetler\/cilt-genclestirme-tedavileri\/altinigne-secret-radyofrekans\/#primaryimage\"},\"image\":{\"@id\":\"https:\/\/fizmerlazer.com\/hizmetler\/cilt-genclestirme-tedavileri\/altinigne-secret-radyofrekans\/#primaryimage\"},\"thumbnailUrl\":\"https:\/\/fizmerlazer.com\/wp-content\/uploads\/2023\/02\/altin_igne.jpg\",\"datePublished\":\"2023-02-24T19:39:09+00:00\",\"dateModified\":\"2025-02-21T11:01:06+00:00\",\"description\":\"CO2 Fraksiyonel Lazer\",\"breadcrumb\":{\"@id\":\"https:\/\/fizmerlazer.com\/hizmetler\/cilt-genclestirme-tedavileri\/altinigne-secret-radyofrekans\/#breadcrumb\"},\"inLanguage\":\"en-US\",\"potentialAction\":[{\"@type\":\"ReadAction\",\"target\":[\"https:\/\/fizmerlazer.com\/hizmetler\/cilt-genclestirme-tedavileri\/altinigne-secret-radyofrekans\/\"]}]},{\"@type\":\"ImageObject\",\"inLanguage\":\"en-US\",\"@id\":\"https:\/\/fizmerlazer.com\/hizmetler\/cilt-genclestirme-tedavileri\/altinigne-secret-radyofrekans\/#primaryimage\",\"url\":\"https:\/\/fizmerlazer.com\/wp-content\/uploads\/2023\/02\/altin_igne.jpg\",\"contentUrl\":\"https:\/\/fizmerlazer.com\/wp-content\/uploads\/2023\/02\/altin_igne.jpg\",\"width\":512,\"height\":477},{\"@type\":\"BreadcrumbList\",\"@id\":\"https:\/\/fizmerlazer.com\/hizmetler\/cilt-genclestirme-tedavileri\/altinigne-secret-radyofrekans\/#breadcrumb\",\"itemListElement\":[{\"@type\":\"ListItem\",\"position\":1,\"name\":\"Anasayfa\",\"item\":\"https:\/\/fizmerlazer.com\/\"},{\"@type\":\"ListItem\",\"position\":2,\"name\":\"Hizmetlerimiz\",\"item\":\"https:\/\/fizmerlazer.com\/hizmetler\/\"},{\"@type\":\"ListItem\",\"position\":3,\"name\":\"Cilt Gen\u00e7le\u015ftirme Tedavileri\",\"item\":\"https:\/\/fizmerlazer.com\/hizmetler\/cilt-genclestirme-tedavileri\/\"},{\"@type\":\"ListItem\",\"position\":4,\"name\":\"ALTIN\u0130\u011eNE &#8211; FRAX\u0130SDUO- M\u0130KRO\u0130\u011eNEL\u0130 RADYOFREKANS\"}]},{\"@type\":\"WebSite\",\"@id\":\"https:\/\/fizmerlazer.com\/#website\",\"url\":\"https:\/\/fizmerlazer.com\/\",\"name\":\"Bursa lazer epilasyon merkezi, bursa botoks, bursa alt\u0131n i\u011fne, bursa gen\u00e7lik a\u015f\u0131s\u0131\",\"description\":\"Bursa Lazer Epilasyon Merkezi\",\"potentialAction\":[{\"@type\":\"SearchAction\",\"target\":{\"@type\":\"EntryPoint\",\"urlTemplate\":\"https:\/\/fizmerlazer.com\/?s={search_term_string}\"},\"query-input\":{\"@type\":\"PropertyValueSpecification\",\"valueRequired\":true,\"valueName\":\"search_term_string\"}}],\"inLanguage\":\"en-US\"}]}<\/script>\n<!-- \/ Yoast SEO plugin. -->","yoast_head_json":{"title":"[:tr]ALTIN\u0130\u011eNE - FRAX\u0130SDUO- M\u0130KRO\u0130\u011eNEL\u0130 RADYOFREKANS[:en]ALTINI\u0307\u011eNE - SECRET - RADIOFREQUENCY[:] - Bursa lazer epilasyon merkezi, bursa botoks, bursa alt\u0131n i\u011fne, bursa gen\u00e7lik a\u015f\u0131s\u0131","description":"CO2 Fraksiyonel Lazer","robots":{"index":"index","follow":"follow","max-snippet":"max-snippet:-1","max-image-preview":"max-image-preview:large","max-video-preview":"max-video-preview:-1"},"canonical":"https:\/\/fizmerlazer.com\/hizmetler\/cilt-genclestirme-tedavileri\/altinigne-secret-radyofrekans\/","og_locale":"en_US","og_type":"article","og_title":"[:tr]ALTIN\u0130\u011eNE - FRAX\u0130SDUO- M\u0130KRO\u0130\u011eNEL\u0130 RADYOFREKANS[:en]ALTINI\u0307\u011eNE - SECRET - RADIOFREQUENCY[:] - Bursa lazer epilasyon merkezi, bursa botoks, bursa alt\u0131n i\u011fne, bursa gen\u00e7lik a\u015f\u0131s\u0131","og_description":"CO2 Fraksiyonel Lazer","og_url":"https:\/\/fizmerlazer.com\/hizmetler\/cilt-genclestirme-tedavileri\/altinigne-secret-radyofrekans\/","og_site_name":"Bursa lazer epilasyon merkezi, bursa botoks, bursa alt\u0131n i\u011fne, bursa gen\u00e7lik a\u015f\u0131s\u0131","article_modified_time":"2025-02-21T11:01:06+00:00","og_image":[{"width":512,"height":477,"url":"https:\/\/fizmerlazer.com\/wp-content\/uploads\/2023\/02\/altin_igne.jpg","type":"image\/jpeg"}],"twitter_card":"summary_large_image","twitter_misc":{"Est. reading time":"3 minutes"},"schema":{"@context":"https:\/\/schema.org","@graph":[{"@type":"WebPage","@id":"https:\/\/fizmerlazer.com\/hizmetler\/cilt-genclestirme-tedavileri\/altinigne-secret-radyofrekans\/","url":"https:\/\/fizmerlazer.com\/hizmetler\/cilt-genclestirme-tedavileri\/altinigne-secret-radyofrekans\/","name":"[:tr]ALTIN\u0130\u011eNE - FRAX\u0130SDUO- M\u0130KRO\u0130\u011eNEL\u0130 RADYOFREKANS[:en]ALTINI\u0307\u011eNE - SECRET - RADIOFREQUENCY[:] - Bursa lazer epilasyon merkezi, bursa botoks, bursa alt\u0131n i\u011fne, bursa gen\u00e7lik a\u015f\u0131s\u0131","isPartOf":{"@id":"https:\/\/fizmerlazer.com\/#website"},"primaryImageOfPage":{"@id":"https:\/\/fizmerlazer.com\/hizmetler\/cilt-genclestirme-tedavileri\/altinigne-secret-radyofrekans\/#primaryimage"},"image":{"@id":"https:\/\/fizmerlazer.com\/hizmetler\/cilt-genclestirme-tedavileri\/altinigne-secret-radyofrekans\/#primaryimage"},"thumbnailUrl":"https:\/\/fizmerlazer.com\/wp-content\/uploads\/2023\/02\/altin_igne.jpg","datePublished":"2023-02-24T19:39:09+00:00","dateModified":"2025-02-21T11:01:06+00:00","description":"CO2 Fraksiyonel Lazer","breadcrumb":{"@id":"https:\/\/fizmerlazer.com\/hizmetler\/cilt-genclestirme-tedavileri\/altinigne-secret-radyofrekans\/#breadcrumb"},"inLanguage":"en-US","potentialAction":[{"@type":"ReadAction","target":["https:\/\/fizmerlazer.com\/hizmetler\/cilt-genclestirme-tedavileri\/altinigne-secret-radyofrekans\/"]}]},{"@type":"ImageObject","inLanguage":"en-US","@id":"https:\/\/fizmerlazer.com\/hizmetler\/cilt-genclestirme-tedavileri\/altinigne-secret-radyofrekans\/#primaryimage","url":"https:\/\/fizmerlazer.com\/wp-content\/uploads\/2023\/02\/altin_igne.jpg","contentUrl":"https:\/\/fizmerlazer.com\/wp-content\/uploads\/2023\/02\/altin_igne.jpg","width":512,"height":477},{"@type":"BreadcrumbList","@id":"https:\/\/fizmerlazer.com\/hizmetler\/cilt-genclestirme-tedavileri\/altinigne-secret-radyofrekans\/#breadcrumb","itemListElement":[{"@type":"ListItem","position":1,"name":"Anasayfa","item":"https:\/\/fizmerlazer.com\/"},{"@type":"ListItem","position":2,"name":"Hizmetlerimiz","item":"https:\/\/fizmerlazer.com\/hizmetler\/"},{"@type":"ListItem","position":3,"name":"Cilt Gen\u00e7le\u015ftirme Tedavileri","item":"https:\/\/fizmerlazer.com\/hizmetler\/cilt-genclestirme-tedavileri\/"},{"@type":"ListItem","position":4,"name":"ALTIN\u0130\u011eNE &#8211; FRAX\u0130SDUO- M\u0130KRO\u0130\u011eNEL\u0130 RADYOFREKANS"}]},{"@type":"WebSite","@id":"https:\/\/fizmerlazer.com\/#website","url":"https:\/\/fizmerlazer.com\/","name":"Bursa lazer epilasyon merkezi, bursa botoks, bursa alt\u0131n i\u011fne, bursa gen\u00e7lik a\u015f\u0131s\u0131","description":"Bursa Lazer Epilasyon Merkezi","potentialAction":[{"@type":"SearchAction","target":{"@type":"EntryPoint","urlTemplate":"https:\/\/fizmerlazer.com\/?s={search_term_string}"},"query-input":{"@type":"PropertyValueSpecification","valueRequired":true,"valueName":"search_term_string"}}],"inLanguage":"en-US"}]}},"_links":{"self":[{"href":"https:\/\/fizmerlazer.com\/en\/wp-json\/wp\/v2\/pages\/943","targetHints":{"allow":["GET"]}}],"collection":[{"href":"https:\/\/fizmerlazer.com\/en\/wp-json\/wp\/v2\/pages"}],"about":[{"href":"https:\/\/fizmerlazer.com\/en\/wp-json\/wp\/v2\/types\/page"}],"author":[{"embeddable":true,"href":"https:\/\/fizmerlazer.com\/en\/wp-json\/wp\/v2\/users\/1"}],"replies":[{"embeddable":true,"href":"https:\/\/fizmerlazer.com\/en\/wp-json\/wp\/v2\/comments?post=943"}],"version-history":[{"count":0,"href":"https:\/\/fizmerlazer.com\/en\/wp-json\/wp\/v2\/pages\/943\/revisions"}],"up":[{"embeddable":true,"href":"https:\/\/fizmerlazer.com\/en\/wp-json\/wp\/v2\/pages\/928"}],"wp:featuredmedia":[{"embeddable":true,"href":"https:\/\/fizmerlazer.com\/en\/wp-json\/wp\/v2\/media\/954"}],"wp:attachment":[{"href":"https:\/\/fizmerlazer.com\/en\/wp-json\/wp\/v2\/media?parent=943"}],"curies":[{"name":"wp","href":"https:\/\/api.w.org\/{rel}","templated":true}]}}